{"id":13276,"date":"2023-01-20T11:56:53","date_gmt":"2023-01-20T10:56:53","guid":{"rendered":"https:\/\/www.semlex.com\/solutions\/biometrie\/"},"modified":"2023-01-31T13:27:18","modified_gmt":"2023-01-31T12:27:18","slug":"biometria","status":"publish","type":"page","link":"https:\/\/www.semlex.com\/pt-pt\/solucoes\/biometria\/","title":{"rendered":"Biometria"},"content":{"rendered":"\t\r\n\r\n<section class=\"biometrie_section header_top\">\r\n\t<div class=\"intro_header\">\r\n\t\t\t<h2>Biometria<\/h2>\r\n\t\t\t<h5 class=\"subtitle\">Base da nossa tecnologia, a biometria garante a unicidade das identidades <\/h5>\r\n\t\t\t<div class=\"introduction\"><p>A nossa solu\u00e7\u00e3o <strong>adapta-se a qualquer tipo de tecnologia<\/strong> gra\u00e7as aos nossos engenheiros que se esfor\u00e7am em procurar constantemente os melhores sistemas globais para os nossos clientes.<\/p>\n <\/div>\r\n\r\n\t\t\t<video class=\"video_bg\" autoplay muted loop playsinline ?>&#8220;>\r\n\t\t\t\t<source src=\"https:\/\/www.semlex.com\/wp-content\/themes\/deligraph_semlex\/resources\/video\/04_Solutions_biometrie_LDopt.mp4\" type=\"video\/mp4\">\r\n\t\t\t\tYour browser does not support the video tag.\r\n\t\t\t<\/video>\r\n\t<\/div>\r\n\r\n\t<section class=\"approach_section\">\r\n\r\n\r\n\t\t<h3>As vantagens da biometria<\/h3>\r\n\r\n\t\t<div class=\"approach_grid\">\r\n\t\t\t\t\t\t\t<div class=\"approach\">\r\n\t\t\t\t\t<div class=\"icon\">\r\n\t\t\t\t\t\t<img decoding=\"async\" src=\"https:\/\/www.semlex.com\/wp-content\/uploads\/2023\/01\/biometrie_auth.svg\" alt=\"\">\r\n\t\t\t\t\t<\/div>\r\n\t\t\t\t\t\t<p><p>Os documentos s\u00e3o <strong>protegidos<\/strong> pela utiliza\u00e7\u00e3o da biometria que permite <strong>autenticar<\/strong> qualquer tipo de documento, independentemente do suporte<\/p>\n<\/p>\r\n\t\t\t\t<\/div>\r\n\t\t\t\t\t\t\t<div class=\"approach\">\r\n\t\t\t\t\t<div class=\"icon\">\r\n\t\t\t\t\t\t<img decoding=\"async\" src=\"https:\/\/www.semlex.com\/wp-content\/uploads\/2023\/01\/biometrie_verified.svg\" alt=\"\">\r\n\t\t\t\t\t<\/div>\r\n\t\t\t\t\t\t<p><p>A utiliza\u00e7\u00e3o da biometria nos documentos <strong>garante<\/strong> que a pessoa corresponde a quem faz o pedido<\/p>\n<\/p>\r\n\t\t\t\t<\/div>\r\n\t\t\t\t\t<\/div>\r\n\r\n\r\n\r\n\r\n\r\n\t<\/section>\r\n\r\n\t<div class=\"advantages_section\">\r\n\r\n\t\t<h3>A identifica\u00e7\u00e3o biom\u00e9trica tornou-se incontorn\u00e1vel:<\/h3>\r\n\t\t<div class=\"advantages_grid\">\r\n\t\t\t\t\t\t\t<div class=\"advantage\">\r\n\t\t\t\t\t<div class=\"icon\">\r\n\t\t\t\t\t\t<img decoding=\"async\" src=\"https:\/\/www.semlex.com\/wp-content\/uploads\/2023\/01\/biometrie_fraude-1.svg\" alt=\"https:\/\/www.semlex.com\/wp-content\/uploads\/2023\/01\/biometrie_fraude-1.svg\">\r\n\t\t\t\t\t<\/div>\r\n\t\t\t\t\t\t<h4>Fraude na identidade generalizada<\/h4>\r\n\t\t\t\t\t\t<p><\/p>\r\n\t\t\t\t<\/div>\r\n\t\t\t\t\t\t\t<div class=\"advantage\">\r\n\t\t\t\t\t<div class=\"icon\">\r\n\t\t\t\t\t\t<img decoding=\"async\" src=\"https:\/\/www.semlex.com\/wp-content\/uploads\/2023\/01\/biometrie_international-1.svg\" alt=\"https:\/\/www.semlex.com\/wp-content\/uploads\/2023\/01\/biometrie_international-1.svg\">\r\n\t\t\t\t\t<\/div>\r\n\t\t\t\t\t\t<h4>Exig\u00eancias internacionais<\/h4>\r\n\t\t\t\t\t\t<p><\/p>\r\n\t\t\t\t<\/div>\r\n\t\t\t\t\t\t\t<div class=\"advantage\">\r\n\t\t\t\t\t<div class=\"icon\">\r\n\t\t\t\t\t\t<img decoding=\"async\" src=\"https:\/\/www.semlex.com\/wp-content\/uploads\/2023\/01\/biometrie_migration-1.svg\" alt=\"https:\/\/www.semlex.com\/wp-content\/uploads\/2023\/01\/biometrie_migration-1.svg\">\r\n\t\t\t\t\t<\/div>\r\n\t\t\t\t\t\t<h4>Urbaniza\u00e7\u00e3o &#038; migra\u00e7\u00e3o incontroladas<\/h4>\r\n\t\t\t\t\t\t<p><\/p>\r\n\t\t\t\t<\/div>\r\n\t\t\t\t\t\t\t<div class=\"advantage\">\r\n\t\t\t\t\t<div class=\"icon\">\r\n\t\t\t\t\t\t<img decoding=\"async\" src=\"https:\/\/www.semlex.com\/wp-content\/uploads\/2023\/01\/biometrie_electoral-1.svg\" alt=\"https:\/\/www.semlex.com\/wp-content\/uploads\/2023\/01\/biometrie_electoral-1.svg\">\r\n\t\t\t\t\t<\/div>\r\n\t\t\t\t\t\t<h4>Sistema eleitoral fi\u00e1vel e est\u00e1vel<\/h4>\r\n\t\t\t\t\t\t<p><\/p>\r\n\t\t\t\t<\/div>\r\n\t\t\t\t\t<\/div>\r\n\t<\/div>\r\n<\/section>\r\n\r\n","protected":false},"excerpt":{"rendered":"<p>A biometria garante a unicidade das identidades.<\/p>\n","protected":false},"author":4,"featured_media":0,"parent":12878,"menu_order":0,"comment_status":"closed","ping_status":"closed","template":"template-solutions.php","meta":{"_acf_changed":false,"footnotes":""},"class_list":["post-13276","page","type-page","status-publish","hentry"],"acf":[],"yoast_head":"<!-- This site is optimized with the Yoast SEO plugin v25.5 - https:\/\/yoast.com\/wordpress\/plugins\/seo\/ -->\n<title>Biometria - Semlex<\/title>\n<meta name=\"description\" content=\"A nossa solu\u00e7\u00e3o permite adaptar-se a qualquer tipo de tecnologia gra\u00e7as aos nossos engenheiros que se esfor\u00e7am em procurar constantemente os melhores sistemas globais para os nossos clientes.\" \/>\n<meta name=\"robots\" content=\"index, follow, max-snippet:-1, max-image-preview:large, max-video-preview:-1\" \/>\n<link rel=\"canonical\" href=\"https:\/\/www.semlex.com\/pt-pt\/solucoes\/biometria\/\" \/>\n<meta property=\"og:locale\" content=\"pt_PT\" \/>\n<meta property=\"og:type\" content=\"article\" \/>\n<meta property=\"og:title\" content=\"Biometria - Semlex\" \/>\n<meta property=\"og:description\" content=\"A nossa solu\u00e7\u00e3o permite adaptar-se a qualquer tipo de tecnologia gra\u00e7as aos nossos engenheiros que se esfor\u00e7am em procurar constantemente os melhores sistemas globais para os nossos clientes.\" \/>\n<meta property=\"og:url\" content=\"https:\/\/www.semlex.com\/pt-pt\/solucoes\/biometria\/\" \/>\n<meta property=\"og:site_name\" content=\"Semlex\" \/>\n<meta property=\"article:publisher\" content=\"https:\/\/www.facebook.com\/semlexgroup\" \/>\n<meta property=\"article:modified_time\" content=\"2023-01-31T12:27:18+00:00\" \/>\n<meta name=\"twitter:card\" content=\"summary_large_image\" \/>\n<script type=\"application\/ld+json\" class=\"yoast-schema-graph\">{\"@context\":\"https:\/\/schema.org\",\"@graph\":[{\"@type\":\"WebPage\",\"@id\":\"https:\/\/www.semlex.com\/pt-pt\/solucoes\/biometria\/\",\"url\":\"https:\/\/www.semlex.com\/pt-pt\/solucoes\/biometria\/\",\"name\":\"Biometria - Semlex\",\"isPartOf\":{\"@id\":\"https:\/\/www.semlex.com\/#website\"},\"datePublished\":\"2023-01-20T10:56:53+00:00\",\"dateModified\":\"2023-01-31T12:27:18+00:00\",\"description\":\"A nossa solu\u00e7\u00e3o permite adaptar-se a qualquer tipo de tecnologia gra\u00e7as aos nossos engenheiros que se esfor\u00e7am em procurar constantemente os melhores sistemas globais para os nossos clientes.\",\"breadcrumb\":{\"@id\":\"https:\/\/www.semlex.com\/pt-pt\/solucoes\/biometria\/#breadcrumb\"},\"inLanguage\":\"pt-PT\",\"potentialAction\":[{\"@type\":\"ReadAction\",\"target\":[\"https:\/\/www.semlex.com\/pt-pt\/solucoes\/biometria\/\"]}]},{\"@type\":\"BreadcrumbList\",\"@id\":\"https:\/\/www.semlex.com\/pt-pt\/solucoes\/biometria\/#breadcrumb\",\"itemListElement\":[{\"@type\":\"ListItem\",\"position\":1,\"name\":\"Home\",\"item\":\"https:\/\/www.semlex.com\/pt-pt\/\"},{\"@type\":\"ListItem\",\"position\":2,\"name\":\"Solu\u00e7\u00f5es\",\"item\":\"https:\/\/www.semlex.com\/pt-pt\/solucoes\/\"},{\"@type\":\"ListItem\",\"position\":3,\"name\":\"Biometria\"}]},{\"@type\":\"WebSite\",\"@id\":\"https:\/\/www.semlex.com\/#website\",\"url\":\"https:\/\/www.semlex.com\/\",\"name\":\"Semlex\",\"description\":\"For a secure world\",\"publisher\":{\"@id\":\"https:\/\/www.semlex.com\/#organization\"},\"potentialAction\":[{\"@type\":\"SearchAction\",\"target\":{\"@type\":\"EntryPoint\",\"urlTemplate\":\"https:\/\/www.semlex.com\/?s={search_term_string}\"},\"query-input\":{\"@type\":\"PropertyValueSpecification\",\"valueRequired\":true,\"valueName\":\"search_term_string\"}}],\"inLanguage\":\"pt-PT\"},{\"@type\":\"Organization\",\"@id\":\"https:\/\/www.semlex.com\/#organization\",\"name\":\"Semlex\",\"url\":\"https:\/\/www.semlex.com\/\",\"logo\":{\"@type\":\"ImageObject\",\"inLanguage\":\"pt-PT\",\"@id\":\"https:\/\/www.semlex.com\/#\/schema\/logo\/image\/\",\"url\":\"https:\/\/www.semlex.com\/wp-content\/uploads\/2022\/12\/logo_semlex.svg\",\"contentUrl\":\"https:\/\/www.semlex.com\/wp-content\/uploads\/2022\/12\/logo_semlex.svg\",\"caption\":\"Semlex\"},\"image\":{\"@id\":\"https:\/\/www.semlex.com\/#\/schema\/logo\/image\/\"},\"sameAs\":[\"https:\/\/www.facebook.com\/semlexgroup\"]}]}<\/script>\n<!-- \/ Yoast SEO plugin. -->","yoast_head_json":{"title":"Biometria - Semlex","description":"A nossa solu\u00e7\u00e3o permite adaptar-se a qualquer tipo de tecnologia gra\u00e7as aos nossos engenheiros que se esfor\u00e7am em procurar constantemente os melhores sistemas globais para os nossos clientes.","robots":{"index":"index","follow":"follow","max-snippet":"max-snippet:-1","max-image-preview":"max-image-preview:large","max-video-preview":"max-video-preview:-1"},"canonical":"https:\/\/www.semlex.com\/pt-pt\/solucoes\/biometria\/","og_locale":"pt_PT","og_type":"article","og_title":"Biometria - Semlex","og_description":"A nossa solu\u00e7\u00e3o permite adaptar-se a qualquer tipo de tecnologia gra\u00e7as aos nossos engenheiros que se esfor\u00e7am em procurar constantemente os melhores sistemas globais para os nossos clientes.","og_url":"https:\/\/www.semlex.com\/pt-pt\/solucoes\/biometria\/","og_site_name":"Semlex","article_publisher":"https:\/\/www.facebook.com\/semlexgroup","article_modified_time":"2023-01-31T12:27:18+00:00","twitter_card":"summary_large_image","schema":{"@context":"https:\/\/schema.org","@graph":[{"@type":"WebPage","@id":"https:\/\/www.semlex.com\/pt-pt\/solucoes\/biometria\/","url":"https:\/\/www.semlex.com\/pt-pt\/solucoes\/biometria\/","name":"Biometria - Semlex","isPartOf":{"@id":"https:\/\/www.semlex.com\/#website"},"datePublished":"2023-01-20T10:56:53+00:00","dateModified":"2023-01-31T12:27:18+00:00","description":"A nossa solu\u00e7\u00e3o permite adaptar-se a qualquer tipo de tecnologia gra\u00e7as aos nossos engenheiros que se esfor\u00e7am em procurar constantemente os melhores sistemas globais para os nossos clientes.","breadcrumb":{"@id":"https:\/\/www.semlex.com\/pt-pt\/solucoes\/biometria\/#breadcrumb"},"inLanguage":"pt-PT","potentialAction":[{"@type":"ReadAction","target":["https:\/\/www.semlex.com\/pt-pt\/solucoes\/biometria\/"]}]},{"@type":"BreadcrumbList","@id":"https:\/\/www.semlex.com\/pt-pt\/solucoes\/biometria\/#breadcrumb","itemListElement":[{"@type":"ListItem","position":1,"name":"Home","item":"https:\/\/www.semlex.com\/pt-pt\/"},{"@type":"ListItem","position":2,"name":"Solu\u00e7\u00f5es","item":"https:\/\/www.semlex.com\/pt-pt\/solucoes\/"},{"@type":"ListItem","position":3,"name":"Biometria"}]},{"@type":"WebSite","@id":"https:\/\/www.semlex.com\/#website","url":"https:\/\/www.semlex.com\/","name":"Semlex","description":"For a secure world","publisher":{"@id":"https:\/\/www.semlex.com\/#organization"},"potentialAction":[{"@type":"SearchAction","target":{"@type":"EntryPoint","urlTemplate":"https:\/\/www.semlex.com\/?s={search_term_string}"},"query-input":{"@type":"PropertyValueSpecification","valueRequired":true,"valueName":"search_term_string"}}],"inLanguage":"pt-PT"},{"@type":"Organization","@id":"https:\/\/www.semlex.com\/#organization","name":"Semlex","url":"https:\/\/www.semlex.com\/","logo":{"@type":"ImageObject","inLanguage":"pt-PT","@id":"https:\/\/www.semlex.com\/#\/schema\/logo\/image\/","url":"https:\/\/www.semlex.com\/wp-content\/uploads\/2022\/12\/logo_semlex.svg","contentUrl":"https:\/\/www.semlex.com\/wp-content\/uploads\/2022\/12\/logo_semlex.svg","caption":"Semlex"},"image":{"@id":"https:\/\/www.semlex.com\/#\/schema\/logo\/image\/"},"sameAs":["https:\/\/www.facebook.com\/semlexgroup"]}]}},"_links":{"self":[{"href":"https:\/\/www.semlex.com\/pt-pt\/wp-json\/wp\/v2\/pages\/13276","targetHints":{"allow":["GET"]}}],"collection":[{"href":"https:\/\/www.semlex.com\/pt-pt\/wp-json\/wp\/v2\/pages"}],"about":[{"href":"https:\/\/www.semlex.com\/pt-pt\/wp-json\/wp\/v2\/types\/page"}],"author":[{"embeddable":true,"href":"https:\/\/www.semlex.com\/pt-pt\/wp-json\/wp\/v2\/users\/4"}],"replies":[{"embeddable":true,"href":"https:\/\/www.semlex.com\/pt-pt\/wp-json\/wp\/v2\/comments?post=13276"}],"version-history":[{"count":16,"href":"https:\/\/www.semlex.com\/pt-pt\/wp-json\/wp\/v2\/pages\/13276\/revisions"}],"predecessor-version":[{"id":13634,"href":"https:\/\/www.semlex.com\/pt-pt\/wp-json\/wp\/v2\/pages\/13276\/revisions\/13634"}],"up":[{"embeddable":true,"href":"https:\/\/www.semlex.com\/pt-pt\/wp-json\/wp\/v2\/pages\/12878"}],"wp:attachment":[{"href":"https:\/\/www.semlex.com\/pt-pt\/wp-json\/wp\/v2\/media?parent=13276"}],"curies":[{"name":"wp","href":"https:\/\/api.w.org\/{rel}","templated":true}]}}