{"id":12741,"date":"2022-09-01T08:09:27","date_gmt":"2022-09-01T06:09:27","guid":{"rendered":"https:\/\/www.semlex.com\/produits\/track-trace\/"},"modified":"2023-01-31T10:17:20","modified_gmt":"2023-01-31T09:17:20","slug":"track-trace","status":"publish","type":"page","link":"https:\/\/www.semlex.com\/pt-pt\/produtos\/track-trace\/","title":{"rendered":"Track &#038; Trace"},"content":{"rendered":"\n<section class=\"product_header\">\n\n\t<div class=\"product_infos apparition\">\n\t\t\t<img decoding=\"async\" class=\"product_overview\" src=\"https:\/\/www.semlex.com\/wp-content\/uploads\/2022\/12\/Tracke_and_Trace2-1.webp\" alt=\"\" width=\"500\" >\n\t\t\t<h2><\/h2>\n\t\t\t<h4>OS NOSSOS PRODUTOS<\/h4>\n\t\t\t<p>O acompanhamento de mercadorias pode ser uma tarefa dif\u00edcil de gerir dada a complexidade dos processos log\u00edsticos, dos prazos de entrega, de quest\u00f5es geogr\u00e1ficas e dos diferentes intervenientes envolvidos.<\/p>\n\t\t\t\n\t\t\t<div class=\"tags\">\n\t\t\t\t\t\t\t\t\t<\/div>\n\t\t<\/div>\n<\/section>\n\n<section class=\"product_specifications apparition light\">\n\n\t<h3 class=\"section_title\">Especifica\u00e7\u00f5es gerais<\/h3>\n\t<p>A Semlex oferece um sistema track and trace que permite que as mercadorias (medicamentos, \u00e1lcool, tabaco) sejam acompanhadas ao longo da cadeia de abastecimento, desde o momento em que os produtos entram no pa\u00eds.<\/p>\n\t\n\t<div class=\"specification_grid _2cols\">\n\t\t\t\t\t\n\t\t\t\t\t<div>\n\t\t\t\t<h4>Rastreabilidade e seguran\u00e7a<\/h4>\n\t\t\t\t<p>Permite identificar todos os intervenientes e as suas atividades, bem como a causa de eventuais problemas na cadeia de abastecimento para fornecer solu\u00e7\u00f5es eficazes e r\u00e1pidas. Permite igualmente aumentar as receitas do Estado e combater a falsifica\u00e7\u00e3o e a introdu\u00e7\u00e3o ilegal de produtos.<\/p>\n\t\t\t<\/div> \t\t\t<div>\n\t\t\t\t<h4>Tempo real e acompanhamento<\/h4>\n\t\t\t\t<p>Esta solu\u00e7\u00e3o de software permite acompanhar a posi\u00e7\u00e3o geogr\u00e1fica das mercadorias em tempo real, determinando o dia em que a remessa chegar\u00e1 ao seu destino.<\/p>\n\t\t\t<\/div> \t\n\t<\/div>\n\t\n<\/section>\n\n\n\n\n\n","protected":false},"excerpt":{"rendered":"<p>A Semlex oferece um sistema Track &#038; Trace que permite acompanhar a localiza\u00e7\u00e3o de mercadorias.<\/p>\n","protected":false},"author":4,"featured_media":11786,"parent":12734,"menu_order":7,"comment_status":"open","ping_status":"closed","template":"template-products.php","meta":{"_acf_changed":false,"footnotes":""},"class_list":["post-12741","page","type-page","status-publish","has-post-thumbnail","hentry"],"acf":[],"yoast_head":"<!-- This site is optimized with the Yoast SEO plugin v25.5 - https:\/\/yoast.com\/wordpress\/plugins\/seo\/ -->\n<title>Track &amp; Trace - Semlex<\/title>\n<meta name=\"description\" content=\"O acompanhamento de mercadorias pode ser uma tarefa dif\u00edcil de gerir dada a complexidade dos processos log\u00edsticos, dos prazos de entrega, de quest\u00f5es geogr\u00e1ficas e dos diferentes intervenientes envolvidos.\" \/>\n<meta name=\"robots\" content=\"index, follow, max-snippet:-1, max-image-preview:large, max-video-preview:-1\" \/>\n<link rel=\"canonical\" href=\"https:\/\/www.semlex.com\/pt-pt\/produtos\/track-trace\/\" \/>\n<meta property=\"og:locale\" content=\"pt_PT\" \/>\n<meta property=\"og:type\" content=\"article\" \/>\n<meta property=\"og:title\" content=\"Track &amp; Trace - Semlex\" \/>\n<meta property=\"og:description\" content=\"O acompanhamento de mercadorias pode ser uma tarefa dif\u00edcil de gerir dada a complexidade dos processos log\u00edsticos, dos prazos de entrega, de quest\u00f5es geogr\u00e1ficas e dos diferentes intervenientes envolvidos.\" \/>\n<meta property=\"og:url\" content=\"https:\/\/www.semlex.com\/pt-pt\/produtos\/track-trace\/\" \/>\n<meta property=\"og:site_name\" content=\"Semlex\" \/>\n<meta property=\"article:publisher\" content=\"https:\/\/www.facebook.com\/semlexgroup\" \/>\n<meta property=\"article:modified_time\" content=\"2023-01-31T09:17:20+00:00\" \/>\n<meta property=\"og:image\" content=\"https:\/\/www.semlex.com\/wp-content\/uploads\/2022\/12\/Tracke_and_Trace2-1.webp\" \/>\n\t<meta property=\"og:image:width\" content=\"592\" \/>\n\t<meta property=\"og:image:height\" content=\"800\" \/>\n\t<meta property=\"og:image:type\" content=\"image\/webp\" \/>\n<meta name=\"twitter:card\" content=\"summary_large_image\" \/>\n<script type=\"application\/ld+json\" class=\"yoast-schema-graph\">{\"@context\":\"https:\/\/schema.org\",\"@graph\":[{\"@type\":\"WebPage\",\"@id\":\"https:\/\/www.semlex.com\/pt-pt\/produtos\/track-trace\/\",\"url\":\"https:\/\/www.semlex.com\/pt-pt\/produtos\/track-trace\/\",\"name\":\"Track & Trace - Semlex\",\"isPartOf\":{\"@id\":\"https:\/\/www.semlex.com\/#website\"},\"primaryImageOfPage\":{\"@id\":\"https:\/\/www.semlex.com\/pt-pt\/produtos\/track-trace\/#primaryimage\"},\"image\":{\"@id\":\"https:\/\/www.semlex.com\/pt-pt\/produtos\/track-trace\/#primaryimage\"},\"thumbnailUrl\":\"https:\/\/www.semlex.com\/wp-content\/uploads\/2022\/12\/Tracke_and_Trace2-1.webp\",\"datePublished\":\"2022-09-01T06:09:27+00:00\",\"dateModified\":\"2023-01-31T09:17:20+00:00\",\"description\":\"O acompanhamento de mercadorias pode ser uma tarefa dif\u00edcil de gerir dada a complexidade dos processos log\u00edsticos, dos prazos de entrega, de quest\u00f5es geogr\u00e1ficas e dos diferentes intervenientes envolvidos.\",\"breadcrumb\":{\"@id\":\"https:\/\/www.semlex.com\/pt-pt\/produtos\/track-trace\/#breadcrumb\"},\"inLanguage\":\"pt-PT\",\"potentialAction\":[{\"@type\":\"ReadAction\",\"target\":[\"https:\/\/www.semlex.com\/pt-pt\/produtos\/track-trace\/\"]}]},{\"@type\":\"ImageObject\",\"inLanguage\":\"pt-PT\",\"@id\":\"https:\/\/www.semlex.com\/pt-pt\/produtos\/track-trace\/#primaryimage\",\"url\":\"https:\/\/www.semlex.com\/wp-content\/uploads\/2022\/12\/Tracke_and_Trace2-1.webp\",\"contentUrl\":\"https:\/\/www.semlex.com\/wp-content\/uploads\/2022\/12\/Tracke_and_Trace2-1.webp\",\"width\":592,\"height\":800},{\"@type\":\"BreadcrumbList\",\"@id\":\"https:\/\/www.semlex.com\/pt-pt\/produtos\/track-trace\/#breadcrumb\",\"itemListElement\":[{\"@type\":\"ListItem\",\"position\":1,\"name\":\"Home\",\"item\":\"https:\/\/www.semlex.com\/pt-pt\/\"},{\"@type\":\"ListItem\",\"position\":2,\"name\":\"Produtos\",\"item\":\"https:\/\/www.semlex.com\/pt-pt\/produtos\/\"},{\"@type\":\"ListItem\",\"position\":3,\"name\":\"Track &#038; Trace\"}]},{\"@type\":\"WebSite\",\"@id\":\"https:\/\/www.semlex.com\/#website\",\"url\":\"https:\/\/www.semlex.com\/\",\"name\":\"Semlex\",\"description\":\"For a secure world\",\"publisher\":{\"@id\":\"https:\/\/www.semlex.com\/#organization\"},\"potentialAction\":[{\"@type\":\"SearchAction\",\"target\":{\"@type\":\"EntryPoint\",\"urlTemplate\":\"https:\/\/www.semlex.com\/?s={search_term_string}\"},\"query-input\":{\"@type\":\"PropertyValueSpecification\",\"valueRequired\":true,\"valueName\":\"search_term_string\"}}],\"inLanguage\":\"pt-PT\"},{\"@type\":\"Organization\",\"@id\":\"https:\/\/www.semlex.com\/#organization\",\"name\":\"Semlex\",\"url\":\"https:\/\/www.semlex.com\/\",\"logo\":{\"@type\":\"ImageObject\",\"inLanguage\":\"pt-PT\",\"@id\":\"https:\/\/www.semlex.com\/#\/schema\/logo\/image\/\",\"url\":\"https:\/\/www.semlex.com\/wp-content\/uploads\/2022\/12\/logo_semlex.svg\",\"contentUrl\":\"https:\/\/www.semlex.com\/wp-content\/uploads\/2022\/12\/logo_semlex.svg\",\"caption\":\"Semlex\"},\"image\":{\"@id\":\"https:\/\/www.semlex.com\/#\/schema\/logo\/image\/\"},\"sameAs\":[\"https:\/\/www.facebook.com\/semlexgroup\"]}]}<\/script>\n<!-- \/ Yoast SEO plugin. -->","yoast_head_json":{"title":"Track & Trace - Semlex","description":"O acompanhamento de mercadorias pode ser uma tarefa dif\u00edcil de gerir dada a complexidade dos processos log\u00edsticos, dos prazos de entrega, de quest\u00f5es geogr\u00e1ficas e dos diferentes intervenientes envolvidos.","robots":{"index":"index","follow":"follow","max-snippet":"max-snippet:-1","max-image-preview":"max-image-preview:large","max-video-preview":"max-video-preview:-1"},"canonical":"https:\/\/www.semlex.com\/pt-pt\/produtos\/track-trace\/","og_locale":"pt_PT","og_type":"article","og_title":"Track & Trace - Semlex","og_description":"O acompanhamento de mercadorias pode ser uma tarefa dif\u00edcil de gerir dada a complexidade dos processos log\u00edsticos, dos prazos de entrega, de quest\u00f5es geogr\u00e1ficas e dos diferentes intervenientes envolvidos.","og_url":"https:\/\/www.semlex.com\/pt-pt\/produtos\/track-trace\/","og_site_name":"Semlex","article_publisher":"https:\/\/www.facebook.com\/semlexgroup","article_modified_time":"2023-01-31T09:17:20+00:00","og_image":[{"width":592,"height":800,"url":"https:\/\/www.semlex.com\/wp-content\/uploads\/2022\/12\/Tracke_and_Trace2-1.webp","type":"image\/webp"}],"twitter_card":"summary_large_image","schema":{"@context":"https:\/\/schema.org","@graph":[{"@type":"WebPage","@id":"https:\/\/www.semlex.com\/pt-pt\/produtos\/track-trace\/","url":"https:\/\/www.semlex.com\/pt-pt\/produtos\/track-trace\/","name":"Track & Trace - Semlex","isPartOf":{"@id":"https:\/\/www.semlex.com\/#website"},"primaryImageOfPage":{"@id":"https:\/\/www.semlex.com\/pt-pt\/produtos\/track-trace\/#primaryimage"},"image":{"@id":"https:\/\/www.semlex.com\/pt-pt\/produtos\/track-trace\/#primaryimage"},"thumbnailUrl":"https:\/\/www.semlex.com\/wp-content\/uploads\/2022\/12\/Tracke_and_Trace2-1.webp","datePublished":"2022-09-01T06:09:27+00:00","dateModified":"2023-01-31T09:17:20+00:00","description":"O acompanhamento de mercadorias pode ser uma tarefa dif\u00edcil de gerir dada a complexidade dos processos log\u00edsticos, dos prazos de entrega, de quest\u00f5es geogr\u00e1ficas e dos diferentes intervenientes envolvidos.","breadcrumb":{"@id":"https:\/\/www.semlex.com\/pt-pt\/produtos\/track-trace\/#breadcrumb"},"inLanguage":"pt-PT","potentialAction":[{"@type":"ReadAction","target":["https:\/\/www.semlex.com\/pt-pt\/produtos\/track-trace\/"]}]},{"@type":"ImageObject","inLanguage":"pt-PT","@id":"https:\/\/www.semlex.com\/pt-pt\/produtos\/track-trace\/#primaryimage","url":"https:\/\/www.semlex.com\/wp-content\/uploads\/2022\/12\/Tracke_and_Trace2-1.webp","contentUrl":"https:\/\/www.semlex.com\/wp-content\/uploads\/2022\/12\/Tracke_and_Trace2-1.webp","width":592,"height":800},{"@type":"BreadcrumbList","@id":"https:\/\/www.semlex.com\/pt-pt\/produtos\/track-trace\/#breadcrumb","itemListElement":[{"@type":"ListItem","position":1,"name":"Home","item":"https:\/\/www.semlex.com\/pt-pt\/"},{"@type":"ListItem","position":2,"name":"Produtos","item":"https:\/\/www.semlex.com\/pt-pt\/produtos\/"},{"@type":"ListItem","position":3,"name":"Track &#038; Trace"}]},{"@type":"WebSite","@id":"https:\/\/www.semlex.com\/#website","url":"https:\/\/www.semlex.com\/","name":"Semlex","description":"For a secure world","publisher":{"@id":"https:\/\/www.semlex.com\/#organization"},"potentialAction":[{"@type":"SearchAction","target":{"@type":"EntryPoint","urlTemplate":"https:\/\/www.semlex.com\/?s={search_term_string}"},"query-input":{"@type":"PropertyValueSpecification","valueRequired":true,"valueName":"search_term_string"}}],"inLanguage":"pt-PT"},{"@type":"Organization","@id":"https:\/\/www.semlex.com\/#organization","name":"Semlex","url":"https:\/\/www.semlex.com\/","logo":{"@type":"ImageObject","inLanguage":"pt-PT","@id":"https:\/\/www.semlex.com\/#\/schema\/logo\/image\/","url":"https:\/\/www.semlex.com\/wp-content\/uploads\/2022\/12\/logo_semlex.svg","contentUrl":"https:\/\/www.semlex.com\/wp-content\/uploads\/2022\/12\/logo_semlex.svg","caption":"Semlex"},"image":{"@id":"https:\/\/www.semlex.com\/#\/schema\/logo\/image\/"},"sameAs":["https:\/\/www.facebook.com\/semlexgroup"]}]}},"_links":{"self":[{"href":"https:\/\/www.semlex.com\/pt-pt\/wp-json\/wp\/v2\/pages\/12741","targetHints":{"allow":["GET"]}}],"collection":[{"href":"https:\/\/www.semlex.com\/pt-pt\/wp-json\/wp\/v2\/pages"}],"about":[{"href":"https:\/\/www.semlex.com\/pt-pt\/wp-json\/wp\/v2\/types\/page"}],"author":[{"embeddable":true,"href":"https:\/\/www.semlex.com\/pt-pt\/wp-json\/wp\/v2\/users\/4"}],"replies":[{"embeddable":true,"href":"https:\/\/www.semlex.com\/pt-pt\/wp-json\/wp\/v2\/comments?post=12741"}],"version-history":[{"count":5,"href":"https:\/\/www.semlex.com\/pt-pt\/wp-json\/wp\/v2\/pages\/12741\/revisions"}],"predecessor-version":[{"id":12995,"href":"https:\/\/www.semlex.com\/pt-pt\/wp-json\/wp\/v2\/pages\/12741\/revisions\/12995"}],"up":[{"embeddable":true,"href":"https:\/\/www.semlex.com\/pt-pt\/wp-json\/wp\/v2\/pages\/12734"}],"wp:featuredmedia":[{"embeddable":true,"href":"https:\/\/www.semlex.com\/pt-pt\/wp-json\/wp\/v2\/media\/11786"}],"wp:attachment":[{"href":"https:\/\/www.semlex.com\/pt-pt\/wp-json\/wp\/v2\/media?parent=12741"}],"curies":[{"name":"wp","href":"https:\/\/api.w.org\/{rel}","templated":true}]}}