{"id":12740,"date":"2022-09-01T08:10:21","date_gmt":"2022-09-01T06:10:21","guid":{"rendered":"https:\/\/www.semlex.com\/produits\/identification-numerique\/"},"modified":"2023-02-01T11:42:58","modified_gmt":"2023-02-01T10:42:58","slug":"identificacao-digital","status":"publish","type":"page","link":"https:\/\/www.semlex.com\/pt-pt\/produtos\/identificacao-digital\/","title":{"rendered":"Identifica\u00e7\u00e3o biom\u00e9trica"},"content":{"rendered":"\n<section class=\"product_header\">\n\n\t<div class=\"product_infos apparition\">\n\t\t\t<img decoding=\"async\" class=\"product_overview\" src=\"https:\/\/www.semlex.com\/wp-content\/uploads\/2022\/12\/identification_numerique_ipad-scaled-1.webp\" alt=\"\" width=\"500\" >\n\t\t\t<h2><\/h2>\n\t\t\t<h4>OS NOSSOS PRODUTOS<\/h4>\n\t\t\t<p>A identifica\u00e7\u00e3o biom\u00e9trica \u00e9 um instrumento complementar dos documentos de identidade.<\/p>\n\t\t\t\n\t\t\t<div class=\"tags\">\n\t\t\t\t\t\t\t\t\t<\/div>\n\t\t<\/div>\n<\/section>\n\n<section class=\"product_specifications apparition light\">\n\n\t<h3 class=\"section_title\">Especifica\u00e7\u00f5es gerais<\/h3>\n\t<p>A Semlex desenvolveu um portal de identidade digital que permite \u00e0 popula\u00e7\u00e3o realizar as suas transa\u00e7\u00f5es digitais di\u00e1rias de forma segura e confidencial, de acordo com as normas internacionais.<\/p>\n\t\n\t<div class=\"specification_grid _3cols\">\n\t\t\t\t\t\n\t\t\t\t\t<div>\n\t\t\t\t<h4>Seguran\u00e7a<\/h4>\n\t\t\t\t<p>Os dados pessoais s\u00e3o protegidos.<\/p>\n\t\t\t<\/div> \t\t\t<div>\n\t\t\t\t<h4>Acessibilidade<\/h4>\n\t\t\t\t<p>Est\u00e3o dispon\u00edveis servi\u00e7os online e transa\u00e7\u00f5es eletr\u00f3nicas seguras (e-wallet).<\/p>\n\t\t\t<\/div> \t\t\t<div>\n\t\t\t\t<h4>Solu\u00e7\u00e3o<\/h4>\n\t\t\t\t<p>A identifica\u00e7\u00e3o eletr\u00f3nica tornou-se a solu\u00e7\u00e3o ideal para garantir a nossa identidade online.<\/p>\n\t\t\t<\/div> \t\t\t<div>\n\t\t\t\t<h4>Confidencialidade<\/h4>\n\t\t\t\t<p>As transa\u00e7\u00f5es digitais s\u00e3o confidenciais.<\/p>\n\t\t\t<\/div> \t\t\t<div>\n\t\t\t\t<h4>Conformidade<\/h4>\n\t\t\t\t<p>O portal de identidade digital est\u00e1 em conformidade com as normas internacionais.<\/p>\n\t\t\t<\/div> \t\n\t<\/div>\n\t\n<\/section>\n\n\n\n\n\n","protected":false},"excerpt":{"rendered":"<p>A Semlex desenvolveu um portal de identidade digital.<\/p>\n","protected":false},"author":4,"featured_media":11794,"parent":12734,"menu_order":6,"comment_status":"open","ping_status":"closed","template":"template-products.php","meta":{"_acf_changed":false,"footnotes":""},"class_list":["post-12740","page","type-page","status-publish","has-post-thumbnail","hentry"],"acf":[],"yoast_head":"<!-- This site is optimized with the Yoast SEO plugin v25.5 - https:\/\/yoast.com\/wordpress\/plugins\/seo\/ -->\n<title>Identifica\u00e7\u00e3o biom\u00e9trica - Semlex<\/title>\n<meta name=\"description\" content=\"A identifica\u00e7\u00e3o biom\u00e9trica \u00e9 um instrumento complementar dos documentos de identidade.\" \/>\n<meta name=\"robots\" content=\"index, follow, max-snippet:-1, max-image-preview:large, max-video-preview:-1\" \/>\n<link rel=\"canonical\" href=\"https:\/\/www.semlex.com\/pt-pt\/produtos\/identificacao-digital\/\" \/>\n<meta property=\"og:locale\" content=\"pt_PT\" \/>\n<meta property=\"og:type\" content=\"article\" \/>\n<meta property=\"og:title\" content=\"Identifica\u00e7\u00e3o biom\u00e9trica - Semlex\" \/>\n<meta property=\"og:description\" content=\"A identifica\u00e7\u00e3o biom\u00e9trica \u00e9 um instrumento complementar dos documentos de identidade.\" \/>\n<meta property=\"og:url\" content=\"https:\/\/www.semlex.com\/pt-pt\/produtos\/identificacao-digital\/\" \/>\n<meta property=\"og:site_name\" content=\"Semlex\" \/>\n<meta property=\"article:publisher\" content=\"https:\/\/www.facebook.com\/semlexgroup\" \/>\n<meta property=\"article:modified_time\" content=\"2023-02-01T10:42:58+00:00\" \/>\n<meta property=\"og:image\" content=\"https:\/\/www.semlex.com\/wp-content\/uploads\/2022\/12\/identification_numerique_ipad-scaled-1.webp\" \/>\n\t<meta property=\"og:image:width\" content=\"2560\" \/>\n\t<meta property=\"og:image:height\" content=\"1995\" \/>\n\t<meta property=\"og:image:type\" content=\"image\/webp\" \/>\n<meta name=\"twitter:card\" content=\"summary_large_image\" \/>\n<script type=\"application\/ld+json\" class=\"yoast-schema-graph\">{\"@context\":\"https:\/\/schema.org\",\"@graph\":[{\"@type\":\"WebPage\",\"@id\":\"https:\/\/www.semlex.com\/pt-pt\/produtos\/identificacao-digital\/\",\"url\":\"https:\/\/www.semlex.com\/pt-pt\/produtos\/identificacao-digital\/\",\"name\":\"Identifica\u00e7\u00e3o biom\u00e9trica - Semlex\",\"isPartOf\":{\"@id\":\"https:\/\/www.semlex.com\/#website\"},\"primaryImageOfPage\":{\"@id\":\"https:\/\/www.semlex.com\/pt-pt\/produtos\/identificacao-digital\/#primaryimage\"},\"image\":{\"@id\":\"https:\/\/www.semlex.com\/pt-pt\/produtos\/identificacao-digital\/#primaryimage\"},\"thumbnailUrl\":\"https:\/\/www.semlex.com\/wp-content\/uploads\/2022\/12\/identification_numerique_ipad-scaled-1.webp\",\"datePublished\":\"2022-09-01T06:10:21+00:00\",\"dateModified\":\"2023-02-01T10:42:58+00:00\",\"description\":\"A identifica\u00e7\u00e3o biom\u00e9trica \u00e9 um instrumento complementar dos documentos de identidade.\",\"breadcrumb\":{\"@id\":\"https:\/\/www.semlex.com\/pt-pt\/produtos\/identificacao-digital\/#breadcrumb\"},\"inLanguage\":\"pt-PT\",\"potentialAction\":[{\"@type\":\"ReadAction\",\"target\":[\"https:\/\/www.semlex.com\/pt-pt\/produtos\/identificacao-digital\/\"]}]},{\"@type\":\"ImageObject\",\"inLanguage\":\"pt-PT\",\"@id\":\"https:\/\/www.semlex.com\/pt-pt\/produtos\/identificacao-digital\/#primaryimage\",\"url\":\"https:\/\/www.semlex.com\/wp-content\/uploads\/2022\/12\/identification_numerique_ipad-scaled-1.webp\",\"contentUrl\":\"https:\/\/www.semlex.com\/wp-content\/uploads\/2022\/12\/identification_numerique_ipad-scaled-1.webp\",\"width\":2560,\"height\":1995},{\"@type\":\"BreadcrumbList\",\"@id\":\"https:\/\/www.semlex.com\/pt-pt\/produtos\/identificacao-digital\/#breadcrumb\",\"itemListElement\":[{\"@type\":\"ListItem\",\"position\":1,\"name\":\"Home\",\"item\":\"https:\/\/www.semlex.com\/pt-pt\/\"},{\"@type\":\"ListItem\",\"position\":2,\"name\":\"Produtos\",\"item\":\"https:\/\/www.semlex.com\/pt-pt\/produtos\/\"},{\"@type\":\"ListItem\",\"position\":3,\"name\":\"Identifica\u00e7\u00e3o biom\u00e9trica\"}]},{\"@type\":\"WebSite\",\"@id\":\"https:\/\/www.semlex.com\/#website\",\"url\":\"https:\/\/www.semlex.com\/\",\"name\":\"Semlex\",\"description\":\"For a secure world\",\"publisher\":{\"@id\":\"https:\/\/www.semlex.com\/#organization\"},\"potentialAction\":[{\"@type\":\"SearchAction\",\"target\":{\"@type\":\"EntryPoint\",\"urlTemplate\":\"https:\/\/www.semlex.com\/?s={search_term_string}\"},\"query-input\":{\"@type\":\"PropertyValueSpecification\",\"valueRequired\":true,\"valueName\":\"search_term_string\"}}],\"inLanguage\":\"pt-PT\"},{\"@type\":\"Organization\",\"@id\":\"https:\/\/www.semlex.com\/#organization\",\"name\":\"Semlex\",\"url\":\"https:\/\/www.semlex.com\/\",\"logo\":{\"@type\":\"ImageObject\",\"inLanguage\":\"pt-PT\",\"@id\":\"https:\/\/www.semlex.com\/#\/schema\/logo\/image\/\",\"url\":\"https:\/\/www.semlex.com\/wp-content\/uploads\/2022\/12\/logo_semlex.svg\",\"contentUrl\":\"https:\/\/www.semlex.com\/wp-content\/uploads\/2022\/12\/logo_semlex.svg\",\"caption\":\"Semlex\"},\"image\":{\"@id\":\"https:\/\/www.semlex.com\/#\/schema\/logo\/image\/\"},\"sameAs\":[\"https:\/\/www.facebook.com\/semlexgroup\"]}]}<\/script>\n<!-- \/ Yoast SEO plugin. -->","yoast_head_json":{"title":"Identifica\u00e7\u00e3o biom\u00e9trica - Semlex","description":"A identifica\u00e7\u00e3o biom\u00e9trica \u00e9 um instrumento complementar dos documentos de identidade.","robots":{"index":"index","follow":"follow","max-snippet":"max-snippet:-1","max-image-preview":"max-image-preview:large","max-video-preview":"max-video-preview:-1"},"canonical":"https:\/\/www.semlex.com\/pt-pt\/produtos\/identificacao-digital\/","og_locale":"pt_PT","og_type":"article","og_title":"Identifica\u00e7\u00e3o biom\u00e9trica - Semlex","og_description":"A identifica\u00e7\u00e3o biom\u00e9trica \u00e9 um instrumento complementar dos documentos de identidade.","og_url":"https:\/\/www.semlex.com\/pt-pt\/produtos\/identificacao-digital\/","og_site_name":"Semlex","article_publisher":"https:\/\/www.facebook.com\/semlexgroup","article_modified_time":"2023-02-01T10:42:58+00:00","og_image":[{"width":2560,"height":1995,"url":"https:\/\/www.semlex.com\/wp-content\/uploads\/2022\/12\/identification_numerique_ipad-scaled-1.webp","type":"image\/webp"}],"twitter_card":"summary_large_image","schema":{"@context":"https:\/\/schema.org","@graph":[{"@type":"WebPage","@id":"https:\/\/www.semlex.com\/pt-pt\/produtos\/identificacao-digital\/","url":"https:\/\/www.semlex.com\/pt-pt\/produtos\/identificacao-digital\/","name":"Identifica\u00e7\u00e3o biom\u00e9trica - Semlex","isPartOf":{"@id":"https:\/\/www.semlex.com\/#website"},"primaryImageOfPage":{"@id":"https:\/\/www.semlex.com\/pt-pt\/produtos\/identificacao-digital\/#primaryimage"},"image":{"@id":"https:\/\/www.semlex.com\/pt-pt\/produtos\/identificacao-digital\/#primaryimage"},"thumbnailUrl":"https:\/\/www.semlex.com\/wp-content\/uploads\/2022\/12\/identification_numerique_ipad-scaled-1.webp","datePublished":"2022-09-01T06:10:21+00:00","dateModified":"2023-02-01T10:42:58+00:00","description":"A identifica\u00e7\u00e3o biom\u00e9trica \u00e9 um instrumento complementar dos documentos de identidade.","breadcrumb":{"@id":"https:\/\/www.semlex.com\/pt-pt\/produtos\/identificacao-digital\/#breadcrumb"},"inLanguage":"pt-PT","potentialAction":[{"@type":"ReadAction","target":["https:\/\/www.semlex.com\/pt-pt\/produtos\/identificacao-digital\/"]}]},{"@type":"ImageObject","inLanguage":"pt-PT","@id":"https:\/\/www.semlex.com\/pt-pt\/produtos\/identificacao-digital\/#primaryimage","url":"https:\/\/www.semlex.com\/wp-content\/uploads\/2022\/12\/identification_numerique_ipad-scaled-1.webp","contentUrl":"https:\/\/www.semlex.com\/wp-content\/uploads\/2022\/12\/identification_numerique_ipad-scaled-1.webp","width":2560,"height":1995},{"@type":"BreadcrumbList","@id":"https:\/\/www.semlex.com\/pt-pt\/produtos\/identificacao-digital\/#breadcrumb","itemListElement":[{"@type":"ListItem","position":1,"name":"Home","item":"https:\/\/www.semlex.com\/pt-pt\/"},{"@type":"ListItem","position":2,"name":"Produtos","item":"https:\/\/www.semlex.com\/pt-pt\/produtos\/"},{"@type":"ListItem","position":3,"name":"Identifica\u00e7\u00e3o biom\u00e9trica"}]},{"@type":"WebSite","@id":"https:\/\/www.semlex.com\/#website","url":"https:\/\/www.semlex.com\/","name":"Semlex","description":"For a secure world","publisher":{"@id":"https:\/\/www.semlex.com\/#organization"},"potentialAction":[{"@type":"SearchAction","target":{"@type":"EntryPoint","urlTemplate":"https:\/\/www.semlex.com\/?s={search_term_string}"},"query-input":{"@type":"PropertyValueSpecification","valueRequired":true,"valueName":"search_term_string"}}],"inLanguage":"pt-PT"},{"@type":"Organization","@id":"https:\/\/www.semlex.com\/#organization","name":"Semlex","url":"https:\/\/www.semlex.com\/","logo":{"@type":"ImageObject","inLanguage":"pt-PT","@id":"https:\/\/www.semlex.com\/#\/schema\/logo\/image\/","url":"https:\/\/www.semlex.com\/wp-content\/uploads\/2022\/12\/logo_semlex.svg","contentUrl":"https:\/\/www.semlex.com\/wp-content\/uploads\/2022\/12\/logo_semlex.svg","caption":"Semlex"},"image":{"@id":"https:\/\/www.semlex.com\/#\/schema\/logo\/image\/"},"sameAs":["https:\/\/www.facebook.com\/semlexgroup"]}]}},"_links":{"self":[{"href":"https:\/\/www.semlex.com\/pt-pt\/wp-json\/wp\/v2\/pages\/12740","targetHints":{"allow":["GET"]}}],"collection":[{"href":"https:\/\/www.semlex.com\/pt-pt\/wp-json\/wp\/v2\/pages"}],"about":[{"href":"https:\/\/www.semlex.com\/pt-pt\/wp-json\/wp\/v2\/types\/page"}],"author":[{"embeddable":true,"href":"https:\/\/www.semlex.com\/pt-pt\/wp-json\/wp\/v2\/users\/4"}],"replies":[{"embeddable":true,"href":"https:\/\/www.semlex.com\/pt-pt\/wp-json\/wp\/v2\/comments?post=12740"}],"version-history":[{"count":6,"href":"https:\/\/www.semlex.com\/pt-pt\/wp-json\/wp\/v2\/pages\/12740\/revisions"}],"predecessor-version":[{"id":13669,"href":"https:\/\/www.semlex.com\/pt-pt\/wp-json\/wp\/v2\/pages\/12740\/revisions\/13669"}],"up":[{"embeddable":true,"href":"https:\/\/www.semlex.com\/pt-pt\/wp-json\/wp\/v2\/pages\/12734"}],"wp:featuredmedia":[{"embeddable":true,"href":"https:\/\/www.semlex.com\/pt-pt\/wp-json\/wp\/v2\/media\/11794"}],"wp:attachment":[{"href":"https:\/\/www.semlex.com\/pt-pt\/wp-json\/wp\/v2\/media?parent=12740"}],"curies":[{"name":"wp","href":"https:\/\/api.w.org\/{rel}","templated":true}]}}