{"id":12739,"date":"2022-09-01T08:08:12","date_gmt":"2022-09-01T06:08:12","guid":{"rendered":"https:\/\/www.semlex.com\/produits\/systeme-detat-civil\/"},"modified":"2023-01-31T10:16:59","modified_gmt":"2023-01-31T09:16:59","slug":"sistema-registo-civil","status":"publish","type":"page","link":"https:\/\/www.semlex.com\/pt-pt\/produtos\/sistema-registo-civil\/","title":{"rendered":"Sistema de registo civil"},"content":{"rendered":"\n<section class=\"product_header\">\n\n\t<div class=\"product_infos apparition\">\n\t\t\t<img decoding=\"async\" class=\"product_overview\" src=\"https:\/\/www.semlex.com\/wp-content\/uploads\/2022\/12\/Etat_civil_big.webp\" alt=\"\" width=\"500\" >\n\t\t\t<h2><\/h2>\n\t\t\t<h4>OS NOSSOS PRODUTOS<\/h4>\n\t\t\t<p>A Semlex oferece um sistema seguro e informatizado de registo civil.<\/p>\n\t\t\t\n\t\t\t<div class=\"tags\">\n\t\t\t\t\t\t\t\t\t<\/div>\n\t\t<\/div>\n<\/section>\n\n<section class=\"product_specifications apparition light\">\n\n\t<h3 class=\"section_title\">Especifica\u00e7\u00f5es gerais<\/h3>\n\t<p>S\u00e3o v\u00e1rios os objetivos do sistema informatizado de registo civil:<\/p>\n\t\n\t<div class=\"specification_grid _3cols\">\n\t\t\t\t\t\n\t\t\t\t\t<div>\n\t\t\t\t<h4>Acessibilidade<\/h4>\n\t\t\t\t<p>O sistema \u00e9 acess\u00edvel a todos.<\/p>\n\t\t\t<\/div> \t\t\t<div>\n\t\t\t\t<h4>Legitimidade<\/h4>\n\t\t\t\t<p>O sistema tem por base um quadro legal que assegura a sua legitimidade.<\/p>\n\t\t\t<\/div> \t\t\t<div>\n\t\t\t\t<h4>Fiabilidade<\/h4>\n\t\t\t\t<p>Os dados s\u00e3o fi\u00e1veis e a qualidade dos dados \u00e9 garantida.<\/p>\n\t\t\t<\/div> \t\t\t<div>\n\t\t\t\t<h4>Seguran\u00e7a<\/h4>\n\t\t\t\t<p>O sistema \u00e9 protegido contra qualquer ataque (interno ou externo).<\/p>\n\t\t\t<\/div> \t\t\t<div>\n\t\t\t\t<h4>Disponibilidade<\/h4>\n\t\t\t\t<p>Os dados do sistema est\u00e3o dispon\u00edveis em tempo real.<\/p>\n\t\t\t<\/div> \t\t\t<div>\n\t\t\t\t<h4>Interoperabilidade<\/h4>\n\t\t\t\t<p>O sistema permite a interoperabilidade entre as \u00e1reas de Identidade, Justi\u00e7a e Sa\u00fade.<\/p>\n\t\t\t<\/div> \t\n\t<\/div>\n\t\n<\/section>\n\n\n\n\n\n","protected":false},"excerpt":{"rendered":"<p>A Semlex oferece um sistema seguro e informatizado de registo civil.<\/p>\n","protected":false},"author":4,"featured_media":11778,"parent":12734,"menu_order":5,"comment_status":"open","ping_status":"closed","template":"template-products.php","meta":{"_acf_changed":false,"footnotes":""},"class_list":["post-12739","page","type-page","status-publish","has-post-thumbnail","hentry"],"acf":[],"yoast_head":"<!-- This site is optimized with the Yoast SEO plugin v25.5 - https:\/\/yoast.com\/wordpress\/plugins\/seo\/ -->\n<title>Sistema de registo civil - Semlex<\/title>\n<meta name=\"description\" content=\"A Semlex oferece um sistema seguro e informatizado de registo civil.\" \/>\n<meta name=\"robots\" content=\"index, follow, max-snippet:-1, max-image-preview:large, max-video-preview:-1\" \/>\n<link rel=\"canonical\" href=\"https:\/\/www.semlex.com\/pt-pt\/produtos\/sistema-registo-civil\/\" \/>\n<meta property=\"og:locale\" content=\"pt_PT\" \/>\n<meta property=\"og:type\" content=\"article\" \/>\n<meta property=\"og:title\" content=\"Sistema de registo civil - Semlex\" \/>\n<meta property=\"og:description\" content=\"A Semlex oferece um sistema seguro e informatizado de registo civil.\" \/>\n<meta property=\"og:url\" content=\"https:\/\/www.semlex.com\/pt-pt\/produtos\/sistema-registo-civil\/\" \/>\n<meta property=\"og:site_name\" content=\"Semlex\" \/>\n<meta property=\"article:publisher\" content=\"https:\/\/www.facebook.com\/semlexgroup\" \/>\n<meta property=\"article:modified_time\" content=\"2023-01-31T09:16:59+00:00\" \/>\n<meta property=\"og:image\" content=\"https:\/\/www.semlex.com\/wp-content\/uploads\/2022\/12\/Etat_civil_big.webp\" \/>\n\t<meta property=\"og:image:width\" content=\"1075\" \/>\n\t<meta property=\"og:image:height\" content=\"698\" \/>\n\t<meta property=\"og:image:type\" content=\"image\/webp\" \/>\n<meta name=\"twitter:card\" content=\"summary_large_image\" \/>\n<script type=\"application\/ld+json\" class=\"yoast-schema-graph\">{\"@context\":\"https:\/\/schema.org\",\"@graph\":[{\"@type\":\"WebPage\",\"@id\":\"https:\/\/www.semlex.com\/pt-pt\/produtos\/sistema-registo-civil\/\",\"url\":\"https:\/\/www.semlex.com\/pt-pt\/produtos\/sistema-registo-civil\/\",\"name\":\"Sistema de registo civil - Semlex\",\"isPartOf\":{\"@id\":\"https:\/\/www.semlex.com\/#website\"},\"primaryImageOfPage\":{\"@id\":\"https:\/\/www.semlex.com\/pt-pt\/produtos\/sistema-registo-civil\/#primaryimage\"},\"image\":{\"@id\":\"https:\/\/www.semlex.com\/pt-pt\/produtos\/sistema-registo-civil\/#primaryimage\"},\"thumbnailUrl\":\"https:\/\/www.semlex.com\/wp-content\/uploads\/2022\/12\/Etat_civil_big.webp\",\"datePublished\":\"2022-09-01T06:08:12+00:00\",\"dateModified\":\"2023-01-31T09:16:59+00:00\",\"description\":\"A Semlex oferece um sistema seguro e informatizado de registo civil.\",\"breadcrumb\":{\"@id\":\"https:\/\/www.semlex.com\/pt-pt\/produtos\/sistema-registo-civil\/#breadcrumb\"},\"inLanguage\":\"pt-PT\",\"potentialAction\":[{\"@type\":\"ReadAction\",\"target\":[\"https:\/\/www.semlex.com\/pt-pt\/produtos\/sistema-registo-civil\/\"]}]},{\"@type\":\"ImageObject\",\"inLanguage\":\"pt-PT\",\"@id\":\"https:\/\/www.semlex.com\/pt-pt\/produtos\/sistema-registo-civil\/#primaryimage\",\"url\":\"https:\/\/www.semlex.com\/wp-content\/uploads\/2022\/12\/Etat_civil_big.webp\",\"contentUrl\":\"https:\/\/www.semlex.com\/wp-content\/uploads\/2022\/12\/Etat_civil_big.webp\",\"width\":1075,\"height\":698},{\"@type\":\"BreadcrumbList\",\"@id\":\"https:\/\/www.semlex.com\/pt-pt\/produtos\/sistema-registo-civil\/#breadcrumb\",\"itemListElement\":[{\"@type\":\"ListItem\",\"position\":1,\"name\":\"Home\",\"item\":\"https:\/\/www.semlex.com\/pt-pt\/\"},{\"@type\":\"ListItem\",\"position\":2,\"name\":\"Produtos\",\"item\":\"https:\/\/www.semlex.com\/pt-pt\/produtos\/\"},{\"@type\":\"ListItem\",\"position\":3,\"name\":\"Sistema de registo civil\"}]},{\"@type\":\"WebSite\",\"@id\":\"https:\/\/www.semlex.com\/#website\",\"url\":\"https:\/\/www.semlex.com\/\",\"name\":\"Semlex\",\"description\":\"For a secure world\",\"publisher\":{\"@id\":\"https:\/\/www.semlex.com\/#organization\"},\"potentialAction\":[{\"@type\":\"SearchAction\",\"target\":{\"@type\":\"EntryPoint\",\"urlTemplate\":\"https:\/\/www.semlex.com\/?s={search_term_string}\"},\"query-input\":{\"@type\":\"PropertyValueSpecification\",\"valueRequired\":true,\"valueName\":\"search_term_string\"}}],\"inLanguage\":\"pt-PT\"},{\"@type\":\"Organization\",\"@id\":\"https:\/\/www.semlex.com\/#organization\",\"name\":\"Semlex\",\"url\":\"https:\/\/www.semlex.com\/\",\"logo\":{\"@type\":\"ImageObject\",\"inLanguage\":\"pt-PT\",\"@id\":\"https:\/\/www.semlex.com\/#\/schema\/logo\/image\/\",\"url\":\"https:\/\/www.semlex.com\/wp-content\/uploads\/2022\/12\/logo_semlex.svg\",\"contentUrl\":\"https:\/\/www.semlex.com\/wp-content\/uploads\/2022\/12\/logo_semlex.svg\",\"caption\":\"Semlex\"},\"image\":{\"@id\":\"https:\/\/www.semlex.com\/#\/schema\/logo\/image\/\"},\"sameAs\":[\"https:\/\/www.facebook.com\/semlexgroup\"]}]}<\/script>\n<!-- \/ Yoast SEO plugin. -->","yoast_head_json":{"title":"Sistema de registo civil - Semlex","description":"A Semlex oferece um sistema seguro e informatizado de registo civil.","robots":{"index":"index","follow":"follow","max-snippet":"max-snippet:-1","max-image-preview":"max-image-preview:large","max-video-preview":"max-video-preview:-1"},"canonical":"https:\/\/www.semlex.com\/pt-pt\/produtos\/sistema-registo-civil\/","og_locale":"pt_PT","og_type":"article","og_title":"Sistema de registo civil - Semlex","og_description":"A Semlex oferece um sistema seguro e informatizado de registo civil.","og_url":"https:\/\/www.semlex.com\/pt-pt\/produtos\/sistema-registo-civil\/","og_site_name":"Semlex","article_publisher":"https:\/\/www.facebook.com\/semlexgroup","article_modified_time":"2023-01-31T09:16:59+00:00","og_image":[{"width":1075,"height":698,"url":"https:\/\/www.semlex.com\/wp-content\/uploads\/2022\/12\/Etat_civil_big.webp","type":"image\/webp"}],"twitter_card":"summary_large_image","schema":{"@context":"https:\/\/schema.org","@graph":[{"@type":"WebPage","@id":"https:\/\/www.semlex.com\/pt-pt\/produtos\/sistema-registo-civil\/","url":"https:\/\/www.semlex.com\/pt-pt\/produtos\/sistema-registo-civil\/","name":"Sistema de registo civil - Semlex","isPartOf":{"@id":"https:\/\/www.semlex.com\/#website"},"primaryImageOfPage":{"@id":"https:\/\/www.semlex.com\/pt-pt\/produtos\/sistema-registo-civil\/#primaryimage"},"image":{"@id":"https:\/\/www.semlex.com\/pt-pt\/produtos\/sistema-registo-civil\/#primaryimage"},"thumbnailUrl":"https:\/\/www.semlex.com\/wp-content\/uploads\/2022\/12\/Etat_civil_big.webp","datePublished":"2022-09-01T06:08:12+00:00","dateModified":"2023-01-31T09:16:59+00:00","description":"A Semlex oferece um sistema seguro e informatizado de registo civil.","breadcrumb":{"@id":"https:\/\/www.semlex.com\/pt-pt\/produtos\/sistema-registo-civil\/#breadcrumb"},"inLanguage":"pt-PT","potentialAction":[{"@type":"ReadAction","target":["https:\/\/www.semlex.com\/pt-pt\/produtos\/sistema-registo-civil\/"]}]},{"@type":"ImageObject","inLanguage":"pt-PT","@id":"https:\/\/www.semlex.com\/pt-pt\/produtos\/sistema-registo-civil\/#primaryimage","url":"https:\/\/www.semlex.com\/wp-content\/uploads\/2022\/12\/Etat_civil_big.webp","contentUrl":"https:\/\/www.semlex.com\/wp-content\/uploads\/2022\/12\/Etat_civil_big.webp","width":1075,"height":698},{"@type":"BreadcrumbList","@id":"https:\/\/www.semlex.com\/pt-pt\/produtos\/sistema-registo-civil\/#breadcrumb","itemListElement":[{"@type":"ListItem","position":1,"name":"Home","item":"https:\/\/www.semlex.com\/pt-pt\/"},{"@type":"ListItem","position":2,"name":"Produtos","item":"https:\/\/www.semlex.com\/pt-pt\/produtos\/"},{"@type":"ListItem","position":3,"name":"Sistema de registo civil"}]},{"@type":"WebSite","@id":"https:\/\/www.semlex.com\/#website","url":"https:\/\/www.semlex.com\/","name":"Semlex","description":"For a secure world","publisher":{"@id":"https:\/\/www.semlex.com\/#organization"},"potentialAction":[{"@type":"SearchAction","target":{"@type":"EntryPoint","urlTemplate":"https:\/\/www.semlex.com\/?s={search_term_string}"},"query-input":{"@type":"PropertyValueSpecification","valueRequired":true,"valueName":"search_term_string"}}],"inLanguage":"pt-PT"},{"@type":"Organization","@id":"https:\/\/www.semlex.com\/#organization","name":"Semlex","url":"https:\/\/www.semlex.com\/","logo":{"@type":"ImageObject","inLanguage":"pt-PT","@id":"https:\/\/www.semlex.com\/#\/schema\/logo\/image\/","url":"https:\/\/www.semlex.com\/wp-content\/uploads\/2022\/12\/logo_semlex.svg","contentUrl":"https:\/\/www.semlex.com\/wp-content\/uploads\/2022\/12\/logo_semlex.svg","caption":"Semlex"},"image":{"@id":"https:\/\/www.semlex.com\/#\/schema\/logo\/image\/"},"sameAs":["https:\/\/www.facebook.com\/semlexgroup"]}]}},"_links":{"self":[{"href":"https:\/\/www.semlex.com\/pt-pt\/wp-json\/wp\/v2\/pages\/12739","targetHints":{"allow":["GET"]}}],"collection":[{"href":"https:\/\/www.semlex.com\/pt-pt\/wp-json\/wp\/v2\/pages"}],"about":[{"href":"https:\/\/www.semlex.com\/pt-pt\/wp-json\/wp\/v2\/types\/page"}],"author":[{"embeddable":true,"href":"https:\/\/www.semlex.com\/pt-pt\/wp-json\/wp\/v2\/users\/4"}],"replies":[{"embeddable":true,"href":"https:\/\/www.semlex.com\/pt-pt\/wp-json\/wp\/v2\/comments?post=12739"}],"version-history":[{"count":3,"href":"https:\/\/www.semlex.com\/pt-pt\/wp-json\/wp\/v2\/pages\/12739\/revisions"}],"predecessor-version":[{"id":12924,"href":"https:\/\/www.semlex.com\/pt-pt\/wp-json\/wp\/v2\/pages\/12739\/revisions\/12924"}],"up":[{"embeddable":true,"href":"https:\/\/www.semlex.com\/pt-pt\/wp-json\/wp\/v2\/pages\/12734"}],"wp:featuredmedia":[{"embeddable":true,"href":"https:\/\/www.semlex.com\/pt-pt\/wp-json\/wp\/v2\/media\/11778"}],"wp:attachment":[{"href":"https:\/\/www.semlex.com\/pt-pt\/wp-json\/wp\/v2\/media?parent=12739"}],"curies":[{"name":"wp","href":"https:\/\/api.w.org\/{rel}","templated":true}]}}