{"id":12738,"date":"2015-02-16T09:50:40","date_gmt":"2015-02-16T08:50:40","guid":{"rendered":"https:\/\/www.semlex.com\/produits\/actes-civils-diplomes-certificats\/"},"modified":"2023-02-15T17:57:48","modified_gmt":"2023-02-15T16:57:48","slug":"atos-registo-civil-diplomas-certidoes","status":"publish","type":"page","link":"https:\/\/www.semlex.com\/pt-pt\/produtos\/atos-registo-civil-diplomas-certidoes\/","title":{"rendered":"Atos do registo civil, diplomas e certid\u00f5es"},"content":{"rendered":"\n<section class=\"product_header\">\n\n\t<div class=\"product_infos apparition\">\n\t\t\t<img decoding=\"async\" class=\"product_overview\" src=\"https:\/\/www.semlex.com\/wp-content\/uploads\/2023\/02\/jubaland-car-registration-certificate.png\" alt=\"\" width=\"500\" >\n\t\t\t<h2><\/h2>\n\t\t\t<h4>OS NOSSOS PRODUTOS <\/h4>\n\t\t\t<p>A Semlex produz documentos de registo civil, diplomas, certid\u00f5es (digitais ou em papel) e outros documentos que necessitam de prote\u00e7\u00e3o destinados a n\u00fameras institui\u00e7\u00f5es. <\/p>\n\t\t\t\n\t\t\t<div class=\"tags\">\n\t\t\t\t\t\t\t\t\t<\/div>\n\t\t<\/div>\n<\/section>\n\n\t<section class=\"product_security\">\n\t\n\t\t<h3 class=\"section_title\">As nossas caracter\u00edsticas de seguran\u00e7a<\/h3>\n\t\t<p>Por forma a garantir a seguran\u00e7a fiduci\u00e1ria dos seus documentos e a evitar a sua falsifica\u00e7\u00e3o, s\u00e3o-lhe propostas as seguintes caracter\u00edsticas t\u00e9cnicas:<\/p>\n\t\n\t\t<div class=\"securities_grid_container\">\n\t\t\t\t\t<div class=\"available_security_card\">\n\t\t\t\t<div class=\"details\">\n\t\t\t\t\t<h4 class=\"security_title\">Caracter\u00edsticas do papel <\/h4>\n\t\t\t\t\t<p>O papel ter\u00e1 caracter\u00edsticas de absor\u00e7\u00e3o e rugosidade adequadas e pode conter fibras com propriedades fluorescentes.  Estas fibras podem ser vis\u00edveis (fibras coloridas) ou invis\u00edveis \u00e0 luz normal. As p\u00e1ginas podem ser agrupadas mediante uma linha que reage numa ou mais cores com exposi\u00e7\u00e3o \u00e0 luz ultravioleta. <\/p>\n\t\t\t\t<\/div>\n\t\t\t\t<img decoding=\"async\" src=\"https:\/\/www.semlex.com\/wp-content\/uploads\/2022\/12\/Visa-Caracteristiques-du-papier-Semlex.webp\" alt=\"\">\n\t\n\t\t\t<\/div>\n\t\t\t\t\t\t\t<div class=\"available_security_card\">\n\t\t\t\t<div class=\"details\">\n\t\t\t\t\t<h4 class=\"security_title\">Douradura <\/h4>\n\t\t\t\t\t<p>Estampagem a quente sobre o papel. <\/p>\n\t\t\t\t<\/div>\n\t\t\t\t<img decoding=\"async\" src=\"https:\/\/www.semlex.com\/wp-content\/uploads\/2022\/12\/Passport-Dorure.webp\" alt=\"\">\n\t\n\t\t\t<\/div>\n\t\t\t\t\t\t\t<div class=\"available_security_card\">\n\t\t\t\t<div class=\"details\">\n\t\t\t\t\t<h4 class=\"security_title\">Tinta oticamente vari\u00e1vel (OVI) <\/h4>\n\t\t\t\t\t<p>Pigmentos oticamente vari\u00e1veis que est\u00e3o sujeitos a varia\u00e7\u00f5es crom\u00e1ticas significativas, dependendo do \u00e2ngulo de observa\u00e7\u00e3o ou de ilumina\u00e7\u00e3o. <\/p>\n\t\t\t\t<\/div>\n\t\t\t\t<img decoding=\"async\" src=\"https:\/\/www.semlex.com\/wp-content\/uploads\/2022\/12\/Passport-OVI.webp\" alt=\"\">\n\t\n\t\t\t<\/div>\n\t\t\t\t\t\t\t<div class=\"available_security_card\">\n\t\t\t\t<div class=\"details\">\n\t\t\t\t\t<h4 class=\"security_title\">Tinta fotocrom\u00e1tica <\/h4>\n\t\t\t\t\t<p>Trata-se de um padr\u00e3o que fica vis\u00edvel \u00e0 luz solar e que se mant\u00e9m vis\u00edvel durante algum tempo ap\u00f3s a exposi\u00e7\u00e3o. <\/p>\n\t\t\t\t<\/div>\n\t\t\t\t<img decoding=\"async\" src=\"https:\/\/www.semlex.com\/wp-content\/uploads\/2022\/12\/Semlex-Produits-Passport-Photocrome.webp\" alt=\"\">\n\t\n\t\t\t<\/div>\n\t\t\t\t\t\t\t<div class=\"available_security_card\">\n\t\t\t\t<div class=\"details\">\n\t\t\t\t\t<h4 class=\"security_title\">Tinta fluorescente UV <\/h4>\n\t\t\t\t\t<p>Padr\u00f5es impressos com tinta que apenas \u00e9 vis\u00edvel sob luz ultravioleta. <\/p>\n\t\t\t\t<\/div>\n\t\t\t\t<img decoding=\"async\" src=\"https:\/\/www.semlex.com\/wp-content\/uploads\/2022\/12\/Passport-Fluo.webp\" alt=\"\">\n\t\n\t\t\t<\/div>\n\t\t\t\t\t\t\t<div class=\"available_security_card\">\n\t\t\t\t<div class=\"details\">\n\t\t\t\t\t<h4 class=\"security_title\">Marca de \u00e1gua <\/h4>\n\t\t\t\t\t<p>Trata-se de imagem, texto ou padr\u00e3o incorporados no papel durante o processo de fabrico atrav\u00e9s da desloca\u00e7\u00e3o das fibras de papel, o que permite variar a espessura do papel. <\/p>\n\t\t\t\t<\/div>\n\t\t\t\t<img decoding=\"async\" src=\"https:\/\/www.semlex.com\/wp-content\/uploads\/2022\/12\/Passport-Filigrane-1.webp\" alt=\"\">\n\t\n\t\t\t<\/div>\n\t\t\t\t\t\t\t<div class=\"available_security_card\">\n\t\t\t\t<div class=\"details\">\n\t\t\t\t\t<h4 class=\"security_title\">Guilloch\u00e9 <\/h4>\n\t\t\t\t\t<p>Linhas finas complexas constitu\u00eddas por linhas cont\u00ednuas entrela\u00e7adas que formam padr\u00f5es geom\u00e9tricos e impedem qualquer tentativa de as recriar ou reproduzir. <\/p>\n\t\t\t\t<\/div>\n\t\t\t\t<img decoding=\"async\" src=\"https:\/\/www.semlex.com\/wp-content\/uploads\/2022\/12\/Passport-Guilloches-1.webp\" alt=\"\">\n\t\n\t\t\t<\/div>\n\t\t\t\t\t\t\t<div class=\"available_security_card\">\n\t\t\t\t<div class=\"details\">\n\t\t\t\t\t<h4 class=\"security_title\">Holograma <\/h4>\n\t\t\t\t\t<p>Imagem tridimensional com efeito de relevo. <\/p>\n\t\t\t\t<\/div>\n\t\t\t\t<img decoding=\"async\" src=\"https:\/\/www.semlex.com\/wp-content\/uploads\/2022\/12\/Hologramme.webp\" alt=\"\">\n\t\n\t\t\t<\/div>\n\t\t\t\t\t\t\t<div class=\"available_security_card\">\n\t\t\t\t<div class=\"details\">\n\t\t\t\t\t<h4 class=\"security_title\">Impress\u00e3o iridescente  \u00ab\u00a0rainbow\u00a0\u00bb<\/h4>\n\t\t\t\t\t<p>Altera\u00e7\u00e3o progressiva da cor para proteger documentos seguros contra a separa\u00e7\u00e3o ou c\u00f3pia de cores. <\/p>\n\t\t\t\t<\/div>\n\t\t\t\t<img decoding=\"async\" src=\"https:\/\/www.semlex.com\/wp-content\/uploads\/2022\/12\/Passport-Irisee-1.webp\" alt=\"\">\n\t\n\t\t\t<\/div>\n\t\t\t\t\t\t\t<div class=\"available_security_card\">\n\t\t\t\t<div class=\"details\">\n\t\t\t\t\t<h4 class=\"security_title\">Marcadores qu\u00edmicos <\/h4>\n\t\t\t\t\t<p>Reagentes de seguran\u00e7a (\u00e1cidos, alcalinos, descolorantes) utilizados como prote\u00e7\u00e3o contra tentativas de falsifica\u00e7\u00e3o por apagamento qu\u00edmico. <\/p>\n\t\t\t\t<\/div>\n\t\t\t\t<img decoding=\"async\" src=\"https:\/\/www.semlex.com\/wp-content\/uploads\/2022\/12\/Produits-Chimique.webp\" alt=\"\">\n\t\n\t\t\t<\/div>\n\t\t\t\t\t\t\t<div class=\"available_security_card\">\n\t\t\t\t<div class=\"details\">\n\t\t\t\t\t<h4 class=\"security_title\">Microimpress\u00e3o <\/h4>\n\t\t\t\t\t<p>Linhas ou padr\u00f5es que consistem em letras ou n\u00fameros muito pequenos. <\/p>\n\t\t\t\t<\/div>\n\t\t\t\t<img decoding=\"async\" src=\"https:\/\/www.semlex.com\/wp-content\/uploads\/2022\/12\/Passport-Microimpression.webp\" alt=\"\">\n\t\n\t\t\t<\/div>\n\t\t\t\t\t\t\t<div class=\"available_security_card\">\n\t\t\t\t<div class=\"details\">\n\t\t\t\t\t<h4 class=\"security_title\">Fundo anti-c\u00f3pia <\/h4>\n\t\t\t\t\t<p>Elementos de seguran\u00e7a impressos com informa\u00e7\u00f5es incorporadas que s\u00e3o invis\u00edveis a olho nu em condi\u00e7\u00f5es normais de visualiza\u00e7\u00e3o, mas que se tornam vis\u00edveis ou leg\u00edveis, ou que causam defeitos (anomalias) ap\u00f3s c\u00f3pia ou reprodu\u00e7\u00e3o atrav\u00e9s de um scanner. <\/p>\n\t\t\t\t<\/div>\n\t\t\t\t<img decoding=\"async\" src=\"https:\/\/www.semlex.com\/wp-content\/uploads\/2022\/12\/Fond-anti-copie.jpg\" alt=\"\">\n\t\n\t\t\t<\/div>\n\t\t\t\t\t\t\t<div class=\"available_security_card\">\n\t\t\t\t<div class=\"details\">\n\t\t\t\t\t<h4 class=\"security_title\">Palavras ocultas <\/h4>\n\t\t\t\t\t<p>Palavra ou desenho revelado utilizando o filtro apropriado. <\/p>\n\t\t\t\t<\/div>\n\t\t\t\t<img decoding=\"async\" src=\"https:\/\/www.semlex.com\/wp-content\/uploads\/2022\/12\/Dorures_Acte-Civil.png\" alt=\"\">\n\t\n\t\t\t<\/div>\n\t\t\t\t\t\t\t<div class=\"available_security_card\">\n\t\t\t\t<div class=\"details\">\n\t\t\t\t\t<h4 class=\"security_title\">Numera\u00e7\u00e3o <br \/>\r\n\u00ab\u00a0black laser\u00a0\u00bb  <br \/>\r\nou \u00ab\u00a0inkjet\u00a0\u00bb<\/h4>\n\t\t\t\t\t<p>Um n\u00famero sequencial \u00fanico impresso ou perfurado num documento que serve para o identificar. Esta particularidade assegura que o documento possa ser localizado em caso de perda ou roubo. <\/p>\n\t\t\t\t<\/div>\n\t\t\t\t<img decoding=\"async\" src=\"https:\/\/www.semlex.com\/wp-content\/uploads\/2022\/12\/Visa-Numerotage-Semlex-20150223.webp\" alt=\"\">\n\t\n\t\t\t<\/div>\n\t\t\t\t\t\t\t<div class=\"available_security_card\">\n\t\t\t\t<div class=\"details\">\n\t\t\t\t\t<h4 class=\"security_title\">Talho-doce e imagem latente <\/h4>\n\t\t\t\t\t<p>O talho-doce \u00e9 um processo de impress\u00e3o em que a imagem a ser impressa \u00e9 esculpida ou gravada na superf\u00edcie da chapa de impress\u00e3o, tornando-a percet\u00edvel ao toque. Este processo produz uma imagem latente, que \u00e9 vis\u00edvel quando inclinada e observada sob luz muito pr\u00f3xima. <\/p>\n\t\t\t\t<\/div>\n\t\t\t\t<img decoding=\"async\" src=\"https:\/\/www.semlex.com\/wp-content\/uploads\/2022\/12\/Passeport-taille-douce.webp\" alt=\"\">\n\t\n\t\t\t<\/div>\n\t\t\t\t\t\n\t\t<\/div>\n\t<\/section>\n\t\n\n\n\n","protected":false},"excerpt":{"rendered":"<p>A Semlex produz documentos de registo civil, diplomas e certid\u00f5es (digitais ou em papel).<\/p>\n","protected":false},"author":4,"featured_media":13906,"parent":12734,"menu_order":4,"comment_status":"open","ping_status":"closed","template":"template-products.php","meta":{"_acf_changed":false,"footnotes":""},"class_list":["post-12738","page","type-page","status-publish","has-post-thumbnail","hentry"],"acf":[],"yoast_head":"<!-- This site is optimized with the Yoast SEO plugin v25.5 - https:\/\/yoast.com\/wordpress\/plugins\/seo\/ -->\n<title>Atos do registo civil, diplomas e certid\u00f5es - Semlex<\/title>\n<meta name=\"description\" content=\"A Semlex produz documentos de registo civil, diplomas, certid\u00f5es (digitais ou em papel) e outros documentos que necessitam prote\u00e7\u00e3o destinados a n\u00fameras institui\u00e7\u00f5es.\" \/>\n<meta name=\"robots\" content=\"index, follow, max-snippet:-1, max-image-preview:large, max-video-preview:-1\" \/>\n<link rel=\"canonical\" href=\"https:\/\/www.semlex.com\/pt-pt\/produtos\/atos-registo-civil-diplomas-certidoes\/\" \/>\n<meta property=\"og:locale\" content=\"pt_PT\" \/>\n<meta property=\"og:type\" content=\"article\" \/>\n<meta property=\"og:title\" content=\"Atos do registo civil, diplomas e certid\u00f5es - Semlex\" \/>\n<meta property=\"og:description\" content=\"A Semlex produz documentos de registo civil, diplomas, certid\u00f5es (digitais ou em papel) e outros documentos que necessitam prote\u00e7\u00e3o destinados a n\u00fameras institui\u00e7\u00f5es.\" \/>\n<meta property=\"og:url\" content=\"https:\/\/www.semlex.com\/pt-pt\/produtos\/atos-registo-civil-diplomas-certidoes\/\" \/>\n<meta property=\"og:site_name\" content=\"Semlex\" \/>\n<meta property=\"article:publisher\" content=\"https:\/\/www.facebook.com\/semlexgroup\" \/>\n<meta property=\"article:modified_time\" content=\"2023-02-15T16:57:48+00:00\" \/>\n<meta property=\"og:image\" content=\"https:\/\/www.semlex.com\/wp-content\/uploads\/2023\/02\/jubaland-car-registration-certificate.png\" \/>\n\t<meta property=\"og:image:width\" content=\"789\" \/>\n\t<meta property=\"og:image:height\" content=\"1116\" \/>\n\t<meta property=\"og:image:type\" content=\"image\/png\" \/>\n<meta name=\"twitter:card\" content=\"summary_large_image\" \/>\n<script type=\"application\/ld+json\" class=\"yoast-schema-graph\">{\"@context\":\"https:\/\/schema.org\",\"@graph\":[{\"@type\":\"WebPage\",\"@id\":\"https:\/\/www.semlex.com\/pt-pt\/produtos\/atos-registo-civil-diplomas-certidoes\/\",\"url\":\"https:\/\/www.semlex.com\/pt-pt\/produtos\/atos-registo-civil-diplomas-certidoes\/\",\"name\":\"Atos do registo civil, diplomas e certid\u00f5es - Semlex\",\"isPartOf\":{\"@id\":\"https:\/\/www.semlex.com\/#website\"},\"primaryImageOfPage\":{\"@id\":\"https:\/\/www.semlex.com\/pt-pt\/produtos\/atos-registo-civil-diplomas-certidoes\/#primaryimage\"},\"image\":{\"@id\":\"https:\/\/www.semlex.com\/pt-pt\/produtos\/atos-registo-civil-diplomas-certidoes\/#primaryimage\"},\"thumbnailUrl\":\"https:\/\/www.semlex.com\/wp-content\/uploads\/2023\/02\/jubaland-car-registration-certificate.png\",\"datePublished\":\"2015-02-16T08:50:40+00:00\",\"dateModified\":\"2023-02-15T16:57:48+00:00\",\"description\":\"A Semlex produz documentos de registo civil, diplomas, certid\u00f5es (digitais ou em papel) e outros documentos que necessitam prote\u00e7\u00e3o destinados a n\u00fameras institui\u00e7\u00f5es.\",\"breadcrumb\":{\"@id\":\"https:\/\/www.semlex.com\/pt-pt\/produtos\/atos-registo-civil-diplomas-certidoes\/#breadcrumb\"},\"inLanguage\":\"pt-PT\",\"potentialAction\":[{\"@type\":\"ReadAction\",\"target\":[\"https:\/\/www.semlex.com\/pt-pt\/produtos\/atos-registo-civil-diplomas-certidoes\/\"]}]},{\"@type\":\"ImageObject\",\"inLanguage\":\"pt-PT\",\"@id\":\"https:\/\/www.semlex.com\/pt-pt\/produtos\/atos-registo-civil-diplomas-certidoes\/#primaryimage\",\"url\":\"https:\/\/www.semlex.com\/wp-content\/uploads\/2023\/02\/jubaland-car-registration-certificate.png\",\"contentUrl\":\"https:\/\/www.semlex.com\/wp-content\/uploads\/2023\/02\/jubaland-car-registration-certificate.png\",\"width\":789,\"height\":1116},{\"@type\":\"BreadcrumbList\",\"@id\":\"https:\/\/www.semlex.com\/pt-pt\/produtos\/atos-registo-civil-diplomas-certidoes\/#breadcrumb\",\"itemListElement\":[{\"@type\":\"ListItem\",\"position\":1,\"name\":\"Home\",\"item\":\"https:\/\/www.semlex.com\/pt-pt\/\"},{\"@type\":\"ListItem\",\"position\":2,\"name\":\"Produtos\",\"item\":\"https:\/\/www.semlex.com\/pt-pt\/produtos\/\"},{\"@type\":\"ListItem\",\"position\":3,\"name\":\"Atos do registo civil, diplomas e certid\u00f5es\"}]},{\"@type\":\"WebSite\",\"@id\":\"https:\/\/www.semlex.com\/#website\",\"url\":\"https:\/\/www.semlex.com\/\",\"name\":\"Semlex\",\"description\":\"For a secure world\",\"publisher\":{\"@id\":\"https:\/\/www.semlex.com\/#organization\"},\"potentialAction\":[{\"@type\":\"SearchAction\",\"target\":{\"@type\":\"EntryPoint\",\"urlTemplate\":\"https:\/\/www.semlex.com\/?s={search_term_string}\"},\"query-input\":{\"@type\":\"PropertyValueSpecification\",\"valueRequired\":true,\"valueName\":\"search_term_string\"}}],\"inLanguage\":\"pt-PT\"},{\"@type\":\"Organization\",\"@id\":\"https:\/\/www.semlex.com\/#organization\",\"name\":\"Semlex\",\"url\":\"https:\/\/www.semlex.com\/\",\"logo\":{\"@type\":\"ImageObject\",\"inLanguage\":\"pt-PT\",\"@id\":\"https:\/\/www.semlex.com\/#\/schema\/logo\/image\/\",\"url\":\"https:\/\/www.semlex.com\/wp-content\/uploads\/2022\/12\/logo_semlex.svg\",\"contentUrl\":\"https:\/\/www.semlex.com\/wp-content\/uploads\/2022\/12\/logo_semlex.svg\",\"caption\":\"Semlex\"},\"image\":{\"@id\":\"https:\/\/www.semlex.com\/#\/schema\/logo\/image\/\"},\"sameAs\":[\"https:\/\/www.facebook.com\/semlexgroup\"]}]}<\/script>\n<!-- \/ Yoast SEO plugin. -->","yoast_head_json":{"title":"Atos do registo civil, diplomas e certid\u00f5es - Semlex","description":"A Semlex produz documentos de registo civil, diplomas, certid\u00f5es (digitais ou em papel) e outros documentos que necessitam prote\u00e7\u00e3o destinados a n\u00fameras institui\u00e7\u00f5es.","robots":{"index":"index","follow":"follow","max-snippet":"max-snippet:-1","max-image-preview":"max-image-preview:large","max-video-preview":"max-video-preview:-1"},"canonical":"https:\/\/www.semlex.com\/pt-pt\/produtos\/atos-registo-civil-diplomas-certidoes\/","og_locale":"pt_PT","og_type":"article","og_title":"Atos do registo civil, diplomas e certid\u00f5es - Semlex","og_description":"A Semlex produz documentos de registo civil, diplomas, certid\u00f5es (digitais ou em papel) e outros documentos que necessitam prote\u00e7\u00e3o destinados a n\u00fameras institui\u00e7\u00f5es.","og_url":"https:\/\/www.semlex.com\/pt-pt\/produtos\/atos-registo-civil-diplomas-certidoes\/","og_site_name":"Semlex","article_publisher":"https:\/\/www.facebook.com\/semlexgroup","article_modified_time":"2023-02-15T16:57:48+00:00","og_image":[{"width":789,"height":1116,"url":"https:\/\/www.semlex.com\/wp-content\/uploads\/2023\/02\/jubaland-car-registration-certificate.png","type":"image\/png"}],"twitter_card":"summary_large_image","schema":{"@context":"https:\/\/schema.org","@graph":[{"@type":"WebPage","@id":"https:\/\/www.semlex.com\/pt-pt\/produtos\/atos-registo-civil-diplomas-certidoes\/","url":"https:\/\/www.semlex.com\/pt-pt\/produtos\/atos-registo-civil-diplomas-certidoes\/","name":"Atos do registo civil, diplomas e certid\u00f5es - Semlex","isPartOf":{"@id":"https:\/\/www.semlex.com\/#website"},"primaryImageOfPage":{"@id":"https:\/\/www.semlex.com\/pt-pt\/produtos\/atos-registo-civil-diplomas-certidoes\/#primaryimage"},"image":{"@id":"https:\/\/www.semlex.com\/pt-pt\/produtos\/atos-registo-civil-diplomas-certidoes\/#primaryimage"},"thumbnailUrl":"https:\/\/www.semlex.com\/wp-content\/uploads\/2023\/02\/jubaland-car-registration-certificate.png","datePublished":"2015-02-16T08:50:40+00:00","dateModified":"2023-02-15T16:57:48+00:00","description":"A Semlex produz documentos de registo civil, diplomas, certid\u00f5es (digitais ou em papel) e outros documentos que necessitam prote\u00e7\u00e3o destinados a n\u00fameras institui\u00e7\u00f5es.","breadcrumb":{"@id":"https:\/\/www.semlex.com\/pt-pt\/produtos\/atos-registo-civil-diplomas-certidoes\/#breadcrumb"},"inLanguage":"pt-PT","potentialAction":[{"@type":"ReadAction","target":["https:\/\/www.semlex.com\/pt-pt\/produtos\/atos-registo-civil-diplomas-certidoes\/"]}]},{"@type":"ImageObject","inLanguage":"pt-PT","@id":"https:\/\/www.semlex.com\/pt-pt\/produtos\/atos-registo-civil-diplomas-certidoes\/#primaryimage","url":"https:\/\/www.semlex.com\/wp-content\/uploads\/2023\/02\/jubaland-car-registration-certificate.png","contentUrl":"https:\/\/www.semlex.com\/wp-content\/uploads\/2023\/02\/jubaland-car-registration-certificate.png","width":789,"height":1116},{"@type":"BreadcrumbList","@id":"https:\/\/www.semlex.com\/pt-pt\/produtos\/atos-registo-civil-diplomas-certidoes\/#breadcrumb","itemListElement":[{"@type":"ListItem","position":1,"name":"Home","item":"https:\/\/www.semlex.com\/pt-pt\/"},{"@type":"ListItem","position":2,"name":"Produtos","item":"https:\/\/www.semlex.com\/pt-pt\/produtos\/"},{"@type":"ListItem","position":3,"name":"Atos do registo civil, diplomas e certid\u00f5es"}]},{"@type":"WebSite","@id":"https:\/\/www.semlex.com\/#website","url":"https:\/\/www.semlex.com\/","name":"Semlex","description":"For a secure world","publisher":{"@id":"https:\/\/www.semlex.com\/#organization"},"potentialAction":[{"@type":"SearchAction","target":{"@type":"EntryPoint","urlTemplate":"https:\/\/www.semlex.com\/?s={search_term_string}"},"query-input":{"@type":"PropertyValueSpecification","valueRequired":true,"valueName":"search_term_string"}}],"inLanguage":"pt-PT"},{"@type":"Organization","@id":"https:\/\/www.semlex.com\/#organization","name":"Semlex","url":"https:\/\/www.semlex.com\/","logo":{"@type":"ImageObject","inLanguage":"pt-PT","@id":"https:\/\/www.semlex.com\/#\/schema\/logo\/image\/","url":"https:\/\/www.semlex.com\/wp-content\/uploads\/2022\/12\/logo_semlex.svg","contentUrl":"https:\/\/www.semlex.com\/wp-content\/uploads\/2022\/12\/logo_semlex.svg","caption":"Semlex"},"image":{"@id":"https:\/\/www.semlex.com\/#\/schema\/logo\/image\/"},"sameAs":["https:\/\/www.facebook.com\/semlexgroup"]}]}},"_links":{"self":[{"href":"https:\/\/www.semlex.com\/pt-pt\/wp-json\/wp\/v2\/pages\/12738","targetHints":{"allow":["GET"]}}],"collection":[{"href":"https:\/\/www.semlex.com\/pt-pt\/wp-json\/wp\/v2\/pages"}],"about":[{"href":"https:\/\/www.semlex.com\/pt-pt\/wp-json\/wp\/v2\/types\/page"}],"author":[{"embeddable":true,"href":"https:\/\/www.semlex.com\/pt-pt\/wp-json\/wp\/v2\/users\/4"}],"replies":[{"embeddable":true,"href":"https:\/\/www.semlex.com\/pt-pt\/wp-json\/wp\/v2\/comments?post=12738"}],"version-history":[{"count":15,"href":"https:\/\/www.semlex.com\/pt-pt\/wp-json\/wp\/v2\/pages\/12738\/revisions"}],"predecessor-version":[{"id":13917,"href":"https:\/\/www.semlex.com\/pt-pt\/wp-json\/wp\/v2\/pages\/12738\/revisions\/13917"}],"up":[{"embeddable":true,"href":"https:\/\/www.semlex.com\/pt-pt\/wp-json\/wp\/v2\/pages\/12734"}],"wp:featuredmedia":[{"embeddable":true,"href":"https:\/\/www.semlex.com\/pt-pt\/wp-json\/wp\/v2\/media\/13906"}],"wp:attachment":[{"href":"https:\/\/www.semlex.com\/pt-pt\/wp-json\/wp\/v2\/media?parent=12738"}],"curies":[{"name":"wp","href":"https:\/\/api.w.org\/{rel}","templated":true}]}}