{"id":12737,"date":"2015-02-16T09:50:05","date_gmt":"2015-02-16T08:50:05","guid":{"rendered":"https:\/\/www.semlex.com\/produits\/visas\/"},"modified":"2023-01-31T10:16:23","modified_gmt":"2023-01-31T09:16:23","slug":"vistos","status":"publish","type":"page","link":"https:\/\/www.semlex.com\/pt-pt\/produtos\/vistos\/","title":{"rendered":"Vistos"},"content":{"rendered":"\n<section class=\"product_header\">\n\n\t<div class=\"product_infos apparition\">\n\t\t\t<img decoding=\"async\" class=\"product_overview\" src=\"https:\/\/www.semlex.com\/wp-content\/uploads\/2022\/12\/VISA-NOR-1.jpg\" alt=\"\" width=\"500\" >\n\t\t\t<h2><\/h2>\n\t\t\t<h4>OS NOSSOS PRODUTOS<\/h4>\n\t\t\t<p>A Semlex oferece um visto que cumpre as recomenda\u00e7\u00f5es do documento n.\u00ba 9303, parte. 2, da OACI.<\/p>\n\t\t\t\n\t\t\t<div class=\"tags\">\n\t\t\t\t\t\t\t\t\t<\/div>\n\t\t<\/div>\n<\/section>\n\n<section class=\"product_specifications apparition dark\">\n\n\t<h3 class=\"section_title\">Especifica\u00e7\u00f5es gerais<\/h3>\n\t<p>A Semlex oferece vistos com as seguintes caracter\u00edsticas:<\/p>\n\t\n\t<div class=\"specification_grid _2cols\">\n\t\t\t\t\t\n\t\t\t\t\t<div>\n\t\t\t\t<h4>Zona MRZ <\/h4>\n\t\t\t\t<p>Os dados nesta zona permitem a leitura autom\u00e1tica do nome, do n\u00famero do passaporte, da nacionalidade, da data de nascimento, do sexo, da data de validade e do n\u00famero de identifica\u00e7\u00e3o pessoal. <\/p>\n\t\t\t<\/div> \t\t\t<div>\n\t\t\t\t<h4>Formato <\/h4>\n\t\t\t\t<p>ISO 7810 em formato ID3. <\/p>\n\t\t\t<\/div> \t\t\t<div>\n\t\t\t\t<h4>Dimens\u00f5es <\/h4>\n\t\t\t\t<p>88 mm (+\/-0,75 mm) x 125 mm (+\/-0,75 mm). <\/p>\n\t\t\t<\/div> \t\t\t<div>\n\t\t\t\t<h4>Adapta\u00e7\u00e3o sob medida <\/h4>\n\t\t\t\t<p>Estas caracter\u00edsticas n\u00e3o s\u00e3o limitativas e podem ser adaptadas de acordo com as necessidades do cliente. <\/p>\n\t\t\t<\/div> \t\n\t<\/div>\n\t\n<\/section>\n\n\t<section class=\"product_security\">\n\t\n\t\t<h3 class=\"section_title\">As nossas caracter\u00edsticas de seguran\u00e7a<\/h3>\n\t\t<p>Por forma a garantir a seguran\u00e7a fiduci\u00e1ria dos seus documentos e a evitar a sua falsifica\u00e7\u00e3o, s\u00e3o-lhe propostas as seguintes caracter\u00edsticas t\u00e9cnicas:<\/p>\n\t\n\t\t<div class=\"securities_grid_container\">\n\t\t\t\t\t<div class=\"available_security_card\">\n\t\t\t\t<div class=\"details\">\n\t\t\t\t\t<h4 class=\"security_title\">Caracter\u00edsticas do papel <\/h4>\n\t\t\t\t\t<p>O papel ter\u00e1 caracter\u00edsticas de absor\u00e7\u00e3o e rugosidade adequadas e pode conter fibras com propriedades fluorescentes. Estas fibras podem ser vis\u00edveis (fibras coloridas) ou invis\u00edveis \u00e0 luz normal. Al\u00e9m disso, as p\u00e1ginas podem ser agrupadas mediante uma linha que reage numa ou mais cores com exposi\u00e7\u00e3o \u00e0 luz ultravioleta. <\/p>\n\t\t\t\t<\/div>\n\t\t\t\t<img decoding=\"async\" src=\"https:\/\/www.semlex.com\/wp-content\/uploads\/2022\/12\/Visa-Caracteristiques-du-papier-Semlex.webp\" alt=\"\">\n\t\n\t\t\t<\/div>\n\t\t\t\t\t\t\t<div class=\"available_security_card\">\n\t\t\t\t<div class=\"details\">\n\t\t\t\t\t<h4 class=\"security_title\">Tinta oticamente vari\u00e1vel (OVI) <\/h4>\n\t\t\t\t\t<p>Pigmentos oticamente vari\u00e1veis que est\u00e3o sujeitos a varia\u00e7\u00f5es crom\u00e1ticas significativas, dependendo do \u00e2ngulo de observa\u00e7\u00e3o ou de ilumina\u00e7\u00e3o. <\/p>\n\t\t\t\t<\/div>\n\t\t\t\t<img decoding=\"async\" src=\"https:\/\/www.semlex.com\/wp-content\/uploads\/2022\/12\/optiquement_variable.png\" alt=\"\">\n\t\n\t\t\t<\/div>\n\t\t\t\t\t\t\t<div class=\"available_security_card\">\n\t\t\t\t<div class=\"details\">\n\t\t\t\t\t<h4 class=\"security_title\">Tinta fotocrom\u00e1tica <\/h4>\n\t\t\t\t\t<p>Trata-se de um padr\u00e3o que fica vis\u00edvel \u00e0 luz solar e que se mant\u00e9m vis\u00edvel durante algum tempo ap\u00f3s a exposi\u00e7\u00e3o. <\/p>\n\t\t\t\t<\/div>\n\t\t\t\t<img decoding=\"async\" src=\"https:\/\/www.semlex.com\/wp-content\/uploads\/2022\/12\/Semlex-Produits-Passport-Photocrome.webp\" alt=\"\">\n\t\n\t\t\t<\/div>\n\t\t\t\t\t\t\t<div class=\"available_security_card\">\n\t\t\t\t<div class=\"details\">\n\t\t\t\t\t<h4 class=\"security_title\">Tinta fluorescente UV <\/h4>\n\t\t\t\t\t<p>Padr\u00f5es impressos vis\u00edveis apenas sob luz ultravioleta. <\/p>\n\t\t\t\t<\/div>\n\t\t\t\t<img decoding=\"async\" src=\"https:\/\/www.semlex.com\/wp-content\/uploads\/2022\/12\/Visa-Encre-photochrome-Semlex1.webp\" alt=\"\">\n\t\n\t\t\t<\/div>\n\t\t\t\t\t\t\t<div class=\"available_security_card\">\n\t\t\t\t<div class=\"details\">\n\t\t\t\t\t<h4 class=\"security_title\">Guilloch\u00e9 <\/h4>\n\t\t\t\t\t<p>Linhas finas complexas constitu\u00eddas por linhas cont\u00ednuas entrela\u00e7adas que formam padr\u00f5es geom\u00e9tricos e impedem qualquer tentativa de as recriar ou reproduzir. <\/p>\n\t\t\t\t<\/div>\n\t\t\t\t<img decoding=\"async\" src=\"https:\/\/www.semlex.com\/wp-content\/uploads\/2022\/12\/Visa-guilloche-Semlex-20150323.webp\" alt=\"\">\n\t\n\t\t\t<\/div>\n\t\t\t\t\t\t\t<div class=\"available_security_card\">\n\t\t\t\t<div class=\"details\">\n\t\t\t\t\t<h4 class=\"security_title\">Holograma <\/h4>\n\t\t\t\t\t<p>Uma imagem tridimensional (com um efeito de relevo) que muda o seu aspeto, dependendo da inclina\u00e7\u00e3o do documento. <\/p>\n\t\t\t\t<\/div>\n\t\t\t\t<img decoding=\"async\" src=\"https:\/\/www.semlex.com\/wp-content\/uploads\/2022\/12\/Visa-Encre-fluorescente-Semlex.webp\" alt=\"\">\n\t\n\t\t\t<\/div>\n\t\t\t\t\t\t\t<div class=\"available_security_card\">\n\t\t\t\t<div class=\"details\">\n\t\t\t\t\t<h4 class=\"security_title\">Impress\u00e3o iridescente <br \/>\r\n\u00ab rainbow \u00bb<\/h4>\n\t\t\t\t\t<p>Altera\u00e7\u00e3o progressiva da cor para proteger documentos seguros contra a separa\u00e7\u00e3o ou c\u00f3pia de cores. <\/p>\n\t\t\t\t<\/div>\n\t\t\t\t<img decoding=\"async\" src=\"https:\/\/www.semlex.com\/wp-content\/uploads\/2022\/12\/Visa-Impression-irisee-Semlex.webp\" alt=\"\">\n\t\n\t\t\t<\/div>\n\t\t\t\t\t\t\t<div class=\"available_security_card\">\n\t\t\t\t<div class=\"details\">\n\t\t\t\t\t<h4 class=\"security_title\">Microimpress\u00e3o <\/h4>\n\t\t\t\t\t<p>Linhas ou padr\u00f5es que consistem em letras ou n\u00fameros muito pequenos que n\u00e3o podem ser reproduzidos atrav\u00e9s de processos b\u00e1sicos de reprodu\u00e7\u00e3o. Utilizada para imprimir texto ou padr\u00f5es que s\u00e3o vis\u00edveis \u00e0 luz normal, esta tinta reage com a exposi\u00e7\u00e3o \u00e0 luz ultravioleta. <\/p>\n\t\t\t\t<\/div>\n\t\t\t\t<img decoding=\"async\" src=\"https:\/\/www.semlex.com\/wp-content\/uploads\/2022\/12\/Visa-MicroImpression.webp\" alt=\"\">\n\t\n\t\t\t<\/div>\n\t\t\t\t\t\t\t<div class=\"available_security_card\">\n\t\t\t\t<div class=\"details\">\n\t\t\t\t\t<h4 class=\"security_title\">Numera\u00e7\u00e3o <br \/>\r\n\u00ab\u00a0black laser\u00a0\u00bb  <br \/>\r\nou \u00ab\u00a0inkjet\u00a0\u00bb<\/h4>\n\t\t\t\t\t<p>Um n\u00famero sequencial \u00fanico impresso ou perfurado num documento que serve para o identificar. Esta particularidade assegura que o documento possa ser localizado em caso de perda ou roubo. <\/p>\n\t\t\t\t<\/div>\n\t\t\t\t<img decoding=\"async\" src=\"https:\/\/www.semlex.com\/wp-content\/uploads\/2022\/12\/Visa-Numerotage-Semlex-20150223.webp\" alt=\"\">\n\t\n\t\t\t<\/div>\n\t\t\t\t\t\t\t<div class=\"available_security_card\">\n\t\t\t\t<div class=\"details\">\n\t\t\t\t\t<h4 class=\"security_title\">M\u00e9todo de seguran\u00e7a <br \/>\r\n&#8220;die cut&#8221; <\/h4>\n\t\t\t\t\t<p>O &#8220;die cut&#8221; \u00e9 um pequeno recorte impresso com temas diferentes que provoca um rasg\u00e3o se se tentar descolar o papel em que se encontra. <\/p>\n\t\t\t\t<\/div>\n\t\t\t\t<img decoding=\"async\" src=\"https:\/\/www.semlex.com\/wp-content\/uploads\/2022\/12\/Securite-Die-cut.webp\" alt=\"\">\n\t\n\t\t\t<\/div>\n\t\t\t\t\t\t\t<div class=\"available_security_card\">\n\t\t\t\t<div class=\"details\">\n\t\t\t\t\t<h4 class=\"security_title\">Marcadores qu\u00edmicos <\/h4>\n\t\t\t\t\t<p>Reagentes de seguran\u00e7a (\u00e1cidos, alcalinos, descolorantes) utilizados como prote\u00e7\u00e3o contra tentativas de falsifica\u00e7\u00e3o por apagamento qu\u00edmico. <\/p>\n\t\t\t\t<\/div>\n\t\t\t\t<img decoding=\"async\" src=\"https:\/\/www.semlex.com\/wp-content\/uploads\/2022\/12\/Produits-Chimique.webp\" alt=\"\">\n\t\n\t\t\t<\/div>\n\t\t\t\t\t\n\t\t<\/div>\n\t<\/section>\n\t\n\n\n\n","protected":false},"excerpt":{"rendered":"<p>A Semlex oferece vistos que cumprem as recomenda\u00e7\u00f5es do documento n.\u00ba 9303, parte 2, da OACI.<\/p>\n","protected":false},"author":4,"featured_media":11763,"parent":12734,"menu_order":3,"comment_status":"open","ping_status":"closed","template":"template-products.php","meta":{"_acf_changed":false,"footnotes":""},"class_list":["post-12737","page","type-page","status-publish","has-post-thumbnail","hentry"],"acf":[],"yoast_head":"<!-- This site is optimized with the Yoast SEO plugin v25.5 - https:\/\/yoast.com\/wordpress\/plugins\/seo\/ -->\n<title>Vistos - Semlex<\/title>\n<meta name=\"description\" content=\"A Semlex oferece um visto que cumpre as recomenda\u00e7\u00f5es do documento n.\u00ba 9303, parte. 2, da OACI.\" \/>\n<meta name=\"robots\" content=\"index, follow, max-snippet:-1, max-image-preview:large, max-video-preview:-1\" \/>\n<link rel=\"canonical\" href=\"https:\/\/www.semlex.com\/pt-pt\/produtos\/vistos\/\" \/>\n<meta property=\"og:locale\" content=\"pt_PT\" \/>\n<meta property=\"og:type\" content=\"article\" \/>\n<meta property=\"og:title\" content=\"Vistos - Semlex\" \/>\n<meta property=\"og:description\" content=\"A Semlex oferece um visto que cumpre as recomenda\u00e7\u00f5es do documento n.\u00ba 9303, parte. 2, da OACI.\" \/>\n<meta property=\"og:url\" content=\"https:\/\/www.semlex.com\/pt-pt\/produtos\/vistos\/\" \/>\n<meta property=\"og:site_name\" content=\"Semlex\" \/>\n<meta property=\"article:publisher\" content=\"https:\/\/www.facebook.com\/semlexgroup\" \/>\n<meta property=\"article:modified_time\" content=\"2023-01-31T09:16:23+00:00\" \/>\n<meta property=\"og:image\" content=\"https:\/\/www.semlex.com\/wp-content\/uploads\/2022\/12\/VISA-NOR-1.jpg\" \/>\n\t<meta property=\"og:image:width\" content=\"1110\" \/>\n\t<meta property=\"og:image:height\" content=\"922\" \/>\n\t<meta property=\"og:image:type\" content=\"image\/jpeg\" \/>\n<meta name=\"twitter:card\" content=\"summary_large_image\" \/>\n<script type=\"application\/ld+json\" class=\"yoast-schema-graph\">{\"@context\":\"https:\/\/schema.org\",\"@graph\":[{\"@type\":\"WebPage\",\"@id\":\"https:\/\/www.semlex.com\/pt-pt\/produtos\/vistos\/\",\"url\":\"https:\/\/www.semlex.com\/pt-pt\/produtos\/vistos\/\",\"name\":\"Vistos - Semlex\",\"isPartOf\":{\"@id\":\"https:\/\/www.semlex.com\/#website\"},\"primaryImageOfPage\":{\"@id\":\"https:\/\/www.semlex.com\/pt-pt\/produtos\/vistos\/#primaryimage\"},\"image\":{\"@id\":\"https:\/\/www.semlex.com\/pt-pt\/produtos\/vistos\/#primaryimage\"},\"thumbnailUrl\":\"https:\/\/www.semlex.com\/wp-content\/uploads\/2022\/12\/VISA-NOR-1.jpg\",\"datePublished\":\"2015-02-16T08:50:05+00:00\",\"dateModified\":\"2023-01-31T09:16:23+00:00\",\"description\":\"A Semlex oferece um visto que cumpre as recomenda\u00e7\u00f5es do documento n.\u00ba 9303, parte. 2, da OACI.\",\"breadcrumb\":{\"@id\":\"https:\/\/www.semlex.com\/pt-pt\/produtos\/vistos\/#breadcrumb\"},\"inLanguage\":\"pt-PT\",\"potentialAction\":[{\"@type\":\"ReadAction\",\"target\":[\"https:\/\/www.semlex.com\/pt-pt\/produtos\/vistos\/\"]}]},{\"@type\":\"ImageObject\",\"inLanguage\":\"pt-PT\",\"@id\":\"https:\/\/www.semlex.com\/pt-pt\/produtos\/vistos\/#primaryimage\",\"url\":\"https:\/\/www.semlex.com\/wp-content\/uploads\/2022\/12\/VISA-NOR-1.jpg\",\"contentUrl\":\"https:\/\/www.semlex.com\/wp-content\/uploads\/2022\/12\/VISA-NOR-1.jpg\",\"width\":1110,\"height\":922},{\"@type\":\"BreadcrumbList\",\"@id\":\"https:\/\/www.semlex.com\/pt-pt\/produtos\/vistos\/#breadcrumb\",\"itemListElement\":[{\"@type\":\"ListItem\",\"position\":1,\"name\":\"Home\",\"item\":\"https:\/\/www.semlex.com\/pt-pt\/\"},{\"@type\":\"ListItem\",\"position\":2,\"name\":\"Produtos\",\"item\":\"https:\/\/www.semlex.com\/pt-pt\/produtos\/\"},{\"@type\":\"ListItem\",\"position\":3,\"name\":\"Vistos\"}]},{\"@type\":\"WebSite\",\"@id\":\"https:\/\/www.semlex.com\/#website\",\"url\":\"https:\/\/www.semlex.com\/\",\"name\":\"Semlex\",\"description\":\"For a secure world\",\"publisher\":{\"@id\":\"https:\/\/www.semlex.com\/#organization\"},\"potentialAction\":[{\"@type\":\"SearchAction\",\"target\":{\"@type\":\"EntryPoint\",\"urlTemplate\":\"https:\/\/www.semlex.com\/?s={search_term_string}\"},\"query-input\":{\"@type\":\"PropertyValueSpecification\",\"valueRequired\":true,\"valueName\":\"search_term_string\"}}],\"inLanguage\":\"pt-PT\"},{\"@type\":\"Organization\",\"@id\":\"https:\/\/www.semlex.com\/#organization\",\"name\":\"Semlex\",\"url\":\"https:\/\/www.semlex.com\/\",\"logo\":{\"@type\":\"ImageObject\",\"inLanguage\":\"pt-PT\",\"@id\":\"https:\/\/www.semlex.com\/#\/schema\/logo\/image\/\",\"url\":\"https:\/\/www.semlex.com\/wp-content\/uploads\/2022\/12\/logo_semlex.svg\",\"contentUrl\":\"https:\/\/www.semlex.com\/wp-content\/uploads\/2022\/12\/logo_semlex.svg\",\"caption\":\"Semlex\"},\"image\":{\"@id\":\"https:\/\/www.semlex.com\/#\/schema\/logo\/image\/\"},\"sameAs\":[\"https:\/\/www.facebook.com\/semlexgroup\"]}]}<\/script>\n<!-- \/ Yoast SEO plugin. -->","yoast_head_json":{"title":"Vistos - Semlex","description":"A Semlex oferece um visto que cumpre as recomenda\u00e7\u00f5es do documento n.\u00ba 9303, parte. 2, da OACI.","robots":{"index":"index","follow":"follow","max-snippet":"max-snippet:-1","max-image-preview":"max-image-preview:large","max-video-preview":"max-video-preview:-1"},"canonical":"https:\/\/www.semlex.com\/pt-pt\/produtos\/vistos\/","og_locale":"pt_PT","og_type":"article","og_title":"Vistos - Semlex","og_description":"A Semlex oferece um visto que cumpre as recomenda\u00e7\u00f5es do documento n.\u00ba 9303, parte. 2, da OACI.","og_url":"https:\/\/www.semlex.com\/pt-pt\/produtos\/vistos\/","og_site_name":"Semlex","article_publisher":"https:\/\/www.facebook.com\/semlexgroup","article_modified_time":"2023-01-31T09:16:23+00:00","og_image":[{"width":1110,"height":922,"url":"https:\/\/www.semlex.com\/wp-content\/uploads\/2022\/12\/VISA-NOR-1.jpg","type":"image\/jpeg"}],"twitter_card":"summary_large_image","schema":{"@context":"https:\/\/schema.org","@graph":[{"@type":"WebPage","@id":"https:\/\/www.semlex.com\/pt-pt\/produtos\/vistos\/","url":"https:\/\/www.semlex.com\/pt-pt\/produtos\/vistos\/","name":"Vistos - Semlex","isPartOf":{"@id":"https:\/\/www.semlex.com\/#website"},"primaryImageOfPage":{"@id":"https:\/\/www.semlex.com\/pt-pt\/produtos\/vistos\/#primaryimage"},"image":{"@id":"https:\/\/www.semlex.com\/pt-pt\/produtos\/vistos\/#primaryimage"},"thumbnailUrl":"https:\/\/www.semlex.com\/wp-content\/uploads\/2022\/12\/VISA-NOR-1.jpg","datePublished":"2015-02-16T08:50:05+00:00","dateModified":"2023-01-31T09:16:23+00:00","description":"A Semlex oferece um visto que cumpre as recomenda\u00e7\u00f5es do documento n.\u00ba 9303, parte. 2, da OACI.","breadcrumb":{"@id":"https:\/\/www.semlex.com\/pt-pt\/produtos\/vistos\/#breadcrumb"},"inLanguage":"pt-PT","potentialAction":[{"@type":"ReadAction","target":["https:\/\/www.semlex.com\/pt-pt\/produtos\/vistos\/"]}]},{"@type":"ImageObject","inLanguage":"pt-PT","@id":"https:\/\/www.semlex.com\/pt-pt\/produtos\/vistos\/#primaryimage","url":"https:\/\/www.semlex.com\/wp-content\/uploads\/2022\/12\/VISA-NOR-1.jpg","contentUrl":"https:\/\/www.semlex.com\/wp-content\/uploads\/2022\/12\/VISA-NOR-1.jpg","width":1110,"height":922},{"@type":"BreadcrumbList","@id":"https:\/\/www.semlex.com\/pt-pt\/produtos\/vistos\/#breadcrumb","itemListElement":[{"@type":"ListItem","position":1,"name":"Home","item":"https:\/\/www.semlex.com\/pt-pt\/"},{"@type":"ListItem","position":2,"name":"Produtos","item":"https:\/\/www.semlex.com\/pt-pt\/produtos\/"},{"@type":"ListItem","position":3,"name":"Vistos"}]},{"@type":"WebSite","@id":"https:\/\/www.semlex.com\/#website","url":"https:\/\/www.semlex.com\/","name":"Semlex","description":"For a secure world","publisher":{"@id":"https:\/\/www.semlex.com\/#organization"},"potentialAction":[{"@type":"SearchAction","target":{"@type":"EntryPoint","urlTemplate":"https:\/\/www.semlex.com\/?s={search_term_string}"},"query-input":{"@type":"PropertyValueSpecification","valueRequired":true,"valueName":"search_term_string"}}],"inLanguage":"pt-PT"},{"@type":"Organization","@id":"https:\/\/www.semlex.com\/#organization","name":"Semlex","url":"https:\/\/www.semlex.com\/","logo":{"@type":"ImageObject","inLanguage":"pt-PT","@id":"https:\/\/www.semlex.com\/#\/schema\/logo\/image\/","url":"https:\/\/www.semlex.com\/wp-content\/uploads\/2022\/12\/logo_semlex.svg","contentUrl":"https:\/\/www.semlex.com\/wp-content\/uploads\/2022\/12\/logo_semlex.svg","caption":"Semlex"},"image":{"@id":"https:\/\/www.semlex.com\/#\/schema\/logo\/image\/"},"sameAs":["https:\/\/www.facebook.com\/semlexgroup"]}]}},"_links":{"self":[{"href":"https:\/\/www.semlex.com\/pt-pt\/wp-json\/wp\/v2\/pages\/12737","targetHints":{"allow":["GET"]}}],"collection":[{"href":"https:\/\/www.semlex.com\/pt-pt\/wp-json\/wp\/v2\/pages"}],"about":[{"href":"https:\/\/www.semlex.com\/pt-pt\/wp-json\/wp\/v2\/types\/page"}],"author":[{"embeddable":true,"href":"https:\/\/www.semlex.com\/pt-pt\/wp-json\/wp\/v2\/users\/4"}],"replies":[{"embeddable":true,"href":"https:\/\/www.semlex.com\/pt-pt\/wp-json\/wp\/v2\/comments?post=12737"}],"version-history":[{"count":3,"href":"https:\/\/www.semlex.com\/pt-pt\/wp-json\/wp\/v2\/pages\/12737\/revisions"}],"predecessor-version":[{"id":12922,"href":"https:\/\/www.semlex.com\/pt-pt\/wp-json\/wp\/v2\/pages\/12737\/revisions\/12922"}],"up":[{"embeddable":true,"href":"https:\/\/www.semlex.com\/pt-pt\/wp-json\/wp\/v2\/pages\/12734"}],"wp:featuredmedia":[{"embeddable":true,"href":"https:\/\/www.semlex.com\/pt-pt\/wp-json\/wp\/v2\/media\/11763"}],"wp:attachment":[{"href":"https:\/\/www.semlex.com\/pt-pt\/wp-json\/wp\/v2\/media?parent=12737"}],"curies":[{"name":"wp","href":"https:\/\/api.w.org\/{rel}","templated":true}]}}