{"id":12736,"date":"2015-02-16T09:49:45","date_gmt":"2015-02-16T08:49:45","guid":{"rendered":"https:\/\/www.semlex.com\/produits\/passeports\/"},"modified":"2023-01-31T10:16:11","modified_gmt":"2023-01-31T09:16:11","slug":"passaportes","status":"publish","type":"page","link":"https:\/\/www.semlex.com\/pt-pt\/produtos\/passaportes\/","title":{"rendered":"Passaportes"},"content":{"rendered":"\n<section class=\"product_header\">\n\n\t<div class=\"product_infos apparition\">\n\t\t\t<img decoding=\"async\" class=\"product_overview\" src=\"https:\/\/www.semlex.com\/wp-content\/uploads\/2022\/12\/Passeport_2.webp\" alt=\"\" width=\"500\" >\n\t\t\t<h2><\/h2>\n\t\t\t<h4>OS NOSSOS PRODUTOS<\/h4>\n\t\t\t<p>Os passaportes produzidos pela Semlex cumprem rigorosamente os requisitos e recomenda\u00e7\u00f5es do documento n.\u00ba 9303 da OACI (Organiza\u00e7\u00e3o da Avia\u00e7\u00e3o Civil Internacional).<\/p>\n\t\t\t\n\t\t\t<div class=\"tags\">\n\t\t\t\t\t\t\t\t\t\t\t\t\t<div class=\"tag\">PASSAPORTES BIOM\u00c9TRICOS<\/div>\n\t\t\t\t\t\t\t\t\t\t\t\t\t\t<div class=\"tag\">PASSAPORTES ELETR\u00d3NICOS<\/div>\n\t\t\t\t\t\t\t\t\t\t<\/div>\n\t\t<\/div>\n<\/section>\n\n<section class=\"product_specifications apparition dark\">\n\n\t<h3 class=\"section_title\">Especifica\u00e7\u00f5es gerais<\/h3>\n\t<p>No caso dos passaportes eletr\u00f3nicos, os dados biom\u00e9tricos s\u00e3o armazenados num chip integrado sem contacto.<\/p>\n\t\n\t<div class=\"specification_grid _2cols\">\n\t\t\t\t\t\n\t\t\t\t\t<div>\n\t\t\t\t<h4>Especifica\u00e7\u00f5es da OACI<\/h4>\n\t\t\t\t<p>Um chip sem contacto cont\u00e9m, pelo menos, os dados \u00f3ticos presentes na zona de leitura autom\u00e1tica da p\u00e1gina de dados biogr\u00e1ficos do passaporte, bem como a fotografia do rosto. Todos os passaportes eletr\u00f3nicos em conformidade com as especifica\u00e7\u00f5es da OACI possuem o log\u00f3tipo internacional do passaporte eletr\u00f3nico na capa do livrete.<\/p>\n\t\t\t<\/div> \t\t\t<div>\n\t\t\t\t<h4>Seguran\u00e7a dos dados<\/h4>\n\t\t\t\t<p>Para garantir a seguran\u00e7a dos dados, utilizamos um controlo de acesso b\u00e1sico e um controlo de acesso alargado (autentica\u00e7\u00e3o de terminal) na zona de leitura autom\u00e1tica do documento (MRZ); a troca de dados \u00e9 protegida atrav\u00e9s de um protocolo criptogr\u00e1fico do tipo &#8220;Infraestrutura de chave p\u00fablica&#8221; (PKI).<\/p>\n\t\t\t<\/div> \t\t\t<div>\n\t\t\t\t<h4>Dimens\u00f5es<\/h4>\n\t\t\t\t<p>Dimens\u00f5es ISO 7810 em formato ID3: 88 mm (+\/-0,75 mm) x 125 mm (+\/-0,75 mm).<\/p>\n\t\t\t<\/div> \t\t\t<div>\n\t\t\t\t<h4>Adapta\u00e7\u00e3o sob medida<\/h4>\n\t\t\t\t<p>Estas caracter\u00edsticas n\u00e3o s\u00e3o limitativas e podem ser adaptadas de acordo com as necessidades do cliente.<\/p>\n\t\t\t<\/div> \t\n\t<\/div>\n\t\n<\/section>\n\n\t<section class=\"product_security\">\n\t\n\t\t<h3 class=\"section_title\">As nossas caracter\u00edsticas de seguran\u00e7a<\/h3>\n\t\t<p>Por forma a garantir a seguran\u00e7a fiduci\u00e1ria dos seus documentos e a evitar a sua falsifica\u00e7\u00e3o, s\u00e3o-lhe propostas as seguintes caracter\u00edsticas t\u00e9cnicas:<\/p>\n\t\n\t\t<div class=\"securities_grid_container\">\n\t\t\t\t\t<div class=\"available_security_card\">\n\t\t\t\t<div class=\"details\">\n\t\t\t\t\t<h4 class=\"security_title\">Caracter\u00edsticas do papel <\/h4>\n\t\t\t\t\t<p>O papel ter\u00e1 caracter\u00edsticas de absor\u00e7\u00e3o e rugosidade adequadas e pode conter fibras com propriedades fluorescentes sob luz ultravioleta. Estas fibras podem ser vis\u00edveis (fibras coloridas) ou invis\u00edveis \u00e0 luz normal. <\/p>\n\t\t\t\t<\/div>\n\t\t\t\t<img decoding=\"async\" src=\"https:\/\/www.semlex.com\/wp-content\/uploads\/2022\/12\/Produits-Chimique.webp\" alt=\"\">\n\t\n\t\t\t<\/div>\n\t\t\t\t\t\t\t<div class=\"available_security_card\">\n\t\t\t\t<div class=\"details\">\n\t\t\t\t\t<h4 class=\"security_title\">Douradura <\/h4>\n\t\t\t\t\t<p>Folha metalizada transferida para um substrato de estampagem a quente. Representa normalmente o bras\u00e3o de armas do pa\u00eds. <\/p>\n\t\t\t\t<\/div>\n\t\t\t\t<img decoding=\"async\" src=\"https:\/\/www.semlex.com\/wp-content\/uploads\/2022\/12\/Passport-Dorure.webp\" alt=\"\">\n\t\n\t\t\t<\/div>\n\t\t\t\t\t\t\t<div class=\"available_security_card\">\n\t\t\t\t<div class=\"details\">\n\t\t\t\t\t<h4 class=\"security_title\">Tinta infravermelha <\/h4>\n\t\t\t\t\t<p>Tinta apenas vis\u00edvel sob luz infravermelha. <\/p>\n\t\t\t\t<\/div>\n\t\t\t\t<img decoding=\"async\" src=\"https:\/\/www.semlex.com\/wp-content\/uploads\/2022\/12\/Encre-Infrarouge_RDC.webp\" alt=\"\">\n\t\n\t\t\t<\/div>\n\t\t\t\t\t\t\t<div class=\"available_security_card\">\n\t\t\t\t<div class=\"details\">\n\t\t\t\t\t<h4 class=\"security_title\">Tinta iridescente <\/h4>\n\t\t\t\t\t<p>Pel\u00edcula fina de pequenas cut\u00edculas de mica. Estas tintas causam interfer\u00eancias com a luz incidente. Resulta em efeitos brilhantes e de brilho perolado. <\/p>\n\t\t\t\t<\/div>\n\t\t\t\t<img decoding=\"async\" src=\"https:\/\/www.semlex.com\/wp-content\/uploads\/2022\/12\/Encre-iridescente_passeport.jpg\" alt=\"\">\n\t\n\t\t\t<\/div>\n\t\t\t\t\t\t\t<div class=\"available_security_card\">\n\t\t\t\t<div class=\"details\">\n\t\t\t\t\t<h4 class=\"security_title\">Tinta oticamente vari\u00e1vel (OVI) <\/h4>\n\t\t\t\t\t<p>Pigmentos oticamente vari\u00e1veis que est\u00e3o sujeitos a varia\u00e7\u00f5es crom\u00e1ticas significativas, dependendo do \u00e2ngulo de observa\u00e7\u00e3o ou de ilumina\u00e7\u00e3o. <\/p>\n\t\t\t\t<\/div>\n\t\t\t\t<img decoding=\"async\" src=\"https:\/\/www.semlex.com\/wp-content\/uploads\/2022\/12\/Passport-OVI.webp\" alt=\"\">\n\t\n\t\t\t<\/div>\n\t\t\t\t\t\t\t<div class=\"available_security_card\">\n\t\t\t\t<div class=\"details\">\n\t\t\t\t\t<h4 class=\"security_title\">Tinta fotocrom\u00e1tica <\/h4>\n\t\t\t\t\t<p>Trata-se de um padr\u00e3o que surge sob a luz solar e que se mant\u00e9m vis\u00edvel durante algum tempo ap\u00f3s a exposi\u00e7\u00e3o. <\/p>\n\t\t\t\t<\/div>\n\t\t\t\t<img decoding=\"async\" src=\"https:\/\/www.semlex.com\/wp-content\/uploads\/2022\/12\/Semlex-Produits-Passport-Photocrome.webp\" alt=\"\">\n\t\n\t\t\t<\/div>\n\t\t\t\t\t\t\t<div class=\"available_security_card\">\n\t\t\t\t<div class=\"details\">\n\t\t\t\t\t<h4 class=\"security_title\">Tinta fluorescente UV <\/h4>\n\t\t\t\t\t<p>Padr\u00f5es impressos vis\u00edveis apenas com a exposi\u00e7\u00e3o \u00e0 luz ultravioleta. <\/p>\n\t\t\t\t<\/div>\n\t\t\t\t<img decoding=\"async\" src=\"https:\/\/www.semlex.com\/wp-content\/uploads\/2022\/12\/Passport-Fluo.webp\" alt=\"\">\n\t\n\t\t\t<\/div>\n\t\t\t\t\t\t\t<div class=\"available_security_card\">\n\t\t\t\t<div class=\"details\">\n\t\t\t\t\t<h4 class=\"security_title\">Linha de costura fluorescente <\/h4>\n\t\t\t\t\t<p>As p\u00e1ginas do passaporte s\u00e3o unidas por uma ou por v\u00e1rias linhas de costura coloridas, que reagem com a exposi\u00e7\u00e3o \u00e0 luz ultravioleta. <\/p>\n\t\t\t\t<\/div>\n\t\t\t\t<img decoding=\"async\" src=\"https:\/\/www.semlex.com\/wp-content\/uploads\/2022\/12\/Passport-couture.webp\" alt=\"\">\n\t\n\t\t\t<\/div>\n\t\t\t\t\t\t\t<div class=\"available_security_card\">\n\t\t\t\t<div class=\"details\">\n\t\t\t\t\t<h4 class=\"security_title\">Marca de \u00e1gua <\/h4>\n\t\t\t\t\t<p>Trata-se de uma imagem, texto ou padr\u00e3o incorporados no papel durante o processo de fabrico atrav\u00e9s da desloca\u00e7\u00e3o das fibras de papel, o que permite variar a espessura do papel. <\/p>\n\t\t\t\t<\/div>\n\t\t\t\t<img decoding=\"async\" src=\"https:\/\/www.semlex.com\/wp-content\/uploads\/2022\/12\/Passport-Filigrane.webp\" alt=\"\">\n\t\n\t\t\t<\/div>\n\t\t\t\t\t\t\t<div class=\"available_security_card\">\n\t\t\t\t<div class=\"details\">\n\t\t\t\t\t<h4 class=\"security_title\">Relevo da capa <\/h4>\n\t\t\t\t\t<p>Elementos sens\u00edveis ao toque da pel\u00edcula de seguran\u00e7a. <\/p>\n\t\t\t\t<\/div>\n\t\t\t\t<img decoding=\"async\" src=\"https:\/\/www.semlex.com\/wp-content\/uploads\/2022\/12\/Passport-Gaufrage.webp\" alt=\"\">\n\t\n\t\t\t<\/div>\n\t\t\t\t\t\t\t<div class=\"available_security_card\">\n\t\t\t\t<div class=\"details\">\n\t\t\t\t\t<h4 class=\"security_title\">Guilloch\u00e9 <\/h4>\n\t\t\t\t\t<p>Linhas finas complexas constitu\u00eddas por linhas cont\u00ednuas entrela\u00e7adas que formam padr\u00f5es geom\u00e9tricos e impedem qualquer tentativa de as recriar ou reproduzir. <\/p>\n\t\t\t\t<\/div>\n\t\t\t\t<img decoding=\"async\" src=\"https:\/\/www.semlex.com\/wp-content\/uploads\/2022\/12\/Passport-Guilloches.webp\" alt=\"\">\n\t\n\t\t\t<\/div>\n\t\t\t\t\t\t\t<div class=\"available_security_card\">\n\t\t\t\t<div class=\"details\">\n\t\t\t\t\t<h4 class=\"security_title\">Impress\u00e3o iridescente  <br \/>\r\n\u00ab rainbow \u00bb<\/h4>\n\t\t\t\t\t<p>Altera\u00e7\u00e3o progressiva da cor para proteger documentos seguros contra a separa\u00e7\u00e3o ou c\u00f3pia de cores. <\/p>\n\t\t\t\t<\/div>\n\t\t\t\t<img decoding=\"async\" src=\"https:\/\/www.semlex.com\/wp-content\/uploads\/2022\/12\/Passport-Irisee.webp\" alt=\"\">\n\t\n\t\t\t<\/div>\n\t\t\t\t\t\t\t<div class=\"available_security_card\">\n\t\t\t\t<div class=\"details\">\n\t\t\t\t\t<h4 class=\"security_title\">Laminado ou adesivo hologr\u00e1fico <\/h4>\n\t\t\t\t\t<p>Laminado ou adesivo hologr\u00e1fico <br \/>\r\nPel\u00edcula hologr\u00e1fica aposta na p\u00e1gina de dados pessoais para proteger os campos de introdu\u00e7\u00e3o de dados contra a falsifica\u00e7\u00e3o. As pel\u00edculas de seguran\u00e7a s\u00e3o laminadas na p\u00e1gina a 165 \u00b0C para uma ades\u00e3o total e podem conter elementos de seguran\u00e7a espec\u00edficos que normalmente n\u00e3o est\u00e3o dispon\u00edveis no mercado. <\/p>\n\t\t\t\t<\/div>\n\t\t\t\t<img decoding=\"async\" src=\"https:\/\/www.semlex.com\/wp-content\/uploads\/2022\/12\/Passport-Surimpression.webp\" alt=\"\">\n\t\n\t\t\t<\/div>\n\t\t\t\t\t\t\t<div class=\"available_security_card\">\n\t\t\t\t<div class=\"details\">\n\t\t\t\t\t<h4 class=\"security_title\">Microimpress\u00e3o <\/h4>\n\t\t\t\t\t<p>Linhas ou padr\u00f5es que consistem em letras ou n\u00fameros muito pequenos que geralmente n\u00e3o podem ser reproduzidos atrav\u00e9s de processos b\u00e1sicos de reprodu\u00e7\u00e3o.<\/p>\n\t\t\t\t<\/div>\n\t\t\t\t<img decoding=\"async\" src=\"https:\/\/www.semlex.com\/wp-content\/uploads\/2022\/12\/Passport-Microimpression.webp\" alt=\"\">\n\t\n\t\t\t<\/div>\n\t\t\t\t\t\t\t<div class=\"available_security_card\">\n\t\t\t\t<div class=\"details\">\n\t\t\t\t\t<h4 class=\"security_title\">Padr\u00f5es anti-scan\/anti-c\u00f3pia <\/h4>\n\t\t\t\t\t<p>Elementos de seguran\u00e7a impressos com informa\u00e7\u00f5es incorporadas que s\u00e3o invis\u00edveis a olho nu em condi\u00e7\u00f5es normais de visualiza\u00e7\u00e3o, mas que se tornam vis\u00edveis ou leg\u00edveis, ou que causam defeitos (anomalias) ap\u00f3s c\u00f3pia ou reprodu\u00e7\u00e3o atrav\u00e9s de um scanner. <\/p>\n\t\t\t\t<\/div>\n\t\t\t\t<img decoding=\"async\" src=\"https:\/\/www.semlex.com\/wp-content\/uploads\/2022\/12\/Passport-Antiscane.webp\" alt=\"\">\n\t\n\t\t\t<\/div>\n\t\t\t\t\t\t\t<div class=\"available_security_card\">\n\t\t\t\t<div class=\"details\">\n\t\t\t\t\t<h4 class=\"security_title\">Numera\u00e7\u00e3o impressa\/perfurada <\/h4>\n\t\t\t\t\t<p>Um n\u00famero sequencial \u00fanico impresso e perfurado no passaporte que permite localizar o documento em caso de perda ou roubo. <\/p>\n\t\t\t\t<\/div>\n\t\t\t\t<img decoding=\"async\" src=\"https:\/\/www.semlex.com\/wp-content\/uploads\/2022\/12\/Passport-Numerotage.webp\" alt=\"\">\n\t\n\t\t\t<\/div>\n\t\t\t\t\t\t\t<div class=\"available_security_card\">\n\t\t\t\t<div class=\"details\">\n\t\t\t\t\t<h4 class=\"security_title\">Talho-doce e imagem latente <\/h4>\n\t\t\t\t\t<p>O talho-doce \u00e9 um processo de impress\u00e3o em que a imagem a ser impressa \u00e9 esculpida ou gravada na superf\u00edcie da chapa de impress\u00e3o, tornando-a percet\u00edvel ao toque. Este processo produz uma imagem latente, que \u00e9 vis\u00edvel quando inclinada e observada sob luz muito pr\u00f3xima. <\/p>\n\t\t\t\t<\/div>\n\t\t\t\t<img decoding=\"async\" src=\"https:\/\/www.semlex.com\/wp-content\/uploads\/2022\/12\/Passeport-taille-douce.webp\" alt=\"\">\n\t\n\t\t\t<\/div>\n\t\t\t\t\t\n\t\t<\/div>\n\t<\/section>\n\t\n\n\n\n","protected":false},"excerpt":{"rendered":"<p>A Semlex oferece passaportes que cumprem as recomenda\u00e7\u00f5es do documento n.\u00ba 9303 da OACI.<\/p>\n","protected":false},"author":4,"featured_media":11626,"parent":12734,"menu_order":2,"comment_status":"open","ping_status":"closed","template":"template-products.php","meta":{"_acf_changed":false,"footnotes":""},"class_list":["post-12736","page","type-page","status-publish","has-post-thumbnail","hentry"],"acf":[],"yoast_head":"<!-- This site is optimized with the Yoast SEO plugin v25.5 - https:\/\/yoast.com\/wordpress\/plugins\/seo\/ -->\n<title>Passaportes - Semlex<\/title>\n<meta name=\"description\" content=\"Os passaportes produzidos pela Semlex cumprem rigorosamente os requisitos e recomenda\u00e7\u00f5es do documento n.\u00ba 9303 da OACI (Organiza\u00e7\u00e3o da Avia\u00e7\u00e3o Civil Internacional).\" \/>\n<meta name=\"robots\" content=\"index, follow, max-snippet:-1, max-image-preview:large, max-video-preview:-1\" \/>\n<link rel=\"canonical\" href=\"https:\/\/www.semlex.com\/pt-pt\/produtos\/passaportes\/\" \/>\n<meta property=\"og:locale\" content=\"pt_PT\" \/>\n<meta property=\"og:type\" content=\"article\" \/>\n<meta property=\"og:title\" content=\"Passaportes - Semlex\" \/>\n<meta property=\"og:description\" content=\"Os passaportes produzidos pela Semlex cumprem rigorosamente os requisitos e recomenda\u00e7\u00f5es do documento n.\u00ba 9303 da OACI (Organiza\u00e7\u00e3o da Avia\u00e7\u00e3o Civil Internacional).\" \/>\n<meta property=\"og:url\" content=\"https:\/\/www.semlex.com\/pt-pt\/produtos\/passaportes\/\" \/>\n<meta property=\"og:site_name\" content=\"Semlex\" \/>\n<meta property=\"article:publisher\" content=\"https:\/\/www.facebook.com\/semlexgroup\" \/>\n<meta property=\"article:modified_time\" content=\"2023-01-31T09:16:11+00:00\" \/>\n<meta property=\"og:image\" content=\"https:\/\/www.semlex.com\/wp-content\/uploads\/2022\/12\/Passeport_2.webp\" \/>\n\t<meta property=\"og:image:width\" content=\"500\" \/>\n\t<meta property=\"og:image:height\" content=\"430\" \/>\n\t<meta property=\"og:image:type\" content=\"image\/webp\" \/>\n<meta name=\"twitter:card\" content=\"summary_large_image\" \/>\n<script type=\"application\/ld+json\" class=\"yoast-schema-graph\">{\"@context\":\"https:\/\/schema.org\",\"@graph\":[{\"@type\":\"WebPage\",\"@id\":\"https:\/\/www.semlex.com\/pt-pt\/produtos\/passaportes\/\",\"url\":\"https:\/\/www.semlex.com\/pt-pt\/produtos\/passaportes\/\",\"name\":\"Passaportes - Semlex\",\"isPartOf\":{\"@id\":\"https:\/\/www.semlex.com\/#website\"},\"primaryImageOfPage\":{\"@id\":\"https:\/\/www.semlex.com\/pt-pt\/produtos\/passaportes\/#primaryimage\"},\"image\":{\"@id\":\"https:\/\/www.semlex.com\/pt-pt\/produtos\/passaportes\/#primaryimage\"},\"thumbnailUrl\":\"https:\/\/www.semlex.com\/wp-content\/uploads\/2022\/12\/Passeport_2.webp\",\"datePublished\":\"2015-02-16T08:49:45+00:00\",\"dateModified\":\"2023-01-31T09:16:11+00:00\",\"description\":\"Os passaportes produzidos pela Semlex cumprem rigorosamente os requisitos e recomenda\u00e7\u00f5es do documento n.\u00ba 9303 da OACI (Organiza\u00e7\u00e3o da Avia\u00e7\u00e3o Civil Internacional).\",\"breadcrumb\":{\"@id\":\"https:\/\/www.semlex.com\/pt-pt\/produtos\/passaportes\/#breadcrumb\"},\"inLanguage\":\"pt-PT\",\"potentialAction\":[{\"@type\":\"ReadAction\",\"target\":[\"https:\/\/www.semlex.com\/pt-pt\/produtos\/passaportes\/\"]}]},{\"@type\":\"ImageObject\",\"inLanguage\":\"pt-PT\",\"@id\":\"https:\/\/www.semlex.com\/pt-pt\/produtos\/passaportes\/#primaryimage\",\"url\":\"https:\/\/www.semlex.com\/wp-content\/uploads\/2022\/12\/Passeport_2.webp\",\"contentUrl\":\"https:\/\/www.semlex.com\/wp-content\/uploads\/2022\/12\/Passeport_2.webp\",\"width\":500,\"height\":430},{\"@type\":\"BreadcrumbList\",\"@id\":\"https:\/\/www.semlex.com\/pt-pt\/produtos\/passaportes\/#breadcrumb\",\"itemListElement\":[{\"@type\":\"ListItem\",\"position\":1,\"name\":\"Home\",\"item\":\"https:\/\/www.semlex.com\/pt-pt\/\"},{\"@type\":\"ListItem\",\"position\":2,\"name\":\"Produtos\",\"item\":\"https:\/\/www.semlex.com\/pt-pt\/produtos\/\"},{\"@type\":\"ListItem\",\"position\":3,\"name\":\"Passaportes\"}]},{\"@type\":\"WebSite\",\"@id\":\"https:\/\/www.semlex.com\/#website\",\"url\":\"https:\/\/www.semlex.com\/\",\"name\":\"Semlex\",\"description\":\"For a secure world\",\"publisher\":{\"@id\":\"https:\/\/www.semlex.com\/#organization\"},\"potentialAction\":[{\"@type\":\"SearchAction\",\"target\":{\"@type\":\"EntryPoint\",\"urlTemplate\":\"https:\/\/www.semlex.com\/?s={search_term_string}\"},\"query-input\":{\"@type\":\"PropertyValueSpecification\",\"valueRequired\":true,\"valueName\":\"search_term_string\"}}],\"inLanguage\":\"pt-PT\"},{\"@type\":\"Organization\",\"@id\":\"https:\/\/www.semlex.com\/#organization\",\"name\":\"Semlex\",\"url\":\"https:\/\/www.semlex.com\/\",\"logo\":{\"@type\":\"ImageObject\",\"inLanguage\":\"pt-PT\",\"@id\":\"https:\/\/www.semlex.com\/#\/schema\/logo\/image\/\",\"url\":\"https:\/\/www.semlex.com\/wp-content\/uploads\/2022\/12\/logo_semlex.svg\",\"contentUrl\":\"https:\/\/www.semlex.com\/wp-content\/uploads\/2022\/12\/logo_semlex.svg\",\"caption\":\"Semlex\"},\"image\":{\"@id\":\"https:\/\/www.semlex.com\/#\/schema\/logo\/image\/\"},\"sameAs\":[\"https:\/\/www.facebook.com\/semlexgroup\"]}]}<\/script>\n<!-- \/ Yoast SEO plugin. -->","yoast_head_json":{"title":"Passaportes - Semlex","description":"Os passaportes produzidos pela Semlex cumprem rigorosamente os requisitos e recomenda\u00e7\u00f5es do documento n.\u00ba 9303 da OACI (Organiza\u00e7\u00e3o da Avia\u00e7\u00e3o Civil Internacional).","robots":{"index":"index","follow":"follow","max-snippet":"max-snippet:-1","max-image-preview":"max-image-preview:large","max-video-preview":"max-video-preview:-1"},"canonical":"https:\/\/www.semlex.com\/pt-pt\/produtos\/passaportes\/","og_locale":"pt_PT","og_type":"article","og_title":"Passaportes - Semlex","og_description":"Os passaportes produzidos pela Semlex cumprem rigorosamente os requisitos e recomenda\u00e7\u00f5es do documento n.\u00ba 9303 da OACI (Organiza\u00e7\u00e3o da Avia\u00e7\u00e3o Civil Internacional).","og_url":"https:\/\/www.semlex.com\/pt-pt\/produtos\/passaportes\/","og_site_name":"Semlex","article_publisher":"https:\/\/www.facebook.com\/semlexgroup","article_modified_time":"2023-01-31T09:16:11+00:00","og_image":[{"width":500,"height":430,"url":"https:\/\/www.semlex.com\/wp-content\/uploads\/2022\/12\/Passeport_2.webp","type":"image\/webp"}],"twitter_card":"summary_large_image","schema":{"@context":"https:\/\/schema.org","@graph":[{"@type":"WebPage","@id":"https:\/\/www.semlex.com\/pt-pt\/produtos\/passaportes\/","url":"https:\/\/www.semlex.com\/pt-pt\/produtos\/passaportes\/","name":"Passaportes - Semlex","isPartOf":{"@id":"https:\/\/www.semlex.com\/#website"},"primaryImageOfPage":{"@id":"https:\/\/www.semlex.com\/pt-pt\/produtos\/passaportes\/#primaryimage"},"image":{"@id":"https:\/\/www.semlex.com\/pt-pt\/produtos\/passaportes\/#primaryimage"},"thumbnailUrl":"https:\/\/www.semlex.com\/wp-content\/uploads\/2022\/12\/Passeport_2.webp","datePublished":"2015-02-16T08:49:45+00:00","dateModified":"2023-01-31T09:16:11+00:00","description":"Os passaportes produzidos pela Semlex cumprem rigorosamente os requisitos e recomenda\u00e7\u00f5es do documento n.\u00ba 9303 da OACI (Organiza\u00e7\u00e3o da Avia\u00e7\u00e3o Civil Internacional).","breadcrumb":{"@id":"https:\/\/www.semlex.com\/pt-pt\/produtos\/passaportes\/#breadcrumb"},"inLanguage":"pt-PT","potentialAction":[{"@type":"ReadAction","target":["https:\/\/www.semlex.com\/pt-pt\/produtos\/passaportes\/"]}]},{"@type":"ImageObject","inLanguage":"pt-PT","@id":"https:\/\/www.semlex.com\/pt-pt\/produtos\/passaportes\/#primaryimage","url":"https:\/\/www.semlex.com\/wp-content\/uploads\/2022\/12\/Passeport_2.webp","contentUrl":"https:\/\/www.semlex.com\/wp-content\/uploads\/2022\/12\/Passeport_2.webp","width":500,"height":430},{"@type":"BreadcrumbList","@id":"https:\/\/www.semlex.com\/pt-pt\/produtos\/passaportes\/#breadcrumb","itemListElement":[{"@type":"ListItem","position":1,"name":"Home","item":"https:\/\/www.semlex.com\/pt-pt\/"},{"@type":"ListItem","position":2,"name":"Produtos","item":"https:\/\/www.semlex.com\/pt-pt\/produtos\/"},{"@type":"ListItem","position":3,"name":"Passaportes"}]},{"@type":"WebSite","@id":"https:\/\/www.semlex.com\/#website","url":"https:\/\/www.semlex.com\/","name":"Semlex","description":"For a secure world","publisher":{"@id":"https:\/\/www.semlex.com\/#organization"},"potentialAction":[{"@type":"SearchAction","target":{"@type":"EntryPoint","urlTemplate":"https:\/\/www.semlex.com\/?s={search_term_string}"},"query-input":{"@type":"PropertyValueSpecification","valueRequired":true,"valueName":"search_term_string"}}],"inLanguage":"pt-PT"},{"@type":"Organization","@id":"https:\/\/www.semlex.com\/#organization","name":"Semlex","url":"https:\/\/www.semlex.com\/","logo":{"@type":"ImageObject","inLanguage":"pt-PT","@id":"https:\/\/www.semlex.com\/#\/schema\/logo\/image\/","url":"https:\/\/www.semlex.com\/wp-content\/uploads\/2022\/12\/logo_semlex.svg","contentUrl":"https:\/\/www.semlex.com\/wp-content\/uploads\/2022\/12\/logo_semlex.svg","caption":"Semlex"},"image":{"@id":"https:\/\/www.semlex.com\/#\/schema\/logo\/image\/"},"sameAs":["https:\/\/www.facebook.com\/semlexgroup"]}]}},"_links":{"self":[{"href":"https:\/\/www.semlex.com\/pt-pt\/wp-json\/wp\/v2\/pages\/12736","targetHints":{"allow":["GET"]}}],"collection":[{"href":"https:\/\/www.semlex.com\/pt-pt\/wp-json\/wp\/v2\/pages"}],"about":[{"href":"https:\/\/www.semlex.com\/pt-pt\/wp-json\/wp\/v2\/types\/page"}],"author":[{"embeddable":true,"href":"https:\/\/www.semlex.com\/pt-pt\/wp-json\/wp\/v2\/users\/4"}],"replies":[{"embeddable":true,"href":"https:\/\/www.semlex.com\/pt-pt\/wp-json\/wp\/v2\/comments?post=12736"}],"version-history":[{"count":6,"href":"https:\/\/www.semlex.com\/pt-pt\/wp-json\/wp\/v2\/pages\/12736\/revisions"}],"predecessor-version":[{"id":12990,"href":"https:\/\/www.semlex.com\/pt-pt\/wp-json\/wp\/v2\/pages\/12736\/revisions\/12990"}],"up":[{"embeddable":true,"href":"https:\/\/www.semlex.com\/pt-pt\/wp-json\/wp\/v2\/pages\/12734"}],"wp:featuredmedia":[{"embeddable":true,"href":"https:\/\/www.semlex.com\/pt-pt\/wp-json\/wp\/v2\/media\/11626"}],"wp:attachment":[{"href":"https:\/\/www.semlex.com\/pt-pt\/wp-json\/wp\/v2\/media?parent=12736"}],"curies":[{"name":"wp","href":"https:\/\/api.w.org\/{rel}","templated":true}]}}