{"id":12725,"date":"2015-02-06T17:21:23","date_gmt":"2015-02-06T16:21:23","guid":{"rendered":"https:\/\/www.semlex.com\/parcours\/"},"modified":"2023-01-31T13:31:03","modified_gmt":"2023-01-31T12:31:03","slug":"percursos","status":"publish","type":"page","link":"https:\/\/www.semlex.com\/pt-pt\/solucoes\/percursos\/","title":{"rendered":"Percursos"},"content":{"rendered":"\n<section class=\"parcours_solution_section\">\n\t<div class=\"intro_header\">\n\t\t<h2>O nosso acompanhamento<\/h2>\n\t\t<h5 class=\"subtitle\">SOLU\u00c7\u00d5ES PARA AS SUAS NECESSIDADES DE IDENTIFICA\u00c7\u00c3O DE CIDAD\u00c3OS E MERCADORIAS <\/h5>\n\t\t<p class=\"introduction\">A Semlex garante um acompanhamento permanente e sem falhas aos governos. <\/p>\n\t\t<div class=\"buttons\">\n\t\t\t<a class=\"cta citizen_path_btn\" href=\"#citizen_path\">\n\t\t\t\t\t\t\t\t\t\t\t\tPERCURSO DO CIDAD\u00c3O\n\t\t\t\t\t\t\t\t\t<\/a>\n\t\t\t<a class=\"cta government_path_btn\" href=\"#parcours_gouvernment\">\n\t\t\t\t\t\t\t\t\t\t\t\tPERCURSO DO GOVERNO\n\t\t\t\t\t\t\t\t\t<\/a>\n\t\t<\/div>\n\t<\/div>\n\t<video class=\"video_bg\" autoplay muted loop playsinline ?>&#8220;>\n\t\t<source src=\"https:\/\/www.semlex.com\/wp-content\/themes\/deligraph_semlex\/resources\/video\/video_background_solutions.mp4\" type=\"video\/mp4\">\n\t\tYour browser does not support the video tag.\n\t<\/video>\n\n\t<!-- PARCOURS CITOYEN -->\n\t<div id=\"citizen_path\" class=\"parcours\">\n\t\t<div class=\"chapter_scroller\">\n\t\t\t<div class=\"bullets\">\n\t\t\t\t\t\t\t\t\t<li class=\"chapter_bullet Pagamento\"><\/li>\n\t\t\t\t\t\t\t\t\t<li class=\"chapter_bullet Registo\"><\/li>\n\t\t\t\t\t\t\t\t\t<li class=\"chapter_bullet Compara\u00e7\u00e3o e valida\u00e7\u00e3o de dados\"><\/li>\n\t\t\t\t\t\t\t\t\t<li class=\"chapter_bullet Gest\u00e3o da produ\u00e7\u00e3o\"><\/li>\n\t\t\t\t\t\t\t\t\t<li class=\"chapter_bullet Gest\u00e3o da distribui\u00e7\u00e3o\"><\/li>\n\t\t\t\t\t\t\t\t\t<li class=\"chapter_bullet Digitaliza\u00e7\u00e3o da identidade\"><\/li>\n\t\t\t\t\t\t\t\t\t\n\t\t\t<\/div>\n\t\t<\/div>\n\t\t<h3 class=\"path_title\">\n\t\t\t\t\t\t\t\t\t\t\t\t<span>PERCURSO DO<\/span>\n\t\t\t\t\t\t\t<br\/>\n\t\t\t\t\t\t\tCIDAD\u00c3O\n\t\t\t\t\t\t\t\t<\/h3>\n\t\t<p class=\"path_intro\">Um exemplo cl\u00e1ssico e totalmente adapt\u00e1vel do percurso do cidad\u00e3o<\/p>\n\n\t\t\t\t\t<div class=\"citizen_step_container\">\n\t\t\t\t<img decoding=\"async\" class=\"steps_arrow_down\" src=\"https:\/\/www.semlex.com\/wp-content\/themes\/deligraph_semlex\/resources\/img\/steps_arrow_down.svg\" alt=\"arrow_down\" >\n\n\t\t\t\t<div class=\"citizen_step\">\t\n\t\t\t\t\t<img decoding=\"async\" class=\"icon\" src=\"https:\/\/www.semlex.com\/wp-content\/uploads\/2022\/12\/parcours_citoyen_paiement.svg\" alt=\"\" >\n\t\t\t\t\t<div class=\"details\">\n\t\t\t\t\t\t<h3>Pagamento<\/h3>\n\t\t\t\t\t\t<h5 class=\"subtitle\"><\/h5>\n\t\t\t\t\t\t<p class=\"step_text\">\u2022 Pagamento online<br \/>\r\n\u2022 Pagamento em numer\u00e1rio<\/p>\n\t\t\t\t\t<\/div>\n\t\t\t\t<\/div>\n\t\t\t<\/div>\n\t\t\t\t\t<div class=\"citizen_step_container\">\n\t\t\t\t<img decoding=\"async\" class=\"steps_arrow_down\" src=\"https:\/\/www.semlex.com\/wp-content\/themes\/deligraph_semlex\/resources\/img\/steps_arrow_down.svg\" alt=\"arrow_down\" >\n\n\t\t\t\t<div class=\"citizen_step\">\t\n\t\t\t\t\t<img decoding=\"async\" class=\"icon\" src=\"https:\/\/www.semlex.com\/wp-content\/uploads\/2022\/12\/parcours_citoyen_enrolement.svg\" alt=\"\" >\n\t\t\t\t\t<div class=\"details\">\n\t\t\t\t\t\t<h3>Registo<\/h3>\n\t\t\t\t\t\t<h5 class=\"subtitle\">(SOB O CONTROLO DE FUNCION\u00c1RIOS GOVERNAMENTAIS)<\/h5>\n\t\t\t\t\t\t<p class=\"step_text\">\u2022 Recolha de dados alfanum\u00e9ricos<br \/>\r\n\u2022 Recolha de dados biom\u00e9tricos <br \/>\r\n\u2022 Controlo da qualidade dos dados<\/p>\n\t\t\t\t\t<\/div>\n\t\t\t\t<\/div>\n\t\t\t<\/div>\n\t\t\t\t\t<div class=\"citizen_step_container\">\n\t\t\t\t<img decoding=\"async\" class=\"steps_arrow_down\" src=\"https:\/\/www.semlex.com\/wp-content\/themes\/deligraph_semlex\/resources\/img\/steps_arrow_down.svg\" alt=\"arrow_down\" >\n\n\t\t\t\t<div class=\"citizen_step\">\t\n\t\t\t\t\t<img decoding=\"async\" class=\"icon\" src=\"https:\/\/www.semlex.com\/wp-content\/uploads\/2022\/12\/parcours_citoyen_comparaison-1.svg\" alt=\"\" >\n\t\t\t\t\t<div class=\"details\">\n\t\t\t\t\t\t<h3>Compara\u00e7\u00e3o e valida\u00e7\u00e3o de dados<\/h3>\n\t\t\t\t\t\t<h5 class=\"subtitle\">(SOB O CONTROLO DE FUNCION\u00c1RIOS GOVERNAMENTAIS)<\/h5>\n\t\t\t\t\t\t<p class=\"step_text\">\u2022 Verifica\u00e7\u00e3o de dados durante o registo<br \/>\r\n\u2022 Compara\u00e7\u00e3o com os dados existentes na base de dados<\/p>\n\t\t\t\t\t<\/div>\n\t\t\t\t<\/div>\n\t\t\t<\/div>\n\t\t\t\t\t<div class=\"citizen_step_container\">\n\t\t\t\t<img decoding=\"async\" class=\"steps_arrow_down\" src=\"https:\/\/www.semlex.com\/wp-content\/themes\/deligraph_semlex\/resources\/img\/steps_arrow_down.svg\" alt=\"arrow_down\" >\n\n\t\t\t\t<div class=\"citizen_step\">\t\n\t\t\t\t\t<img decoding=\"async\" class=\"icon\" src=\"https:\/\/www.semlex.com\/wp-content\/uploads\/2022\/12\/parcours_citoyen_gestion_production.svg\" alt=\"\" >\n\t\t\t\t\t<div class=\"details\">\n\t\t\t\t\t\t<h3>Gest\u00e3o da produ\u00e7\u00e3o<\/h3>\n\t\t\t\t\t\t<h5 class=\"subtitle\">(REALIZADO POR FUNCION\u00c1RIOS GOVERNAMENTAIS OU POR FUNCION\u00c1RIOS DA SEMLEX)<\/h5>\n\t\t\t\t\t\t<p class=\"step_text\">\u2022 Gest\u00e3o de stock<br \/>\r\n\u2022 Personaliza\u00e7\u00e3o de documentos<br \/>\r\n\u2022 Controlo de qualidade<\/p>\n\t\t\t\t\t<\/div>\n\t\t\t\t<\/div>\n\t\t\t<\/div>\n\t\t\t\t\t<div class=\"citizen_step_container\">\n\t\t\t\t<img decoding=\"async\" class=\"steps_arrow_down\" src=\"https:\/\/www.semlex.com\/wp-content\/themes\/deligraph_semlex\/resources\/img\/steps_arrow_down.svg\" alt=\"arrow_down\" >\n\n\t\t\t\t<div class=\"citizen_step\">\t\n\t\t\t\t\t<img decoding=\"async\" class=\"icon\" src=\"https:\/\/www.semlex.com\/wp-content\/uploads\/2022\/12\/parcours_citoyen_gestion_distribution.svg\" alt=\"\" >\n\t\t\t\t\t<div class=\"details\">\n\t\t\t\t\t\t<h3>Gest\u00e3o da distribui\u00e7\u00e3o<\/h3>\n\t\t\t\t\t\t<h5 class=\"subtitle\">(REALIZADO POR FUNCION\u00c1RIOS GOVERNAMENTAIS OU POR FUNCION\u00c1RIOS DA SEMLEX)<\/h5>\n\t\t\t\t\t\t<p class=\"step_text\">\u2022 Gest\u00e3o de parcelas<br \/>\r\n\u2022 Autentica\u00e7\u00e3o biom\u00e9trica<br \/>\r\n\u2022 Entrega do documento ao cidad\u00e3o<br \/>\r\n\u2022 Gest\u00e3o de devolu\u00e7\u00f5es<\/p>\n\t\t\t\t\t<\/div>\n\t\t\t\t<\/div>\n\t\t\t<\/div>\n\t\t\t\t\t<div class=\"citizen_step_container\">\n\t\t\t\t<img decoding=\"async\" class=\"steps_arrow_down\" src=\"https:\/\/www.semlex.com\/wp-content\/themes\/deligraph_semlex\/resources\/img\/steps_arrow_down.svg\" alt=\"arrow_down\" >\n\n\t\t\t\t<div class=\"citizen_step\">\t\n\t\t\t\t\t<img decoding=\"async\" class=\"icon\" src=\"https:\/\/www.semlex.com\/wp-content\/uploads\/2022\/12\/parcours_citoyen_digitalisation.svg\" alt=\"\" >\n\t\t\t\t\t<div class=\"details\">\n\t\t\t\t\t\t<h3>Digitaliza\u00e7\u00e3o da identidade<\/h3>\n\t\t\t\t\t\t<h5 class=\"subtitle\"><\/h5>\n\t\t\t\t\t\t<p class=\"step_text\">\u2022 Acesso ao eGouvernement<br \/>\r\n\u2022 Identidade digital<br \/>\r\n\u2022 Assinatura eletr\u00f3nica<\/p>\n\t\t\t\t\t<\/div>\n\t\t\t\t<\/div>\n\t\t\t<\/div>\n\t\t\n\n\t<\/div>\n\t<video class=\"video_bg\" autoplay muted loop playsinline ?>&#8220;>\n\t\t<source src=\"https:\/\/www.semlex.com\/wp-content\/themes\/deligraph_semlex\/resources\/video\/video_background_solutions.mp4\" type=\"video\/mp4\">\n\t\tYour browser does not support the video tag.\n\t<\/video>\n\n\n\t<!-- PARCOURS GOUVERNEMENT -->\n\n\t<div id=\"government_path\" class=\"parcours\">\n\t\t<div class=\"chapter_scroller\">\n\t\t\t<div class=\"bullets\">\n\t\t\t\t\t\t\t\t\t<li class=\"chapter_bullet Assinatura do contrato\"><\/li>\n\t\t\t\t\t\t\t\t\t<li class=\"chapter_bullet Documento\"><\/li>\n\t\t\t\t\t\t\t\t\t<li class=\"chapter_bullet Material\"><\/li>\n\t\t\t\t\t\t\t\t\t<li class=\"chapter_bullet Software\"><\/li>\n\t\t\t\t\t\t\t\t\t<li class=\"chapter_bullet Edif\u00edcio\"><\/li>\n\t\t\t\t\t\t\t\t\t<li class=\"chapter_bullet Instala\u00e7\u00e3o e implanta\u00e7\u00e3o\"><\/li>\n\t\t\t\t\t\t\t\t\t<li class=\"chapter_bullet Recrutamento local\"><\/li>\n\t\t\t\t\t\t\t\t\t<li class=\"chapter_bullet Forma\u00e7\u00e3o\"><\/li>\n\t\t\t\t\t\t\t\t\t<li class=\"chapter_bullet Sistema operacional\"><\/li>\n\t\t\t\t\t\t\t<\/div>\n\t\t<\/div>\n\t\t<h3 class=\"path_title\">\n\t\t\t\t\t\t\t\t\t\t\t\t<span>PERCURSO DO<\/span>\n\t\t\t\t\t\t\t<br\/>\n\t\t\t\t\t\t\tGOVERNO\n\t\t\t\t\t\t\t\t<\/h3>\n\t\t<p class=\"path_intro\">Da assinatura ao lan\u00e7amento do projeto<\/p>\n\t\t\t\t\t<div class=\"government_step_container\">\n\t\t\t\t<img decoding=\"async\" class=\"steps_arrow_down\" src=\"https:\/\/www.semlex.com\/wp-content\/themes\/deligraph_semlex\/resources\/img\/steps_arrow_down.svg\" alt=\"arrow_down\" >\n\t\t\n\t\t\t\t<div class=\"government_step\">\n\t\t\t\t\t\t<img decoding=\"async\" class=\"icon\" src=\"https:\/\/www.semlex.com\/wp-content\/uploads\/2022\/12\/parcours_government_signature.svg\" alt=\"\" >\n\t\t\t\t\t\t<div class=\"details\">\n\t\t\t\t\t\t\t<h3>Assinatura do contrato<\/h3>\n\t\t\t\t\t\t\t<p><\/p>\n\t\t\t\t\t\t<\/div>\n\t\t\t\t\t<\/div>\n\t\t\t<\/div>\n\t\t\t\t\t<div class=\"government_step_container\">\n\t\t\t\t<img decoding=\"async\" class=\"steps_arrow_down\" src=\"https:\/\/www.semlex.com\/wp-content\/themes\/deligraph_semlex\/resources\/img\/steps_arrow_down.svg\" alt=\"arrow_down\" >\n\t\t\n\t\t\t\t<div class=\"government_step\">\n\t\t\t\t\t\t<img decoding=\"async\" class=\"icon\" src=\"https:\/\/www.semlex.com\/wp-content\/uploads\/2022\/12\/parcours_government_document.svg\" alt=\"\" >\n\t\t\t\t\t\t<div class=\"details\">\n\t\t\t\t\t\t\t<h3>Documento<\/h3>\n\t\t\t\t\t\t\t<p>\u2022 Design (integra\u00e7\u00e3o de elementos de seguran\u00e7a)<br \/>\r\n\u2022 Valida\u00e7\u00e3o do design pelo Estado<br \/>\r\n\u2022 Encomenda<br \/>\r\n\u2022 Entrega<\/p>\n\t\t\t\t\t\t<\/div>\n\t\t\t\t\t<\/div>\n\t\t\t<\/div>\n\t\t\t\t\t<div class=\"government_step_container\">\n\t\t\t\t<img decoding=\"async\" class=\"steps_arrow_down\" src=\"https:\/\/www.semlex.com\/wp-content\/themes\/deligraph_semlex\/resources\/img\/steps_arrow_down.svg\" alt=\"arrow_down\" >\n\t\t\n\t\t\t\t<div class=\"government_step\">\n\t\t\t\t\t\t<img decoding=\"async\" class=\"icon\" src=\"https:\/\/www.semlex.com\/wp-content\/uploads\/2022\/12\/parcours_government_materiel.svg\" alt=\"\" >\n\t\t\t\t\t\t<div class=\"details\">\n\t\t\t\t\t\t\t<h3>Material<\/h3>\n\t\t\t\t\t\t\t<p>\u2022 Prepara\u00e7\u00e3o da lista de materiais<br \/>\r\n\u2022 Encomenda<br \/>\r\n\u2022 Entrega<\/p>\n\t\t\t\t\t\t<\/div>\n\t\t\t\t\t<\/div>\n\t\t\t<\/div>\n\t\t\t\t\t<div class=\"government_step_container\">\n\t\t\t\t<img decoding=\"async\" class=\"steps_arrow_down\" src=\"https:\/\/www.semlex.com\/wp-content\/themes\/deligraph_semlex\/resources\/img\/steps_arrow_down.svg\" alt=\"arrow_down\" >\n\t\t\n\t\t\t\t<div class=\"government_step\">\n\t\t\t\t\t\t<img decoding=\"async\" class=\"icon\" src=\"https:\/\/www.semlex.com\/wp-content\/uploads\/2022\/12\/parcours_government_logiciel-1.svg\" alt=\"\" >\n\t\t\t\t\t\t<div class=\"details\">\n\t\t\t\t\t\t\t<h3>Software<\/h3>\n\t\t\t\t\t\t\t<p>\u2022 Valida\u00e7\u00e3o do funcionamento dos processos por parte do Estado <br \/>\r\n\u2022 Desenvolvimento de novas funcionalidades<br \/>\r\n\u2022 Configura\u00e7\u00e3o do software interno da Orbis<br \/>\r\n\u2022 Configura\u00e7\u00e3o do sistema de pagamento<br \/>\r\n\u2022 Relat\u00f3rio<\/p>\n\t\t\t\t\t\t<\/div>\n\t\t\t\t\t<\/div>\n\t\t\t<\/div>\n\t\t\t\t\t<div class=\"government_step_container\">\n\t\t\t\t<img decoding=\"async\" class=\"steps_arrow_down\" src=\"https:\/\/www.semlex.com\/wp-content\/themes\/deligraph_semlex\/resources\/img\/steps_arrow_down.svg\" alt=\"arrow_down\" >\n\t\t\n\t\t\t\t<div class=\"government_step\">\n\t\t\t\t\t\t<img decoding=\"async\" class=\"icon\" src=\"https:\/\/www.semlex.com\/wp-content\/uploads\/2022\/12\/parcours_government_batiment.svg\" alt=\"\" >\n\t\t\t\t\t\t<div class=\"details\">\n\t\t\t\t\t\t\t<h3>Edif\u00edcio<\/h3>\n\t\t\t\t\t\t\t<p>\u2022 An\u00e1lise do trabalho a realizar<br \/>\r\n\u2022 Entrega dos materiais de constru\u00e7\u00e3o\/mobili\u00e1rio necess\u00e1rios<br \/>\r\n\u2022 Constru\u00e7\u00e3o e\/ou planeamento<br \/>\r\n<\/p>\n\t\t\t\t\t\t<\/div>\n\t\t\t\t\t<\/div>\n\t\t\t<\/div>\n\t\t\t\t\t<div class=\"government_step_container\">\n\t\t\t\t<img decoding=\"async\" class=\"steps_arrow_down\" src=\"https:\/\/www.semlex.com\/wp-content\/themes\/deligraph_semlex\/resources\/img\/steps_arrow_down.svg\" alt=\"arrow_down\" >\n\t\t\n\t\t\t\t<div class=\"government_step\">\n\t\t\t\t\t\t<img decoding=\"async\" class=\"icon\" src=\"https:\/\/www.semlex.com\/wp-content\/uploads\/2022\/12\/parcours_government_installation.svg\" alt=\"\" >\n\t\t\t\t\t\t<div class=\"details\">\n\t\t\t\t\t\t\t<h3>Instala\u00e7\u00e3o e implanta\u00e7\u00e3o<\/h3>\n\t\t\t\t\t\t\t<p>\u2022 Constru\u00e7\u00e3o de um centro de dados<br \/>\r\n\u2022 Instala\u00e7\u00e3o da infraestrutura inform\u00e1tica<br \/>\r\n\u2022 Configura\u00e7\u00e3o de rede<br \/>\r\n\u2022 Parametriza\u00e7\u00e3o do material inform\u00e1tico<\/p>\n\t\t\t\t\t\t<\/div>\n\t\t\t\t\t<\/div>\n\t\t\t<\/div>\n\t\t\t\t\t<div class=\"government_step_container\">\n\t\t\t\t<img decoding=\"async\" class=\"steps_arrow_down\" src=\"https:\/\/www.semlex.com\/wp-content\/themes\/deligraph_semlex\/resources\/img\/steps_arrow_down.svg\" alt=\"arrow_down\" >\n\t\t\n\t\t\t\t<div class=\"government_step\">\n\t\t\t\t\t\t<img decoding=\"async\" class=\"icon\" src=\"https:\/\/www.semlex.com\/wp-content\/uploads\/2022\/12\/parcours_government_recrutement.svg\" alt=\"\" >\n\t\t\t\t\t\t<div class=\"details\">\n\t\t\t\t\t\t\t<h3>Recrutamento local<\/h3>\n\t\t\t\t\t\t\t<p><\/p>\n\t\t\t\t\t\t<\/div>\n\t\t\t\t\t<\/div>\n\t\t\t<\/div>\n\t\t\t\t\t<div class=\"government_step_container\">\n\t\t\t\t<img decoding=\"async\" class=\"steps_arrow_down\" src=\"https:\/\/www.semlex.com\/wp-content\/themes\/deligraph_semlex\/resources\/img\/steps_arrow_down.svg\" alt=\"arrow_down\" >\n\t\t\n\t\t\t\t<div class=\"government_step\">\n\t\t\t\t\t\t<img decoding=\"async\" class=\"icon\" src=\"https:\/\/www.semlex.com\/wp-content\/uploads\/2022\/12\/parcours_government_formation.svg\" alt=\"\" >\n\t\t\t\t\t\t<div class=\"details\">\n\t\t\t\t\t\t\t<h3>Forma\u00e7\u00e3o<\/h3>\n\t\t\t\t\t\t\t<p>\u2022 Forma\u00e7\u00e3o local de funcion\u00e1rios governamentais na utiliza\u00e7\u00e3o do sistema<\/p>\n\t\t\t\t\t\t<\/div>\n\t\t\t\t\t<\/div>\n\t\t\t<\/div>\n\t\t\t\t\t<div class=\"government_step_container\">\n\t\t\t\t<img decoding=\"async\" class=\"steps_arrow_down\" src=\"https:\/\/www.semlex.com\/wp-content\/themes\/deligraph_semlex\/resources\/img\/steps_arrow_down.svg\" alt=\"arrow_down\" >\n\t\t\n\t\t\t\t<div class=\"government_step\">\n\t\t\t\t\t\t<img decoding=\"async\" class=\"icon\" src=\"https:\/\/www.semlex.com\/wp-content\/uploads\/2022\/12\/parcours_government_systemeoperationnel.svg\" alt=\"\" >\n\t\t\t\t\t\t<div class=\"details\">\n\t\t\t\t\t\t\t<h3>Sistema operacional<\/h3>\n\t\t\t\t\t\t\t<p>\u2022 Apoio operacional e log\u00edstico<br \/>\r\n\u2022 Manuten\u00e7\u00e3o de hardware e software<br \/>\r\n\u2022 Gest\u00e3o do percurso do cidad\u00e3o em parceria com o Estado<br \/>\r\n\u2022 Evolu\u00e7\u00e3o e melhoria do sistema<br \/>\r\n\u2022 Transfer\u00eancia de conhecimentos<\/p>\n\t\t\t\t\t\t<\/div>\n\t\t\t\t\t<\/div>\n\t\t\t<\/div>\n\t\t\t<\/div>\n\n\n\t<video class=\"video_bg\" autoplay muted loop playsinline ?>&#8220;>\n\t\t<source src=\"https:\/\/www.semlex.com\/wp-content\/themes\/deligraph_semlex\/resources\/video\/video_background_solutions.mp4\" type=\"video\/mp4\">\n\t\tYour browser does not support the video tag.\n\t<\/video>\n\t<div class=\"more_informations\">\n\t\t<h3>Mais informa\u00e7\u00f5es ? <\/h3>\n\t\t\n\t\t<a class=\"cta button_arrowed\" href=\"https:\/\/www.semlex.com\/pt-pt\/contact\/\" >\n\t\t\tPreencha o nosso formul\u00e1rio de contacto\t\t\t<img src = \"https:\/\/www.semlex.com\/wp-content\/themes\/deligraph_semlex\/resources\/img\/arrow-lo-right-sm.svg\" alt=\"My Happy SVG\"\/>\n\t<\/a>\n\t<\/div>\n\n<\/section>\n\n","protected":false},"excerpt":{"rendered":"<p>A Semlex garante um acompanhamento permanente.<\/p>\n","protected":false},"author":4,"featured_media":0,"parent":12878,"menu_order":3,"comment_status":"open","ping_status":"open","template":"template-solutions.php","meta":{"_acf_changed":false,"footnotes":""},"class_list":["post-12725","page","type-page","status-publish","hentry"],"acf":[],"yoast_head":"<!-- This site is optimized with the Yoast SEO plugin v25.5 - https:\/\/yoast.com\/wordpress\/plugins\/seo\/ -->\n<title>Percursos - Semlex<\/title>\n<meta name=\"description\" content=\"A Semlex garante um acompanhamento permanente e sem falhas aos governos.\" \/>\n<meta name=\"robots\" content=\"index, follow, max-snippet:-1, max-image-preview:large, max-video-preview:-1\" \/>\n<link rel=\"canonical\" href=\"https:\/\/www.semlex.com\/pt-pt\/solucoes\/percursos\/\" \/>\n<meta property=\"og:locale\" content=\"pt_PT\" \/>\n<meta property=\"og:type\" content=\"article\" \/>\n<meta property=\"og:title\" content=\"Percursos - Semlex\" \/>\n<meta property=\"og:description\" content=\"A Semlex garante um acompanhamento permanente e sem falhas aos governos.\" \/>\n<meta property=\"og:url\" content=\"https:\/\/www.semlex.com\/pt-pt\/solucoes\/percursos\/\" \/>\n<meta property=\"og:site_name\" content=\"Semlex\" \/>\n<meta property=\"article:publisher\" content=\"https:\/\/www.facebook.com\/semlexgroup\" \/>\n<meta property=\"article:modified_time\" content=\"2023-01-31T12:31:03+00:00\" \/>\n<meta name=\"twitter:card\" content=\"summary_large_image\" \/>\n<script type=\"application\/ld+json\" class=\"yoast-schema-graph\">{\"@context\":\"https:\/\/schema.org\",\"@graph\":[{\"@type\":\"WebPage\",\"@id\":\"https:\/\/www.semlex.com\/pt-pt\/solucoes\/percursos\/\",\"url\":\"https:\/\/www.semlex.com\/pt-pt\/solucoes\/percursos\/\",\"name\":\"Percursos - Semlex\",\"isPartOf\":{\"@id\":\"https:\/\/www.semlex.com\/#website\"},\"datePublished\":\"2015-02-06T16:21:23+00:00\",\"dateModified\":\"2023-01-31T12:31:03+00:00\",\"description\":\"A Semlex garante um acompanhamento permanente e sem falhas aos governos.\",\"breadcrumb\":{\"@id\":\"https:\/\/www.semlex.com\/pt-pt\/solucoes\/percursos\/#breadcrumb\"},\"inLanguage\":\"pt-PT\",\"potentialAction\":[{\"@type\":\"ReadAction\",\"target\":[\"https:\/\/www.semlex.com\/pt-pt\/solucoes\/percursos\/\"]}]},{\"@type\":\"BreadcrumbList\",\"@id\":\"https:\/\/www.semlex.com\/pt-pt\/solucoes\/percursos\/#breadcrumb\",\"itemListElement\":[{\"@type\":\"ListItem\",\"position\":1,\"name\":\"Home\",\"item\":\"https:\/\/www.semlex.com\/pt-pt\/\"},{\"@type\":\"ListItem\",\"position\":2,\"name\":\"Solu\u00e7\u00f5es\",\"item\":\"https:\/\/www.semlex.com\/pt-pt\/solucoes\/\"},{\"@type\":\"ListItem\",\"position\":3,\"name\":\"Percursos\"}]},{\"@type\":\"WebSite\",\"@id\":\"https:\/\/www.semlex.com\/#website\",\"url\":\"https:\/\/www.semlex.com\/\",\"name\":\"Semlex\",\"description\":\"For a secure world\",\"publisher\":{\"@id\":\"https:\/\/www.semlex.com\/#organization\"},\"potentialAction\":[{\"@type\":\"SearchAction\",\"target\":{\"@type\":\"EntryPoint\",\"urlTemplate\":\"https:\/\/www.semlex.com\/?s={search_term_string}\"},\"query-input\":{\"@type\":\"PropertyValueSpecification\",\"valueRequired\":true,\"valueName\":\"search_term_string\"}}],\"inLanguage\":\"pt-PT\"},{\"@type\":\"Organization\",\"@id\":\"https:\/\/www.semlex.com\/#organization\",\"name\":\"Semlex\",\"url\":\"https:\/\/www.semlex.com\/\",\"logo\":{\"@type\":\"ImageObject\",\"inLanguage\":\"pt-PT\",\"@id\":\"https:\/\/www.semlex.com\/#\/schema\/logo\/image\/\",\"url\":\"https:\/\/www.semlex.com\/wp-content\/uploads\/2022\/12\/logo_semlex.svg\",\"contentUrl\":\"https:\/\/www.semlex.com\/wp-content\/uploads\/2022\/12\/logo_semlex.svg\",\"caption\":\"Semlex\"},\"image\":{\"@id\":\"https:\/\/www.semlex.com\/#\/schema\/logo\/image\/\"},\"sameAs\":[\"https:\/\/www.facebook.com\/semlexgroup\"]}]}<\/script>\n<!-- \/ Yoast SEO plugin. -->","yoast_head_json":{"title":"Percursos - Semlex","description":"A Semlex garante um acompanhamento permanente e sem falhas aos governos.","robots":{"index":"index","follow":"follow","max-snippet":"max-snippet:-1","max-image-preview":"max-image-preview:large","max-video-preview":"max-video-preview:-1"},"canonical":"https:\/\/www.semlex.com\/pt-pt\/solucoes\/percursos\/","og_locale":"pt_PT","og_type":"article","og_title":"Percursos - Semlex","og_description":"A Semlex garante um acompanhamento permanente e sem falhas aos governos.","og_url":"https:\/\/www.semlex.com\/pt-pt\/solucoes\/percursos\/","og_site_name":"Semlex","article_publisher":"https:\/\/www.facebook.com\/semlexgroup","article_modified_time":"2023-01-31T12:31:03+00:00","twitter_card":"summary_large_image","schema":{"@context":"https:\/\/schema.org","@graph":[{"@type":"WebPage","@id":"https:\/\/www.semlex.com\/pt-pt\/solucoes\/percursos\/","url":"https:\/\/www.semlex.com\/pt-pt\/solucoes\/percursos\/","name":"Percursos - Semlex","isPartOf":{"@id":"https:\/\/www.semlex.com\/#website"},"datePublished":"2015-02-06T16:21:23+00:00","dateModified":"2023-01-31T12:31:03+00:00","description":"A Semlex garante um acompanhamento permanente e sem falhas aos governos.","breadcrumb":{"@id":"https:\/\/www.semlex.com\/pt-pt\/solucoes\/percursos\/#breadcrumb"},"inLanguage":"pt-PT","potentialAction":[{"@type":"ReadAction","target":["https:\/\/www.semlex.com\/pt-pt\/solucoes\/percursos\/"]}]},{"@type":"BreadcrumbList","@id":"https:\/\/www.semlex.com\/pt-pt\/solucoes\/percursos\/#breadcrumb","itemListElement":[{"@type":"ListItem","position":1,"name":"Home","item":"https:\/\/www.semlex.com\/pt-pt\/"},{"@type":"ListItem","position":2,"name":"Solu\u00e7\u00f5es","item":"https:\/\/www.semlex.com\/pt-pt\/solucoes\/"},{"@type":"ListItem","position":3,"name":"Percursos"}]},{"@type":"WebSite","@id":"https:\/\/www.semlex.com\/#website","url":"https:\/\/www.semlex.com\/","name":"Semlex","description":"For a secure world","publisher":{"@id":"https:\/\/www.semlex.com\/#organization"},"potentialAction":[{"@type":"SearchAction","target":{"@type":"EntryPoint","urlTemplate":"https:\/\/www.semlex.com\/?s={search_term_string}"},"query-input":{"@type":"PropertyValueSpecification","valueRequired":true,"valueName":"search_term_string"}}],"inLanguage":"pt-PT"},{"@type":"Organization","@id":"https:\/\/www.semlex.com\/#organization","name":"Semlex","url":"https:\/\/www.semlex.com\/","logo":{"@type":"ImageObject","inLanguage":"pt-PT","@id":"https:\/\/www.semlex.com\/#\/schema\/logo\/image\/","url":"https:\/\/www.semlex.com\/wp-content\/uploads\/2022\/12\/logo_semlex.svg","contentUrl":"https:\/\/www.semlex.com\/wp-content\/uploads\/2022\/12\/logo_semlex.svg","caption":"Semlex"},"image":{"@id":"https:\/\/www.semlex.com\/#\/schema\/logo\/image\/"},"sameAs":["https:\/\/www.facebook.com\/semlexgroup"]}]}},"_links":{"self":[{"href":"https:\/\/www.semlex.com\/pt-pt\/wp-json\/wp\/v2\/pages\/12725","targetHints":{"allow":["GET"]}}],"collection":[{"href":"https:\/\/www.semlex.com\/pt-pt\/wp-json\/wp\/v2\/pages"}],"about":[{"href":"https:\/\/www.semlex.com\/pt-pt\/wp-json\/wp\/v2\/types\/page"}],"author":[{"embeddable":true,"href":"https:\/\/www.semlex.com\/pt-pt\/wp-json\/wp\/v2\/users\/4"}],"replies":[{"embeddable":true,"href":"https:\/\/www.semlex.com\/pt-pt\/wp-json\/wp\/v2\/comments?post=12725"}],"version-history":[{"count":11,"href":"https:\/\/www.semlex.com\/pt-pt\/wp-json\/wp\/v2\/pages\/12725\/revisions"}],"predecessor-version":[{"id":13645,"href":"https:\/\/www.semlex.com\/pt-pt\/wp-json\/wp\/v2\/pages\/12725\/revisions\/13645"}],"up":[{"embeddable":true,"href":"https:\/\/www.semlex.com\/pt-pt\/wp-json\/wp\/v2\/pages\/12878"}],"wp:attachment":[{"href":"https:\/\/www.semlex.com\/pt-pt\/wp-json\/wp\/v2\/media?parent=12725"}],"curies":[{"name":"wp","href":"https:\/\/api.w.org\/{rel}","templated":true}]}}