{"id":12721,"date":"2022-12-15T08:36:59","date_gmt":"2022-12-15T07:36:59","guid":{"rendered":"https:\/\/www.semlex.com\/a-propos\/"},"modified":"2024-03-13T12:45:29","modified_gmt":"2024-03-13T11:45:29","slug":"sobre-nos","status":"publish","type":"page","link":"https:\/\/www.semlex.com\/pt-pt\/sobre-nos\/","title":{"rendered":"<strong>Sobre n\u00f3s<\/strong>"},"content":{"rendered":"\n\n\n<div class=\"a-propos\">\n\n\t<section class=\"page_header\">\n\t\t\t<video class=\"video_bg\" autoplay muted loop playsinline  width=\"320\" height=\"240\" >\n\t\t\t<source src=\"https:\/\/www.semlex.com\/wp-content\/themes\/deligraph_semlex\/resources\/video\/08_apropos.mp4\" type=\"video\/mp4\">\n\t\t\tYour browser does not support the video tag.\n\t\t<\/video>\n\t\t<h2>Quem somos n\u00f3s ?<\/h2>\n\t\t<h5>A Semlex no mundo <\/h5>\n\t\t<p><p>Fundada em 1992, a Semlex \u00e9 uma empresa belga cuja miss\u00e3o \u00e9 <strong>permitir a cada cidad\u00e3o ter uma identidade segura<\/strong>. <strong>Aconselhamos <\/strong> e <strong>apoiamos <\/strong> os governos nas \u00e1reas da <strong>identifica\u00e7\u00e3o biom\u00e9trica<\/strong> e da <strong>seguran\u00e7a digital<\/strong>. Nossos valores refletem a cultura que nossas equipes seguem diariamente: integridade, confian\u00e7a e respeito, qualidade e excel\u00eancia, e respeito ao meio ambiente.<\/p>\n<\/p>\n\t<\/section>\n\n\n\n\t\n\t<section class='process_section'>\n\t\t\t<h3>Um processo fi\u00e1vel e \u00fanico<\/h3>\n\t\t\t<p><p>Para al\u00e9m de sistemas de identifica\u00e7\u00e3o fi\u00e1veis e seguros, <strong>a Semlex \u00e9 aut\u00f3noma na produ\u00e7\u00e3o de documentos de alto valor<\/strong> acrescentado atrav\u00e9s da utiliza\u00e7\u00e3o de t\u00e9cnicas biom\u00e9tricas. Isto fornece \u00e0s autoridades governamentais documentos da mais alta qualidade, que cumprem todas as normas internacionais de qualidade e seguran\u00e7a. Estes documentos s\u00e3o impressos pela <strong><a href=\"https:\/\/www.gp.lt\/en\">Garsu Pasaulis<\/a><\/strong> na Litu\u00e2nia.<\/p>\n<\/p>\n\t\t\t<a class='cta' href=\"https:\/\/www.semlex.com\/pt-pt\/produits\/\">Ver os nossos produtos<\/a>\n\t<\/section>\n\n\t<section class='partenariat'>\n\t\t\t<video class=\"video_bg\" autoplay muted loop playsinline  width=\"320\" height=\"240\" >\n\t\t\t\t<source src=\"https:\/\/www.semlex.com\/wp-content\/themes\/deligraph_semlex\/resources\/video\/08B_apropos_LDopt.mp4\" type=\"video\/mp4\">\n\t\t\t\tYour browser does not support the video tag.\n\t\t\t<\/video>\n\t\t<h3>Uma parceria vencedora <\/h3>\n\t\t<p><p>Gra\u00e7as \u00e0 nossa <strong>experi\u00eancia na implementa\u00e7\u00e3o de todos os tipos de projetos<\/strong> (em pequena ou grande escala) e \u00e0 nossa independ\u00eancia financeira, temos a capacidade de fornecer <strong>solu\u00e7\u00f5es BOT<\/strong> (Built, Operate, Transfer) ou <strong>PPP<\/strong> (Parceria P\u00fablico-Privada) de acordo com as inten\u00e7\u00f5es do governo.<\/p>\n<p>A Semlex fornece <strong>todo o investimento necess\u00e1rio para a implementa\u00e7\u00e3o do projeto<\/strong>, suporta todos os custos operacionais e efetua a manuten\u00e7\u00e3o sem qualquer interven\u00e7\u00e3o financeira do Estado. Esta f\u00f3rmula representa uma parceria vencedora para os cidad\u00e3os, para o Estado e para a sociedade.<\/p>\n<\/p>\n\t\t<div class=\"certification\">\n\t\t\t<h3>Conhecimento especializado reconhecido<\/h3>\n\t\t\t<h5>Certifica\u00e7\u00f5es ISO<\/h5>\n\t\t\t<p>Gra\u00e7as ao seu profissionalismo, ao seu sentido de trabalho em equipa e \u00e0 sua constante preocupa\u00e7\u00e3o em melhorar, a Semlex obteve a renova\u00e7\u00e3o das suas certifica\u00e7\u00f5es : <\/p>\n\t\t\t<div class=\"certification_grid_container\">\n\t\t\t\t\t\t\t\t\t<div class=\"certification_item\">\t\t\n\t\t\t\t\t\t\t<img decoding=\"async\" class=\"img_stamp\" src=\"https:\/\/www.semlex.com\/wp-content\/uploads\/2023\/04\/A-1980-140-\u00d7-95-px-3.png\" alt=\"\" >\n\t\t\t\t\t\t\t<h5>ISO 9001 | 2015<\/h5>\n\t\t\t\t\t\t\t<p>Sistema de gest\u00e3o de qualidade<\/p>\n\t\t\t\t\t<\/div>\n\t\t\t\t\t\t\t\t\t<div class=\"certification_item\">\t\t\n\t\t\t\t\t\t\t<img decoding=\"async\" class=\"img_stamp\" src=\"https:\/\/www.semlex.com\/wp-content\/uploads\/2023\/04\/A-1980-140-\u00d7-95-px-4-1.png\" alt=\"\" >\n\t\t\t\t\t\t\t<h5>ISO 14001 | 2015<\/h5>\n\t\t\t\t\t\t\t<p>Sistema de gest\u00e3o ambiental <\/p>\n\t\t\t\t\t<\/div>\n\t\t\t\t\t\t\t\t\t<div class=\"certification_item\">\t\t\n\t\t\t\t\t\t\t<img decoding=\"async\" class=\"img_stamp\" src=\"https:\/\/www.semlex.com\/wp-content\/uploads\/2023\/04\/A-1980-140-\u00d7-95-px.png\" alt=\"\" >\n\t\t\t\t\t\t\t<h5>ISO 27001 | 2013<\/h5>\n\t\t\t\t\t\t\t<p>Sistema de gest\u00e3o da seguran\u00e7a da informa\u00e7\u00e3o<\/p>\n\t\t\t\t\t<\/div>\n\t\t\t\t\t\t\n\t\t\n\t\t\t\n\t\t\t<\/div>\n\t\t<\/div>\n\t<\/section>\n\n\t<section class=\"international_norms\">\n\t\t<h5>Normas internacionais<\/h5>\n\t\t<p><p>Os sistemas de identifica\u00e7\u00e3o eletr\u00f3nica e biom\u00e9trica da Semlex cumprem as normas internacionais estabelecidas pelas seguintes organiza\u00e7\u00f5es:<\/p>\n<\/p>\n\t\t<div class=\"norms_logos\">\n\t\t\t\t\t\t\t<img decoding=\"async\" src=\"https:\/\/www.semlex.com\/wp-content\/uploads\/2023\/02\/eic-1.png\" alt=\"\">\n\t\t\t\t\t\t\t<img decoding=\"async\" src=\"https:\/\/www.semlex.com\/wp-content\/uploads\/2023\/02\/icao-1.png\" alt=\"\">\n\t\t\t\t\t\t\t<img decoding=\"async\" src=\"https:\/\/www.semlex.com\/wp-content\/uploads\/2023\/02\/ansi-1.png\" alt=\"\">\n\t\t\t\t\t\t\t<img decoding=\"async\" src=\"https:\/\/www.semlex.com\/wp-content\/uploads\/2023\/02\/nist-1.png\" alt=\"\">\n\t\t\t\t\t\t\t<img decoding=\"async\" src=\"https:\/\/www.semlex.com\/wp-content\/uploads\/2023\/02\/eidas-1.png\" alt=\"\">\n\t\t\t\t\t<\/div>\n\n\t<\/section>\n\n\t<section class=\"semlex_education\">\n\t\t\t\t<h3>Um impacto social na educa\u00e7\u00e3o<\/h3>\n\t\t\t\t<img loading=\"lazy\" decoding=\"async\" class=\"logo_education\" src=\"https:\/\/www.semlex.com\/wp-content\/uploads\/2022\/12\/semlex_education_logo.svg\" alt=\"\" width=\"250\"  height=\"250\">\n\t\t\t\t<p><p>J\u00e1 h\u00e1 alguns anos, a Semlex financia v\u00e1rios projetos na \u00e1rea da educa\u00e7\u00e3o. Desde o financiamento de classes prim\u00e1rias nos nossos pa\u00edses parceiros, como as Comores e a Costa do Marfim, at\u00e9 ao apoio prestado a projetos educacionais profissionais para os sem-abrigo na B\u00e9lgica, a Semlex sempre se interessou verdadeiramente pela educa\u00e7\u00e3o.<br \/>\nPara aumentar o seu impacto, a Semlex decidiu lan\u00e7ar a Semlex for Education. Assim, a Semlex continuar\u00e1 a financiar projetos educativos promissores e assegurar\u00e1 o acompanhamento operacional e log\u00edstico. O interesse de ter uma plataforma para os nossos projetos atuais e futuros \u00e9 o de criar sinergias entre todos os nossos parceiros.<\/p>\n<\/p>\n\t\t\t\t<a class=\"cta\" target=\"_blank\" href=\"https:\/\/semlexforeducation.com\/en\/\">Semlex For education<\/a>\n\t\t\t\t<a href=\"https:\/\/www.youtube.com\/watch?v=zYbAihj5juU\">https:\/\/www.youtube.com\/watch?v=zYbAihj5juU<\/a>\t<\/section>\n\n<section class=\"more_about_semlex\">\n\t<h3>Mais informa\u00e7\u00f5es ?<\/h3>\n\t<p>Se tiver alguma d\u00favida sobre os nossos produtos e servi\u00e7os, n\u00e3o hesite em preencher o nosso formul\u00e1rio de contacto. <\/p>\n\t<a class=\"cta\" href=\"https:\/\/www.semlex.com\/pt-pt\/contact\/\">Contacte-nos<\/a>\n<\/section>\n<\/div>\n","protected":false},"excerpt":{"rendered":"","protected":false},"author":4,"featured_media":0,"parent":0,"menu_order":0,"comment_status":"open","ping_status":"open","template":"","meta":{"_acf_changed":false,"footnotes":""},"class_list":["post-12721","page","type-page","status-publish","hentry"],"acf":[],"yoast_head":"<!-- This site is optimized with the Yoast SEO plugin v25.5 - https:\/\/yoast.com\/wordpress\/plugins\/seo\/ -->\n<title>Sobre n\u00f3s - Semlex<\/title>\n<meta name=\"description\" content=\"Fundada em 1992, a Semlex \u00e9 uma empresa belga cuja miss\u00e3o \u00e9 permitir a cada cidad\u00e3o ter uma identidade segura. Aconselhamos e apoiamos os governos nas \u00e1reas da identifica\u00e7\u00e3o biom\u00e9trica e da seguran\u00e7a digital.\" \/>\n<meta name=\"robots\" content=\"index, follow, max-snippet:-1, max-image-preview:large, max-video-preview:-1\" \/>\n<link rel=\"canonical\" href=\"https:\/\/www.semlex.com\/pt-pt\/sobre-nos\/\" \/>\n<meta property=\"og:locale\" content=\"pt_PT\" \/>\n<meta property=\"og:type\" content=\"article\" \/>\n<meta property=\"og:title\" content=\"Sobre n\u00f3s - Semlex\" \/>\n<meta property=\"og:description\" content=\"Fundada em 1992, a Semlex \u00e9 uma empresa belga cuja miss\u00e3o \u00e9 permitir a cada cidad\u00e3o ter uma identidade segura. Aconselhamos e apoiamos os governos nas \u00e1reas da identifica\u00e7\u00e3o biom\u00e9trica e da seguran\u00e7a digital.\" \/>\n<meta property=\"og:url\" content=\"https:\/\/www.semlex.com\/pt-pt\/sobre-nos\/\" \/>\n<meta property=\"og:site_name\" content=\"Semlex\" \/>\n<meta property=\"article:publisher\" content=\"https:\/\/www.facebook.com\/semlexgroup\" \/>\n<meta property=\"article:modified_time\" content=\"2024-03-13T11:45:29+00:00\" \/>\n<meta name=\"twitter:card\" content=\"summary_large_image\" \/>\n<script type=\"application\/ld+json\" class=\"yoast-schema-graph\">{\"@context\":\"https:\/\/schema.org\",\"@graph\":[{\"@type\":\"WebPage\",\"@id\":\"https:\/\/www.semlex.com\/pt-pt\/sobre-nos\/\",\"url\":\"https:\/\/www.semlex.com\/pt-pt\/sobre-nos\/\",\"name\":\"Sobre n\u00f3s - Semlex\",\"isPartOf\":{\"@id\":\"https:\/\/www.semlex.com\/#website\"},\"datePublished\":\"2022-12-15T07:36:59+00:00\",\"dateModified\":\"2024-03-13T11:45:29+00:00\",\"description\":\"Fundada em 1992, a Semlex \u00e9 uma empresa belga cuja miss\u00e3o \u00e9 permitir a cada cidad\u00e3o ter uma identidade segura. Aconselhamos e apoiamos os governos nas \u00e1reas da identifica\u00e7\u00e3o biom\u00e9trica e da seguran\u00e7a digital.\",\"breadcrumb\":{\"@id\":\"https:\/\/www.semlex.com\/pt-pt\/sobre-nos\/#breadcrumb\"},\"inLanguage\":\"pt-PT\",\"potentialAction\":[{\"@type\":\"ReadAction\",\"target\":[\"https:\/\/www.semlex.com\/pt-pt\/sobre-nos\/\"]}]},{\"@type\":\"BreadcrumbList\",\"@id\":\"https:\/\/www.semlex.com\/pt-pt\/sobre-nos\/#breadcrumb\",\"itemListElement\":[{\"@type\":\"ListItem\",\"position\":1,\"name\":\"Home\",\"item\":\"https:\/\/www.semlex.com\/pt-pt\/\"},{\"@type\":\"ListItem\",\"position\":2,\"name\":\"Sobre n\u00f3s\"}]},{\"@type\":\"WebSite\",\"@id\":\"https:\/\/www.semlex.com\/#website\",\"url\":\"https:\/\/www.semlex.com\/\",\"name\":\"Semlex\",\"description\":\"For a secure world\",\"publisher\":{\"@id\":\"https:\/\/www.semlex.com\/#organization\"},\"potentialAction\":[{\"@type\":\"SearchAction\",\"target\":{\"@type\":\"EntryPoint\",\"urlTemplate\":\"https:\/\/www.semlex.com\/?s={search_term_string}\"},\"query-input\":{\"@type\":\"PropertyValueSpecification\",\"valueRequired\":true,\"valueName\":\"search_term_string\"}}],\"inLanguage\":\"pt-PT\"},{\"@type\":\"Organization\",\"@id\":\"https:\/\/www.semlex.com\/#organization\",\"name\":\"Semlex\",\"url\":\"https:\/\/www.semlex.com\/\",\"logo\":{\"@type\":\"ImageObject\",\"inLanguage\":\"pt-PT\",\"@id\":\"https:\/\/www.semlex.com\/#\/schema\/logo\/image\/\",\"url\":\"https:\/\/www.semlex.com\/wp-content\/uploads\/2022\/12\/logo_semlex.svg\",\"contentUrl\":\"https:\/\/www.semlex.com\/wp-content\/uploads\/2022\/12\/logo_semlex.svg\",\"caption\":\"Semlex\"},\"image\":{\"@id\":\"https:\/\/www.semlex.com\/#\/schema\/logo\/image\/\"},\"sameAs\":[\"https:\/\/www.facebook.com\/semlexgroup\"]}]}<\/script>\n<!-- \/ Yoast SEO plugin. -->","yoast_head_json":{"title":"Sobre n\u00f3s - Semlex","description":"Fundada em 1992, a Semlex \u00e9 uma empresa belga cuja miss\u00e3o \u00e9 permitir a cada cidad\u00e3o ter uma identidade segura. Aconselhamos e apoiamos os governos nas \u00e1reas da identifica\u00e7\u00e3o biom\u00e9trica e da seguran\u00e7a digital.","robots":{"index":"index","follow":"follow","max-snippet":"max-snippet:-1","max-image-preview":"max-image-preview:large","max-video-preview":"max-video-preview:-1"},"canonical":"https:\/\/www.semlex.com\/pt-pt\/sobre-nos\/","og_locale":"pt_PT","og_type":"article","og_title":"Sobre n\u00f3s - Semlex","og_description":"Fundada em 1992, a Semlex \u00e9 uma empresa belga cuja miss\u00e3o \u00e9 permitir a cada cidad\u00e3o ter uma identidade segura. Aconselhamos e apoiamos os governos nas \u00e1reas da identifica\u00e7\u00e3o biom\u00e9trica e da seguran\u00e7a digital.","og_url":"https:\/\/www.semlex.com\/pt-pt\/sobre-nos\/","og_site_name":"Semlex","article_publisher":"https:\/\/www.facebook.com\/semlexgroup","article_modified_time":"2024-03-13T11:45:29+00:00","twitter_card":"summary_large_image","schema":{"@context":"https:\/\/schema.org","@graph":[{"@type":"WebPage","@id":"https:\/\/www.semlex.com\/pt-pt\/sobre-nos\/","url":"https:\/\/www.semlex.com\/pt-pt\/sobre-nos\/","name":"Sobre n\u00f3s - Semlex","isPartOf":{"@id":"https:\/\/www.semlex.com\/#website"},"datePublished":"2022-12-15T07:36:59+00:00","dateModified":"2024-03-13T11:45:29+00:00","description":"Fundada em 1992, a Semlex \u00e9 uma empresa belga cuja miss\u00e3o \u00e9 permitir a cada cidad\u00e3o ter uma identidade segura. Aconselhamos e apoiamos os governos nas \u00e1reas da identifica\u00e7\u00e3o biom\u00e9trica e da seguran\u00e7a digital.","breadcrumb":{"@id":"https:\/\/www.semlex.com\/pt-pt\/sobre-nos\/#breadcrumb"},"inLanguage":"pt-PT","potentialAction":[{"@type":"ReadAction","target":["https:\/\/www.semlex.com\/pt-pt\/sobre-nos\/"]}]},{"@type":"BreadcrumbList","@id":"https:\/\/www.semlex.com\/pt-pt\/sobre-nos\/#breadcrumb","itemListElement":[{"@type":"ListItem","position":1,"name":"Home","item":"https:\/\/www.semlex.com\/pt-pt\/"},{"@type":"ListItem","position":2,"name":"Sobre n\u00f3s"}]},{"@type":"WebSite","@id":"https:\/\/www.semlex.com\/#website","url":"https:\/\/www.semlex.com\/","name":"Semlex","description":"For a secure world","publisher":{"@id":"https:\/\/www.semlex.com\/#organization"},"potentialAction":[{"@type":"SearchAction","target":{"@type":"EntryPoint","urlTemplate":"https:\/\/www.semlex.com\/?s={search_term_string}"},"query-input":{"@type":"PropertyValueSpecification","valueRequired":true,"valueName":"search_term_string"}}],"inLanguage":"pt-PT"},{"@type":"Organization","@id":"https:\/\/www.semlex.com\/#organization","name":"Semlex","url":"https:\/\/www.semlex.com\/","logo":{"@type":"ImageObject","inLanguage":"pt-PT","@id":"https:\/\/www.semlex.com\/#\/schema\/logo\/image\/","url":"https:\/\/www.semlex.com\/wp-content\/uploads\/2022\/12\/logo_semlex.svg","contentUrl":"https:\/\/www.semlex.com\/wp-content\/uploads\/2022\/12\/logo_semlex.svg","caption":"Semlex"},"image":{"@id":"https:\/\/www.semlex.com\/#\/schema\/logo\/image\/"},"sameAs":["https:\/\/www.facebook.com\/semlexgroup"]}]}},"_links":{"self":[{"href":"https:\/\/www.semlex.com\/pt-pt\/wp-json\/wp\/v2\/pages\/12721","targetHints":{"allow":["GET"]}}],"collection":[{"href":"https:\/\/www.semlex.com\/pt-pt\/wp-json\/wp\/v2\/pages"}],"about":[{"href":"https:\/\/www.semlex.com\/pt-pt\/wp-json\/wp\/v2\/types\/page"}],"author":[{"embeddable":true,"href":"https:\/\/www.semlex.com\/pt-pt\/wp-json\/wp\/v2\/users\/4"}],"replies":[{"embeddable":true,"href":"https:\/\/www.semlex.com\/pt-pt\/wp-json\/wp\/v2\/comments?post=12721"}],"version-history":[{"count":27,"href":"https:\/\/www.semlex.com\/pt-pt\/wp-json\/wp\/v2\/pages\/12721\/revisions"}],"predecessor-version":[{"id":14829,"href":"https:\/\/www.semlex.com\/pt-pt\/wp-json\/wp\/v2\/pages\/12721\/revisions\/14829"}],"wp:attachment":[{"href":"https:\/\/www.semlex.com\/pt-pt\/wp-json\/wp\/v2\/media?parent=12721"}],"curies":[{"name":"wp","href":"https:\/\/api.w.org\/{rel}","templated":true}]}}