{"id":14111,"date":"2018-08-24T09:33:17","date_gmt":"2018-08-24T07:33:17","guid":{"rendered":"https:\/\/www.semlex.com\/semlex-europe-s-a-utilise-des-cookies-pour-faciliter-votre-experience-de-navigation-sur-ce-site\/"},"modified":"2023-04-12T14:16:25","modified_gmt":"2023-04-12T12:16:25","slug":"semlex-europe-s-a-utiliza-cookies-para-facilitar-su-experiencia-de-navegacion-en-este-sitio-web","status":"publish","type":"page","link":"https:\/\/www.semlex.com\/es\/semlex-europe-s-a-utiliza-cookies-para-facilitar-su-experiencia-de-navegacion-en-este-sitio-web\/","title":{"rendered":"Semlex Europe S.A. &#8211; Cookies"},"content":{"rendered":"<h1><strong>Semlex Europe S.A. utiliza cookies para facilitar su experiencia de navegaci\u00f3n en este sitio web<\/strong><\/h1>\n<p><strong>Ley de cookies<\/strong><\/p>\n<p>Semlex Europe S.A. utiliza cookies para hacer que su experiencia de navegaci\u00f3n sea m\u00e1s f\u00e1cil y agradable y para adaptar mejor el contenido de su sitio a sus necesidades y preferencias. Puede rechazar la instalaci\u00f3n de cookies, pero en este caso algunos elementos de nuestro sitio no funcionar\u00e1n o no funcionar\u00e1n de manera \u00f3ptima. Si contin\u00faa visitando nuestro sitio sin ajustar la configuraci\u00f3n de sus cookies y hace clic en el enlace \u00abcontinuar\u00bb, asumimos que acepta la instalaci\u00f3n de cookies.<\/p>\n<p><strong>Pol\u00edtica de cookies<\/strong><\/p>\n<p>Una cookie es un peque\u00f1o archivo de texto que el servidor de un sitio web instala en el navegador de su computadora o dispositivo m\u00f3vil cuando visita el sitio. La cookie tiene un c\u00f3digo \u00fanico que permite reconocer su navegador durante la visita del sitio (llamada cookie de sesi\u00f3n) o durante visitas repetidas posteriores (llamada cookie permanente). Las cookies pueden ser instaladas por el servidor del sitio que visita o por socios con los que colabora este sitio. El servidor de un sitio web s\u00f3lo puede leer las cookies que \u00e9l mismo ha instalado; no tiene acceso a ninguna otra informaci\u00f3n en su computadora o dispositivo m\u00f3vil. Las cookies se almacenan en su computadora o dispositivo m\u00f3vil en el directorio de su navegador. El contenido de una cookie generalmente consta del nombre del servidor que la instal\u00f3, una fecha de vencimiento y un c\u00f3digo cifrado \u00fanico. Las cookies generalmente facilitan y aceleran la interacci\u00f3n entre el visitante y el sitio web y ayudan al visitante a navegar entre las diferentes secciones del sitio.<\/p>\n<p><strong>Google Analytics<\/strong><\/p>\n<p>Este sitio utiliza Google Analytics, un servicio de an\u00e1lisis web ofrecido por Google Inc. Google Analytics utiliza cookies (peque\u00f1os archivos de texto instalados en su computadora) para ayudar a analizar c\u00f3mo los usuarios utilizan el sitio. La informaci\u00f3n que genera su cookie sobre su uso del sitio (incluida su direcci\u00f3n IP) se transfiere a los servidores en los Estados Unidos por Google. Google utiliza esta informaci\u00f3n para mantener un registro de c\u00f3mo usa el sitio, generar informes sobre la actividad del sitio para los operadores del sitio y proporcionar otros servicios relacionados con la actividad del sitio y el uso de Internet. Google puede proporcionar esta informaci\u00f3n a terceros si Google cree que est\u00e1 legalmente obligado a hacerlo o en la medida en que dichos terceros procesen la informaci\u00f3n en nombre de Google. Google no combinar\u00e1 su direcci\u00f3n IP con otros datos que tenga.<\/p>\n<p><strong>Gesti\u00f3n de cookies<\/strong><\/p>\n<p>Puede rechazar la instalaci\u00f3n de cookies configurando su navegador. En el siguiente sitio, encontrar\u00e1 instrucciones para rechazar cookies en los navegadores m\u00e1s utilizados: <a href=\"http:\/\/www.aboutcookies.org\">www.aboutcookies.org<\/a>. Tambi\u00e9n puede eliminar en cualquier momento las cookies ya instaladas en su computadora o dispositivo m\u00f3vil.<\/p>\n","protected":false},"excerpt":{"rendered":"<p>Semlex Europe S.A. utiliza cookies para facilitar su experiencia de navegaci\u00f3n en este sitio web Ley de cookies Semlex Europe S.A. utiliza cookies para hacer que su experiencia de navegaci\u00f3n sea m\u00e1s f\u00e1cil y agradable y para adaptar mejor el contenido de su sitio a sus necesidades y preferencias. Puede rechazar la instalaci\u00f3n de cookies, [&hellip;]<\/p>\n","protected":false},"author":4,"featured_media":0,"parent":0,"menu_order":0,"comment_status":"open","ping_status":"open","template":"template-classique.php","meta":{"_acf_changed":false,"footnotes":""},"class_list":["post-14111","page","type-page","status-publish","hentry"],"acf":[],"yoast_head":"<!-- This site is optimized with the Yoast SEO plugin v25.5 - https:\/\/yoast.com\/wordpress\/plugins\/seo\/ -->\n<title>Semlex Europe S.A. - Cookies - Semlex<\/title>\n<meta name=\"description\" content=\"Semlex Europe S.A. utiliza cookies para hacer que su experiencia de navegaci\u00f3n sea m\u00e1s f\u00e1cil y agradable y para adaptar mejor el contenido de su sitio a sus necesidades y preferencias.\" \/>\n<meta name=\"robots\" content=\"index, follow, max-snippet:-1, max-image-preview:large, max-video-preview:-1\" \/>\n<link rel=\"canonical\" href=\"https:\/\/www.semlex.com\/es\/semlex-europe-s-a-utiliza-cookies-para-facilitar-su-experiencia-de-navegacion-en-este-sitio-web\/\" \/>\n<meta property=\"og:locale\" content=\"es_ES\" \/>\n<meta property=\"og:type\" content=\"article\" \/>\n<meta property=\"og:title\" content=\"Semlex Europe S.A. - Cookies - Semlex\" \/>\n<meta property=\"og:description\" content=\"Semlex Europe S.A. utiliza cookies para hacer que su experiencia de navegaci\u00f3n sea m\u00e1s f\u00e1cil y agradable y para adaptar mejor el contenido de su sitio a sus necesidades y preferencias.\" \/>\n<meta property=\"og:url\" content=\"https:\/\/www.semlex.com\/es\/semlex-europe-s-a-utiliza-cookies-para-facilitar-su-experiencia-de-navegacion-en-este-sitio-web\/\" \/>\n<meta property=\"og:site_name\" content=\"Semlex\" \/>\n<meta property=\"article:publisher\" content=\"https:\/\/www.facebook.com\/semlexgroup\" \/>\n<meta property=\"article:modified_time\" content=\"2023-04-12T12:16:25+00:00\" \/>\n<meta name=\"twitter:card\" content=\"summary_large_image\" \/>\n<meta name=\"twitter:label1\" content=\"Tiempo de lectura\" \/>\n\t<meta name=\"twitter:data1\" content=\"3 minutos\" \/>\n<script type=\"application\/ld+json\" class=\"yoast-schema-graph\">{\"@context\":\"https:\/\/schema.org\",\"@graph\":[{\"@type\":\"WebPage\",\"@id\":\"https:\/\/www.semlex.com\/es\/semlex-europe-s-a-utiliza-cookies-para-facilitar-su-experiencia-de-navegacion-en-este-sitio-web\/\",\"url\":\"https:\/\/www.semlex.com\/es\/semlex-europe-s-a-utiliza-cookies-para-facilitar-su-experiencia-de-navegacion-en-este-sitio-web\/\",\"name\":\"Semlex Europe S.A. - Cookies - Semlex\",\"isPartOf\":{\"@id\":\"https:\/\/www.semlex.com\/#website\"},\"datePublished\":\"2018-08-24T07:33:17+00:00\",\"dateModified\":\"2023-04-12T12:16:25+00:00\",\"description\":\"Semlex Europe S.A. utiliza cookies para hacer que su experiencia de navegaci\u00f3n sea m\u00e1s f\u00e1cil y agradable y para adaptar mejor el contenido de su sitio a sus necesidades y preferencias.\",\"breadcrumb\":{\"@id\":\"https:\/\/www.semlex.com\/es\/semlex-europe-s-a-utiliza-cookies-para-facilitar-su-experiencia-de-navegacion-en-este-sitio-web\/#breadcrumb\"},\"inLanguage\":\"es\",\"potentialAction\":[{\"@type\":\"ReadAction\",\"target\":[\"https:\/\/www.semlex.com\/es\/semlex-europe-s-a-utiliza-cookies-para-facilitar-su-experiencia-de-navegacion-en-este-sitio-web\/\"]}]},{\"@type\":\"BreadcrumbList\",\"@id\":\"https:\/\/www.semlex.com\/es\/semlex-europe-s-a-utiliza-cookies-para-facilitar-su-experiencia-de-navegacion-en-este-sitio-web\/#breadcrumb\",\"itemListElement\":[{\"@type\":\"ListItem\",\"position\":1,\"name\":\"Home\",\"item\":\"https:\/\/www.semlex.com\/es\/\"},{\"@type\":\"ListItem\",\"position\":2,\"name\":\"Semlex Europe S.A. &#8211; Cookies\"}]},{\"@type\":\"WebSite\",\"@id\":\"https:\/\/www.semlex.com\/#website\",\"url\":\"https:\/\/www.semlex.com\/\",\"name\":\"Semlex\",\"description\":\"For a secure world\",\"publisher\":{\"@id\":\"https:\/\/www.semlex.com\/#organization\"},\"potentialAction\":[{\"@type\":\"SearchAction\",\"target\":{\"@type\":\"EntryPoint\",\"urlTemplate\":\"https:\/\/www.semlex.com\/?s={search_term_string}\"},\"query-input\":{\"@type\":\"PropertyValueSpecification\",\"valueRequired\":true,\"valueName\":\"search_term_string\"}}],\"inLanguage\":\"es\"},{\"@type\":\"Organization\",\"@id\":\"https:\/\/www.semlex.com\/#organization\",\"name\":\"Semlex\",\"url\":\"https:\/\/www.semlex.com\/\",\"logo\":{\"@type\":\"ImageObject\",\"inLanguage\":\"es\",\"@id\":\"https:\/\/www.semlex.com\/#\/schema\/logo\/image\/\",\"url\":\"https:\/\/www.semlex.com\/wp-content\/uploads\/2022\/12\/logo_semlex.svg\",\"contentUrl\":\"https:\/\/www.semlex.com\/wp-content\/uploads\/2022\/12\/logo_semlex.svg\",\"caption\":\"Semlex\"},\"image\":{\"@id\":\"https:\/\/www.semlex.com\/#\/schema\/logo\/image\/\"},\"sameAs\":[\"https:\/\/www.facebook.com\/semlexgroup\"]}]}<\/script>\n<!-- \/ Yoast SEO plugin. -->","yoast_head_json":{"title":"Semlex Europe S.A. - Cookies - Semlex","description":"Semlex Europe S.A. utiliza cookies para hacer que su experiencia de navegaci\u00f3n sea m\u00e1s f\u00e1cil y agradable y para adaptar mejor el contenido de su sitio a sus necesidades y preferencias.","robots":{"index":"index","follow":"follow","max-snippet":"max-snippet:-1","max-image-preview":"max-image-preview:large","max-video-preview":"max-video-preview:-1"},"canonical":"https:\/\/www.semlex.com\/es\/semlex-europe-s-a-utiliza-cookies-para-facilitar-su-experiencia-de-navegacion-en-este-sitio-web\/","og_locale":"es_ES","og_type":"article","og_title":"Semlex Europe S.A. - Cookies - Semlex","og_description":"Semlex Europe S.A. utiliza cookies para hacer que su experiencia de navegaci\u00f3n sea m\u00e1s f\u00e1cil y agradable y para adaptar mejor el contenido de su sitio a sus necesidades y preferencias.","og_url":"https:\/\/www.semlex.com\/es\/semlex-europe-s-a-utiliza-cookies-para-facilitar-su-experiencia-de-navegacion-en-este-sitio-web\/","og_site_name":"Semlex","article_publisher":"https:\/\/www.facebook.com\/semlexgroup","article_modified_time":"2023-04-12T12:16:25+00:00","twitter_card":"summary_large_image","twitter_misc":{"Tiempo de lectura":"3 minutos"},"schema":{"@context":"https:\/\/schema.org","@graph":[{"@type":"WebPage","@id":"https:\/\/www.semlex.com\/es\/semlex-europe-s-a-utiliza-cookies-para-facilitar-su-experiencia-de-navegacion-en-este-sitio-web\/","url":"https:\/\/www.semlex.com\/es\/semlex-europe-s-a-utiliza-cookies-para-facilitar-su-experiencia-de-navegacion-en-este-sitio-web\/","name":"Semlex Europe S.A. - Cookies - Semlex","isPartOf":{"@id":"https:\/\/www.semlex.com\/#website"},"datePublished":"2018-08-24T07:33:17+00:00","dateModified":"2023-04-12T12:16:25+00:00","description":"Semlex Europe S.A. utiliza cookies para hacer que su experiencia de navegaci\u00f3n sea m\u00e1s f\u00e1cil y agradable y para adaptar mejor el contenido de su sitio a sus necesidades y preferencias.","breadcrumb":{"@id":"https:\/\/www.semlex.com\/es\/semlex-europe-s-a-utiliza-cookies-para-facilitar-su-experiencia-de-navegacion-en-este-sitio-web\/#breadcrumb"},"inLanguage":"es","potentialAction":[{"@type":"ReadAction","target":["https:\/\/www.semlex.com\/es\/semlex-europe-s-a-utiliza-cookies-para-facilitar-su-experiencia-de-navegacion-en-este-sitio-web\/"]}]},{"@type":"BreadcrumbList","@id":"https:\/\/www.semlex.com\/es\/semlex-europe-s-a-utiliza-cookies-para-facilitar-su-experiencia-de-navegacion-en-este-sitio-web\/#breadcrumb","itemListElement":[{"@type":"ListItem","position":1,"name":"Home","item":"https:\/\/www.semlex.com\/es\/"},{"@type":"ListItem","position":2,"name":"Semlex Europe S.A. &#8211; Cookies"}]},{"@type":"WebSite","@id":"https:\/\/www.semlex.com\/#website","url":"https:\/\/www.semlex.com\/","name":"Semlex","description":"For a secure world","publisher":{"@id":"https:\/\/www.semlex.com\/#organization"},"potentialAction":[{"@type":"SearchAction","target":{"@type":"EntryPoint","urlTemplate":"https:\/\/www.semlex.com\/?s={search_term_string}"},"query-input":{"@type":"PropertyValueSpecification","valueRequired":true,"valueName":"search_term_string"}}],"inLanguage":"es"},{"@type":"Organization","@id":"https:\/\/www.semlex.com\/#organization","name":"Semlex","url":"https:\/\/www.semlex.com\/","logo":{"@type":"ImageObject","inLanguage":"es","@id":"https:\/\/www.semlex.com\/#\/schema\/logo\/image\/","url":"https:\/\/www.semlex.com\/wp-content\/uploads\/2022\/12\/logo_semlex.svg","contentUrl":"https:\/\/www.semlex.com\/wp-content\/uploads\/2022\/12\/logo_semlex.svg","caption":"Semlex"},"image":{"@id":"https:\/\/www.semlex.com\/#\/schema\/logo\/image\/"},"sameAs":["https:\/\/www.facebook.com\/semlexgroup"]}]}},"_links":{"self":[{"href":"https:\/\/www.semlex.com\/es\/wp-json\/wp\/v2\/pages\/14111","targetHints":{"allow":["GET"]}}],"collection":[{"href":"https:\/\/www.semlex.com\/es\/wp-json\/wp\/v2\/pages"}],"about":[{"href":"https:\/\/www.semlex.com\/es\/wp-json\/wp\/v2\/types\/page"}],"author":[{"embeddable":true,"href":"https:\/\/www.semlex.com\/es\/wp-json\/wp\/v2\/users\/4"}],"replies":[{"embeddable":true,"href":"https:\/\/www.semlex.com\/es\/wp-json\/wp\/v2\/comments?post=14111"}],"version-history":[{"count":2,"href":"https:\/\/www.semlex.com\/es\/wp-json\/wp\/v2\/pages\/14111\/revisions"}],"predecessor-version":[{"id":14123,"href":"https:\/\/www.semlex.com\/es\/wp-json\/wp\/v2\/pages\/14111\/revisions\/14123"}],"wp:attachment":[{"href":"https:\/\/www.semlex.com\/es\/wp-json\/wp\/v2\/media?parent=14111"}],"curies":[{"name":"wp","href":"https:\/\/api.w.org\/{rel}","templated":true}]}}