{"id":13083,"date":"2018-08-24T09:22:56","date_gmt":"2018-08-24T07:22:56","guid":{"rendered":"https:\/\/www.semlex.com\/semlex-europe-s-a-privacy-statement\/"},"modified":"2025-01-17T13:09:12","modified_gmt":"2025-01-17T12:09:12","slug":"declaracion-de-semlex-europe-s-a-sobre-la-proteccion-de-la-privacida","status":"publish","type":"page","link":"https:\/\/www.semlex.com\/es\/declaracion-de-semlex-europe-s-a-sobre-la-proteccion-de-la-privacida\/","title":{"rendered":"Declaraci\u00f3n de Semlex Europe S.A. sobre la protecci\u00f3n de la privacidad"},"content":{"rendered":"\n<h1 class=\"wp-block-heading\"><strong>Declaraci\u00f3n de Semlex Europe S.A. sobre la protecci\u00f3n de la privacida<\/strong><\/h1>\n\n\n\n<p>Semlex Europe S.A. cumple con la legislaci\u00f3n de protecci\u00f3n de la privacidad. A continuaci\u00f3n, lea lo que esto significa concretamente.<\/p>\n\n\n\n<p><\/p>\n\n\n\n<p><strong>\u00bfC\u00f3mo recopila Semlex Europe S.A. los datos personales?<\/strong><\/p>\n\n\n\n<p>Semlex Europe S.A. solo recopila los datos personales que le proporciona o que le son proporcionados por terceros en el marco de un servicio solicitado.<\/p>\n\n\n\n<p><\/p>\n\n\n\n<p><strong>\u00bfQu\u00e9 datos personales se procesan?<\/strong><\/p>\n\n\n\n<p>Semlex Europe S.A. solo recopila los datos personales necesarios para la prestaci\u00f3n de un servicio que usted solicita (o que es solicitado por terceros).<\/p>\n\n\n\n<p><\/p>\n\n\n\n<p><strong>\u00bfCu\u00e1ndo y por qu\u00e9 se procesan los datos personales?<\/strong><\/p>\n\n\n\n<p>Semlex Europe S.A. solo procesa estos datos en ciertos casos:<\/p>\n\n\n\n<p>&#8211; Si nos ha dado expl\u00edcitamente su autorizaci\u00f3n; o<\/p>\n\n\n\n<p>&#8211; Si su procesamiento es necesario para un servicio que nos ha solicitado; o<\/p>\n\n\n\n<p>&#8211; Si estamos legalmente obligados a procesar los datos; o<\/p>\n\n\n\n<p>&#8211; Si es de inter\u00e9s p\u00fablico o leg\u00edtimo.<\/p>\n\n\n\n<p><\/p>\n\n\n\n<p><strong>\u00bfC\u00f3mo se procesan los datos personales?<\/strong><\/p>\n\n\n\n<p>&#8211; Los datos de menores de edad y los datos personales sensibles (por ejemplo, un n\u00famero de cuenta bancaria) siempre se procesan de manera confidencial y nunca se divulgan.<\/p>\n\n\n\n<p>&#8211; Sus datos solo se utilizan en funci\u00f3n del servicio que solicita (siempre que se cumplan las condiciones descritas en el p\u00e1rrafo anterior): por ejemplo, si se suscribe a uno o varios boletines informativos, utilizamos sus datos solo para enviarle estos boletines. Cada bolet\u00edn informativo le brinda la opci\u00f3n de darse de baja.<\/p>\n\n\n\n<p>&#8211; Nunca compartimos su informaci\u00f3n de contacto con terceros para fines comerciales.<\/p>\n\n\n\n<p><\/p>\n\n\n\n<p><strong>\u00bfPor cu\u00e1nto tiempo se conservan los datos personales?<\/strong><\/p>\n\n\n\n<p>&#8211; Si presenta una solicitud a trav\u00e9s de este sitio web, o si solicita una cotizaci\u00f3n, conservamos sus datos durante el tiempo necesario para la correcta ejecuci\u00f3n del servicio solicitado.<\/p>\n\n\n\n<p>&#8211; Podemos decidir recopilar ciertos datos acumulados a largo plazo para evaluar y adaptar su propio funcionamiento. No se aplica ninguna identificaci\u00f3n individual en este asunto.<\/p>\n\n\n\n<p><\/p>\n\n\n\n<p><strong>\u00bfSe conservan mis datos personales de manera segura?<\/strong><\/p>\n\n\n\n<p>Sus datos se procesan de manera segura. Por lo tanto, utilizamos diferentes tecnolog\u00edas y medidas de seguridad para proteger adecuadamente sus datos contra cualquier acceso, uso, p\u00e9rdida o divulgaci\u00f3n no autorizados. Si es necesario, estas tecnolog\u00edas y medidas se prueban y ajustan regularmente.<\/p>\n\n\n\n<p><\/p>\n\n\n\n<p><strong>\u00bfQu\u00e9 puedo hacer personalmente con respecto a mis datos personales?<\/strong><\/p>\n\n\n\n<p>&#8211; Si desea cambiar algo en su informaci\u00f3n de contacto, puede comunicarse con nosotros en europe@semlex.com.<\/p>\n\n\n\n<p>&#8211; Tiene derecho a ser \u00abolvidado\u00bb. Para ello, comun\u00edquese con <a href=\"mailto:europe@semlex.com\">europe@semlex.com<\/a>.<\/p>\n\n\n\n<p>&#8211; Puede consultar en cualquier momento los datos personales que Semlex Europe S.A. procesa sobre usted y, si es necesario, corregir o eliminar datos inexactos o incompletos. Si tiene un perfil en l\u00ednea, puede modificar o eliminar sus propios datos personales.<\/p>\n\n\n\n<p>&#8211; Si cree que sus datos se est\u00e1n procesando de manera incorrecta, puede presentar una queja ante la Comisi\u00f3n de Protecci\u00f3n de la Privacidad.<\/p>\n\n\n\n<p><\/p>\n\n\n\n<p><strong>C\u00f3digo de Conducta<\/strong><\/p>\n\n\n\n<p>Integridad, confianza y respeto, calidad y excelencia, y respeto por el medio ambiente: estos son los valores principales de Semlex.<\/p>\n\n\n\n<p>Semlex siempre ha sido consciente de hacer respetar sus valores tanto interna (con sus colaboradores) como externamente (con sus clientes y proveedores).<\/p>\n\n\n\n<p>Para difundir y hacer respetar estos valores, Semlex ha establecido un c\u00f3digo de conducta.<\/p>\n\n\n\n<p>Le invitamos a consultarlo haciendo clic en el siguiente enlace.<\/p>\n\n\n\n<p><\/p>\n\n\n\n<div class=\"wp-block-buttons is-layout-flex wp-block-buttons-is-layout-flex\">\n<div class=\"wp-block-button\"><a class=\"wp-block-button__link wp-element-button\" href=\"https:\/\/www.semlex.com\/wp-content\/uploads\/2025\/01\/en-SEMLEX-GROUP-CODE-DE-CONDUITE-1.pdf\" target=\"_blank\" rel=\"noreferrer noopener\">Descarga nuestro C\u00f3digo de Conducta<\/a><\/div>\n<\/div>\n\n\n\n<p><\/p>\n\n\n\n<p><strong>\u00bfTiene alguna otra pregunta o comentario?<\/strong><\/p>\n\n\n\n<p>Env\u00ede un correo electr\u00f3nico a <a href=\"mailto:europe@semlex.com\">europe@semlex.com<\/a>.<\/p>\n","protected":false},"excerpt":{"rendered":"<p>Declaraci\u00f3n de Semlex Europe S.A. sobre la protecci\u00f3n de la privacida Semlex Europe S.A. cumple con la legislaci\u00f3n de protecci\u00f3n de la privacidad. A continuaci\u00f3n, lea lo que esto significa concretamente. \u00bfC\u00f3mo recopila Semlex Europe S.A. los datos personales? Semlex Europe S.A. solo recopila los datos personales que le proporciona o que le son proporcionados [&hellip;]<\/p>\n","protected":false},"author":4,"featured_media":0,"parent":0,"menu_order":0,"comment_status":"open","ping_status":"open","template":"template-classique.php","meta":{"_acf_changed":false,"footnotes":""},"class_list":["post-13083","page","type-page","status-publish","hentry"],"acf":[],"yoast_head":"<!-- This site is optimized with the Yoast SEO plugin v25.5 - https:\/\/yoast.com\/wordpress\/plugins\/seo\/ -->\n<title>Declaraci\u00f3n de Semlex Europe S.A. sobre la protecci\u00f3n de la privacidad - Semlex<\/title>\n<meta name=\"description\" content=\"Semlex Europe S.A. cumple con la legislaci\u00f3n de protecci\u00f3n de la privacidad. A continuaci\u00f3n, lea lo que esto significa concretamente.\" \/>\n<meta name=\"robots\" content=\"index, follow, max-snippet:-1, max-image-preview:large, max-video-preview:-1\" \/>\n<link rel=\"canonical\" href=\"https:\/\/www.semlex.com\/es\/declaracion-de-semlex-europe-s-a-sobre-la-proteccion-de-la-privacida\/\" \/>\n<meta property=\"og:locale\" content=\"es_ES\" \/>\n<meta property=\"og:type\" content=\"article\" \/>\n<meta property=\"og:title\" content=\"Declaraci\u00f3n de Semlex Europe S.A. sobre la protecci\u00f3n de la privacidad - Semlex\" \/>\n<meta property=\"og:description\" content=\"Semlex Europe S.A. cumple con la legislaci\u00f3n de protecci\u00f3n de la privacidad. A continuaci\u00f3n, lea lo que esto significa concretamente.\" \/>\n<meta property=\"og:url\" content=\"https:\/\/www.semlex.com\/es\/declaracion-de-semlex-europe-s-a-sobre-la-proteccion-de-la-privacida\/\" \/>\n<meta property=\"og:site_name\" content=\"Semlex\" \/>\n<meta property=\"article:publisher\" content=\"https:\/\/www.facebook.com\/semlexgroup\" \/>\n<meta property=\"article:modified_time\" content=\"2025-01-17T12:09:12+00:00\" \/>\n<meta name=\"twitter:card\" content=\"summary_large_image\" \/>\n<meta name=\"twitter:label1\" content=\"Tiempo de lectura\" \/>\n\t<meta name=\"twitter:data1\" content=\"3 minutos\" \/>\n<script type=\"application\/ld+json\" class=\"yoast-schema-graph\">{\"@context\":\"https:\/\/schema.org\",\"@graph\":[{\"@type\":\"WebPage\",\"@id\":\"https:\/\/www.semlex.com\/es\/declaracion-de-semlex-europe-s-a-sobre-la-proteccion-de-la-privacida\/\",\"url\":\"https:\/\/www.semlex.com\/es\/declaracion-de-semlex-europe-s-a-sobre-la-proteccion-de-la-privacida\/\",\"name\":\"Declaraci\u00f3n de Semlex Europe S.A. sobre la protecci\u00f3n de la privacidad - Semlex\",\"isPartOf\":{\"@id\":\"https:\/\/www.semlex.com\/#website\"},\"datePublished\":\"2018-08-24T07:22:56+00:00\",\"dateModified\":\"2025-01-17T12:09:12+00:00\",\"description\":\"Semlex Europe S.A. cumple con la legislaci\u00f3n de protecci\u00f3n de la privacidad. A continuaci\u00f3n, lea lo que esto significa concretamente.\",\"breadcrumb\":{\"@id\":\"https:\/\/www.semlex.com\/es\/declaracion-de-semlex-europe-s-a-sobre-la-proteccion-de-la-privacida\/#breadcrumb\"},\"inLanguage\":\"es\",\"potentialAction\":[{\"@type\":\"ReadAction\",\"target\":[\"https:\/\/www.semlex.com\/es\/declaracion-de-semlex-europe-s-a-sobre-la-proteccion-de-la-privacida\/\"]}]},{\"@type\":\"BreadcrumbList\",\"@id\":\"https:\/\/www.semlex.com\/es\/declaracion-de-semlex-europe-s-a-sobre-la-proteccion-de-la-privacida\/#breadcrumb\",\"itemListElement\":[{\"@type\":\"ListItem\",\"position\":1,\"name\":\"Home\",\"item\":\"https:\/\/www.semlex.com\/es\/\"},{\"@type\":\"ListItem\",\"position\":2,\"name\":\"Declaraci\u00f3n de Semlex Europe S.A. sobre la protecci\u00f3n de la privacidad\"}]},{\"@type\":\"WebSite\",\"@id\":\"https:\/\/www.semlex.com\/#website\",\"url\":\"https:\/\/www.semlex.com\/\",\"name\":\"Semlex\",\"description\":\"For a secure world\",\"publisher\":{\"@id\":\"https:\/\/www.semlex.com\/#organization\"},\"potentialAction\":[{\"@type\":\"SearchAction\",\"target\":{\"@type\":\"EntryPoint\",\"urlTemplate\":\"https:\/\/www.semlex.com\/?s={search_term_string}\"},\"query-input\":{\"@type\":\"PropertyValueSpecification\",\"valueRequired\":true,\"valueName\":\"search_term_string\"}}],\"inLanguage\":\"es\"},{\"@type\":\"Organization\",\"@id\":\"https:\/\/www.semlex.com\/#organization\",\"name\":\"Semlex\",\"url\":\"https:\/\/www.semlex.com\/\",\"logo\":{\"@type\":\"ImageObject\",\"inLanguage\":\"es\",\"@id\":\"https:\/\/www.semlex.com\/#\/schema\/logo\/image\/\",\"url\":\"https:\/\/www.semlex.com\/wp-content\/uploads\/2022\/12\/logo_semlex.svg\",\"contentUrl\":\"https:\/\/www.semlex.com\/wp-content\/uploads\/2022\/12\/logo_semlex.svg\",\"caption\":\"Semlex\"},\"image\":{\"@id\":\"https:\/\/www.semlex.com\/#\/schema\/logo\/image\/\"},\"sameAs\":[\"https:\/\/www.facebook.com\/semlexgroup\"]}]}<\/script>\n<!-- \/ Yoast SEO plugin. -->","yoast_head_json":{"title":"Declaraci\u00f3n de Semlex Europe S.A. sobre la protecci\u00f3n de la privacidad - Semlex","description":"Semlex Europe S.A. cumple con la legislaci\u00f3n de protecci\u00f3n de la privacidad. A continuaci\u00f3n, lea lo que esto significa concretamente.","robots":{"index":"index","follow":"follow","max-snippet":"max-snippet:-1","max-image-preview":"max-image-preview:large","max-video-preview":"max-video-preview:-1"},"canonical":"https:\/\/www.semlex.com\/es\/declaracion-de-semlex-europe-s-a-sobre-la-proteccion-de-la-privacida\/","og_locale":"es_ES","og_type":"article","og_title":"Declaraci\u00f3n de Semlex Europe S.A. sobre la protecci\u00f3n de la privacidad - Semlex","og_description":"Semlex Europe S.A. cumple con la legislaci\u00f3n de protecci\u00f3n de la privacidad. A continuaci\u00f3n, lea lo que esto significa concretamente.","og_url":"https:\/\/www.semlex.com\/es\/declaracion-de-semlex-europe-s-a-sobre-la-proteccion-de-la-privacida\/","og_site_name":"Semlex","article_publisher":"https:\/\/www.facebook.com\/semlexgroup","article_modified_time":"2025-01-17T12:09:12+00:00","twitter_card":"summary_large_image","twitter_misc":{"Tiempo de lectura":"3 minutos"},"schema":{"@context":"https:\/\/schema.org","@graph":[{"@type":"WebPage","@id":"https:\/\/www.semlex.com\/es\/declaracion-de-semlex-europe-s-a-sobre-la-proteccion-de-la-privacida\/","url":"https:\/\/www.semlex.com\/es\/declaracion-de-semlex-europe-s-a-sobre-la-proteccion-de-la-privacida\/","name":"Declaraci\u00f3n de Semlex Europe S.A. sobre la protecci\u00f3n de la privacidad - Semlex","isPartOf":{"@id":"https:\/\/www.semlex.com\/#website"},"datePublished":"2018-08-24T07:22:56+00:00","dateModified":"2025-01-17T12:09:12+00:00","description":"Semlex Europe S.A. cumple con la legislaci\u00f3n de protecci\u00f3n de la privacidad. A continuaci\u00f3n, lea lo que esto significa concretamente.","breadcrumb":{"@id":"https:\/\/www.semlex.com\/es\/declaracion-de-semlex-europe-s-a-sobre-la-proteccion-de-la-privacida\/#breadcrumb"},"inLanguage":"es","potentialAction":[{"@type":"ReadAction","target":["https:\/\/www.semlex.com\/es\/declaracion-de-semlex-europe-s-a-sobre-la-proteccion-de-la-privacida\/"]}]},{"@type":"BreadcrumbList","@id":"https:\/\/www.semlex.com\/es\/declaracion-de-semlex-europe-s-a-sobre-la-proteccion-de-la-privacida\/#breadcrumb","itemListElement":[{"@type":"ListItem","position":1,"name":"Home","item":"https:\/\/www.semlex.com\/es\/"},{"@type":"ListItem","position":2,"name":"Declaraci\u00f3n de Semlex Europe S.A. sobre la protecci\u00f3n de la privacidad"}]},{"@type":"WebSite","@id":"https:\/\/www.semlex.com\/#website","url":"https:\/\/www.semlex.com\/","name":"Semlex","description":"For a secure world","publisher":{"@id":"https:\/\/www.semlex.com\/#organization"},"potentialAction":[{"@type":"SearchAction","target":{"@type":"EntryPoint","urlTemplate":"https:\/\/www.semlex.com\/?s={search_term_string}"},"query-input":{"@type":"PropertyValueSpecification","valueRequired":true,"valueName":"search_term_string"}}],"inLanguage":"es"},{"@type":"Organization","@id":"https:\/\/www.semlex.com\/#organization","name":"Semlex","url":"https:\/\/www.semlex.com\/","logo":{"@type":"ImageObject","inLanguage":"es","@id":"https:\/\/www.semlex.com\/#\/schema\/logo\/image\/","url":"https:\/\/www.semlex.com\/wp-content\/uploads\/2022\/12\/logo_semlex.svg","contentUrl":"https:\/\/www.semlex.com\/wp-content\/uploads\/2022\/12\/logo_semlex.svg","caption":"Semlex"},"image":{"@id":"https:\/\/www.semlex.com\/#\/schema\/logo\/image\/"},"sameAs":["https:\/\/www.facebook.com\/semlexgroup"]}]}},"_links":{"self":[{"href":"https:\/\/www.semlex.com\/es\/wp-json\/wp\/v2\/pages\/13083","targetHints":{"allow":["GET"]}}],"collection":[{"href":"https:\/\/www.semlex.com\/es\/wp-json\/wp\/v2\/pages"}],"about":[{"href":"https:\/\/www.semlex.com\/es\/wp-json\/wp\/v2\/types\/page"}],"author":[{"embeddable":true,"href":"https:\/\/www.semlex.com\/es\/wp-json\/wp\/v2\/users\/4"}],"replies":[{"embeddable":true,"href":"https:\/\/www.semlex.com\/es\/wp-json\/wp\/v2\/comments?post=13083"}],"version-history":[{"count":6,"href":"https:\/\/www.semlex.com\/es\/wp-json\/wp\/v2\/pages\/13083\/revisions"}],"predecessor-version":[{"id":15173,"href":"https:\/\/www.semlex.com\/es\/wp-json\/wp\/v2\/pages\/13083\/revisions\/15173"}],"wp:attachment":[{"href":"https:\/\/www.semlex.com\/es\/wp-json\/wp\/v2\/media?parent=13083"}],"curies":[{"name":"wp","href":"https:\/\/api.w.org\/{rel}","templated":true}]}}