{"id":12667,"date":"2022-10-12T11:49:04","date_gmt":"2022-10-12T09:49:04","guid":{"rendered":"https:\/\/www.semlex.com\/orbis\/"},"modified":"2023-02-01T11:49:09","modified_gmt":"2023-02-01T10:49:09","slug":"orbis","status":"publish","type":"page","link":"https:\/\/www.semlex.com\/es\/soluciones\/orbis\/","title":{"rendered":"Orbis"},"content":{"rendered":"\t\n\n<section class=\"orbis_section header_top\">\n\t<div class=\"intro_header\">\n\t\t\t<h2>ORBIS<\/h2>\n\t\t\t<h5 class=\"subtitle\">SOFTWARE SEMLEX <\/h5>\n\t\t\t<div class=\"introduction\"><p>Desarrollada \u00edntegramente por los ingenieros del grupo Semlex, la plataforma ORBIS es una soluci\u00f3n central para cualquier aplicaci\u00f3n que permite <strong>la gesti\u00f3n de identidades respaldadas por la biometr\u00eda.<\/strong><\/p>\n <\/div>\n\n\t\t\t<video class=\"video_bg\" autoplay muted loop playsinline ?>\u00ab>\n\t\t\t\t<source src=\"https:\/\/www.semlex.com\/wp-content\/themes\/deligraph_semlex\/resources\/video\/orbis_light.mp4\" type=\"video\/mp4\">\n\t\t\t\tYour browser does not support the video tag.\n\t\t\t<\/video>\n\t<\/div>\n\n\t<section class=\"approach_section\">\n\n\n\t\t<h3>El sistema ORBIS asegura<\/h3>\n\n\t\t<div class=\"approach_grid\">\n\t\t\t\t\t\t\t<div class=\"approach\">\n\t\t\t\t\t<div class=\"icon\">\n\t\t\t\t\t\t<img decoding=\"async\" src=\"https:\/\/www.semlex.com\/wp-content\/uploads\/2022\/12\/orbis_approach_centralisation.svg\" alt=\"\">\n\t\t\t\t\t<\/div>\n\t\t\t\t\t\t<p><p>La <strong>centralizaci\u00f3n<\/strong> de datos demogr\u00e1ficos y biom\u00e9tricos del grupo o de la poblaci\u00f3n<\/p>\n<\/p>\n\t\t\t\t<\/div>\n\t\t\t\t\t\t\t<div class=\"approach\">\n\t\t\t\t\t<div class=\"icon\">\n\t\t\t\t\t\t<img decoding=\"async\" src=\"https:\/\/www.semlex.com\/wp-content\/uploads\/2022\/12\/orbis_approach_identification.svg\" alt=\"\">\n\t\t\t\t\t<\/div>\n\t\t\t\t\t\t<p><p>La asignaci\u00f3n de un <strong>identificador \u00fanico<\/strong> a cada persona<\/p>\n<\/p>\n\t\t\t\t<\/div>\n\t\t\t\t\t\t\t<div class=\"approach\">\n\t\t\t\t\t<div class=\"icon\">\n\t\t\t\t\t\t<img decoding=\"async\" src=\"https:\/\/www.semlex.com\/wp-content\/uploads\/2022\/12\/orbis_approach_securite.svg\" alt=\"\">\n\t\t\t\t\t<\/div>\n\t\t\t\t\t\t<p><p>La producci\u00f3n de <strong>documentos biom\u00e9tricos seguros<\/strong><\/p>\n<\/p>\n\t\t\t\t<\/div>\n\t\t\t\t\t\t\t<div class=\"approach\">\n\t\t\t\t\t<div class=\"icon\">\n\t\t\t\t\t\t<img decoding=\"async\" src=\"https:\/\/www.semlex.com\/wp-content\/uploads\/2022\/12\/orbis_approach_securisation-1.svg\" alt=\"\">\n\t\t\t\t\t<\/div>\n\t\t\t\t\t\t<p><p>Una <strong>segurizaci\u00f3n fiduciaria<\/strong> de escrituras, extractos y documentos emitidos<\/p>\n<\/p>\n\t\t\t\t<\/div>\n\t\t\t\t\t\t\t<div class=\"approach\">\n\t\t\t\t\t<div class=\"icon\">\n\t\t\t\t\t\t<img decoding=\"async\" src=\"https:\/\/www.semlex.com\/wp-content\/uploads\/2022\/12\/orbis_approach_tracabilite.svg\" alt=\"\">\n\t\t\t\t\t<\/div>\n\t\t\t\t\t\t<p><p>La gesti\u00f3n de actores por <strong>trazabilidad biom\u00e9trica<\/strong> aplicada durante las operaciones<\/p>\n<\/p>\n\t\t\t\t<\/div>\n\t\t\t\t\t\t\t<div class=\"approach\">\n\t\t\t\t\t<div class=\"icon\">\n\t\t\t\t\t\t<img decoding=\"async\" src=\"https:\/\/www.semlex.com\/wp-content\/uploads\/2022\/12\/orbis_approach_fraudeurs.svg\" alt=\"\">\n\t\t\t\t\t<\/div>\n\t\t\t\t\t\t<p><p>La gesti\u00f3n de <strong>listas de defraudadores<\/strong> en todos los sistemas de informaci\u00f3n ORBIS<\/p>\n<\/p>\n\t\t\t\t<\/div>\n\t\t\t\t\t<\/div>\n\n\n\n\n\n\t<\/section>\n\n\t<div class=\"advantages_section\">\n\n\t\t<h3>Las ventajas de ORBIS<\/h3>\n\t\t<div class=\"advantages_grid\">\n\t\t\t\t\t\t\t<div class=\"advantage\">\n\t\t\t\t\t\t<img decoding=\"async\" class=\"icon\" src=\"https:\/\/www.semlex.com\/wp-content\/uploads\/2022\/12\/advantages_datas.svg\" alt=\"https:\/\/www.semlex.com\/wp-content\/uploads\/2022\/12\/advantages_datas.svg\">\n\t\t\t\t\t\t<h4>Gesti\u00f3n de datos<\/h4>\n\t\t\t\t\t\t<p><\/p>\n\t\t\t\t<\/div>\n\t\t\t\t\t\t\t<div class=\"advantage\">\n\t\t\t\t\t\t<img decoding=\"async\" class=\"icon\" src=\"https:\/\/www.semlex.com\/wp-content\/uploads\/2022\/12\/advantages_security.svg\" alt=\"https:\/\/www.semlex.com\/wp-content\/uploads\/2022\/12\/advantages_security.svg\">\n\t\t\t\t\t\t<h4>Seguridad<\/h4>\n\t\t\t\t\t\t<p><\/p>\n\t\t\t\t<\/div>\n\t\t\t\t\t\t\t<div class=\"advantage\">\n\t\t\t\t\t\t<img decoding=\"async\" class=\"icon\" src=\"https:\/\/www.semlex.com\/wp-content\/uploads\/2022\/12\/advantages_souplesse.svg\" alt=\"https:\/\/www.semlex.com\/wp-content\/uploads\/2022\/12\/advantages_souplesse.svg\">\n\t\t\t\t\t\t<h4>Flexibilidad<\/h4>\n\t\t\t\t\t\t<p><\/p>\n\t\t\t\t<\/div>\n\t\t\t\t\t\t\t<div class=\"advantage\">\n\t\t\t\t\t\t<img decoding=\"async\" class=\"icon\" src=\"https:\/\/www.semlex.com\/wp-content\/uploads\/2022\/12\/advantages_technic.svg\" alt=\"https:\/\/www.semlex.com\/wp-content\/uploads\/2022\/12\/advantages_technic.svg\">\n\t\t\t\t\t\t<h4>Soporte t\u00e9cnico<\/h4>\n\t\t\t\t\t\t<p><\/p>\n\t\t\t\t<\/div>\n\t\t\t\t\t\t\t<div class=\"advantage\">\n\t\t\t\t\t\t<img decoding=\"async\" class=\"icon\" src=\"https:\/\/www.semlex.com\/wp-content\/uploads\/2022\/12\/advantages_evolutivity.svg\" alt=\"https:\/\/www.semlex.com\/wp-content\/uploads\/2022\/12\/advantages_evolutivity.svg\">\n\t\t\t\t\t\t<h4>Evolucionalidad<\/h4>\n\t\t\t\t\t\t<p><\/p>\n\t\t\t\t<\/div>\n\t\t\t\t\t\t\t<div class=\"advantage\">\n\t\t\t\t\t\t<img decoding=\"async\" class=\"icon\" src=\"https:\/\/www.semlex.com\/wp-content\/uploads\/2022\/12\/advantages_suivi.svg\" alt=\"https:\/\/www.semlex.com\/wp-content\/uploads\/2022\/12\/advantages_suivi.svg\">\n\t\t\t\t\t\t<h4>Seguimiento de tramitaci\u00f3n de solicitudes<\/h4>\n\t\t\t\t\t\t<p><\/p>\n\t\t\t\t<\/div>\n\t\t\t\t\t<\/div>\n\n\n\n\t<\/div>\n<\/section>\n\n","protected":false},"excerpt":{"rendered":"<p>ORBIS es una soluci\u00f3n central para cualquier aplicaci\u00f3n que permite la gesti\u00f3n de identidades.<\/p>\n","protected":false},"author":4,"featured_media":0,"parent":12879,"menu_order":1,"comment_status":"open","ping_status":"open","template":"template-solutions.php","meta":{"_acf_changed":false,"footnotes":""},"class_list":["post-12667","page","type-page","status-publish","hentry"],"acf":[],"yoast_head":"<!-- This site is optimized with the Yoast SEO plugin v25.5 - https:\/\/yoast.com\/wordpress\/plugins\/seo\/ -->\n<title>Orbis - Semlex<\/title>\n<meta name=\"description\" content=\"Desarrollada \u00edntegramente por los ingenieros del grupo Semlex, la plataforma ORBIS es una soluci\u00f3n central para cualquier aplicaci\u00f3n que permite la gesti\u00f3n de identidades respaldadas por la biometr\u00eda.\" \/>\n<meta name=\"robots\" content=\"index, follow, max-snippet:-1, max-image-preview:large, max-video-preview:-1\" \/>\n<link rel=\"canonical\" href=\"https:\/\/www.semlex.com\/es\/soluciones\/orbis\/\" \/>\n<meta property=\"og:locale\" content=\"es_ES\" \/>\n<meta property=\"og:type\" content=\"article\" \/>\n<meta property=\"og:title\" content=\"Orbis - Semlex\" \/>\n<meta property=\"og:description\" content=\"Desarrollada \u00edntegramente por los ingenieros del grupo Semlex, la plataforma ORBIS es una soluci\u00f3n central para cualquier aplicaci\u00f3n que permite la gesti\u00f3n de identidades respaldadas por la biometr\u00eda.\" \/>\n<meta property=\"og:url\" content=\"https:\/\/www.semlex.com\/es\/soluciones\/orbis\/\" \/>\n<meta property=\"og:site_name\" content=\"Semlex\" \/>\n<meta property=\"article:publisher\" content=\"https:\/\/www.facebook.com\/semlexgroup\" \/>\n<meta property=\"article:modified_time\" content=\"2023-02-01T10:49:09+00:00\" \/>\n<meta name=\"twitter:card\" content=\"summary_large_image\" \/>\n<script type=\"application\/ld+json\" class=\"yoast-schema-graph\">{\"@context\":\"https:\/\/schema.org\",\"@graph\":[{\"@type\":\"WebPage\",\"@id\":\"https:\/\/www.semlex.com\/es\/soluciones\/orbis\/\",\"url\":\"https:\/\/www.semlex.com\/es\/soluciones\/orbis\/\",\"name\":\"Orbis - Semlex\",\"isPartOf\":{\"@id\":\"https:\/\/www.semlex.com\/#website\"},\"datePublished\":\"2022-10-12T09:49:04+00:00\",\"dateModified\":\"2023-02-01T10:49:09+00:00\",\"description\":\"Desarrollada \u00edntegramente por los ingenieros del grupo Semlex, la plataforma ORBIS es una soluci\u00f3n central para cualquier aplicaci\u00f3n que permite la gesti\u00f3n de identidades respaldadas por la biometr\u00eda.\",\"breadcrumb\":{\"@id\":\"https:\/\/www.semlex.com\/es\/soluciones\/orbis\/#breadcrumb\"},\"inLanguage\":\"es\",\"potentialAction\":[{\"@type\":\"ReadAction\",\"target\":[\"https:\/\/www.semlex.com\/es\/soluciones\/orbis\/\"]}]},{\"@type\":\"BreadcrumbList\",\"@id\":\"https:\/\/www.semlex.com\/es\/soluciones\/orbis\/#breadcrumb\",\"itemListElement\":[{\"@type\":\"ListItem\",\"position\":1,\"name\":\"Home\",\"item\":\"https:\/\/www.semlex.com\/es\/\"},{\"@type\":\"ListItem\",\"position\":2,\"name\":\"Soluciones\",\"item\":\"https:\/\/www.semlex.com\/es\/soluciones\/\"},{\"@type\":\"ListItem\",\"position\":3,\"name\":\"Orbis\"}]},{\"@type\":\"WebSite\",\"@id\":\"https:\/\/www.semlex.com\/#website\",\"url\":\"https:\/\/www.semlex.com\/\",\"name\":\"Semlex\",\"description\":\"For a secure world\",\"publisher\":{\"@id\":\"https:\/\/www.semlex.com\/#organization\"},\"potentialAction\":[{\"@type\":\"SearchAction\",\"target\":{\"@type\":\"EntryPoint\",\"urlTemplate\":\"https:\/\/www.semlex.com\/?s={search_term_string}\"},\"query-input\":{\"@type\":\"PropertyValueSpecification\",\"valueRequired\":true,\"valueName\":\"search_term_string\"}}],\"inLanguage\":\"es\"},{\"@type\":\"Organization\",\"@id\":\"https:\/\/www.semlex.com\/#organization\",\"name\":\"Semlex\",\"url\":\"https:\/\/www.semlex.com\/\",\"logo\":{\"@type\":\"ImageObject\",\"inLanguage\":\"es\",\"@id\":\"https:\/\/www.semlex.com\/#\/schema\/logo\/image\/\",\"url\":\"https:\/\/www.semlex.com\/wp-content\/uploads\/2022\/12\/logo_semlex.svg\",\"contentUrl\":\"https:\/\/www.semlex.com\/wp-content\/uploads\/2022\/12\/logo_semlex.svg\",\"caption\":\"Semlex\"},\"image\":{\"@id\":\"https:\/\/www.semlex.com\/#\/schema\/logo\/image\/\"},\"sameAs\":[\"https:\/\/www.facebook.com\/semlexgroup\"]}]}<\/script>\n<!-- \/ Yoast SEO plugin. -->","yoast_head_json":{"title":"Orbis - Semlex","description":"Desarrollada \u00edntegramente por los ingenieros del grupo Semlex, la plataforma ORBIS es una soluci\u00f3n central para cualquier aplicaci\u00f3n que permite la gesti\u00f3n de identidades respaldadas por la biometr\u00eda.","robots":{"index":"index","follow":"follow","max-snippet":"max-snippet:-1","max-image-preview":"max-image-preview:large","max-video-preview":"max-video-preview:-1"},"canonical":"https:\/\/www.semlex.com\/es\/soluciones\/orbis\/","og_locale":"es_ES","og_type":"article","og_title":"Orbis - Semlex","og_description":"Desarrollada \u00edntegramente por los ingenieros del grupo Semlex, la plataforma ORBIS es una soluci\u00f3n central para cualquier aplicaci\u00f3n que permite la gesti\u00f3n de identidades respaldadas por la biometr\u00eda.","og_url":"https:\/\/www.semlex.com\/es\/soluciones\/orbis\/","og_site_name":"Semlex","article_publisher":"https:\/\/www.facebook.com\/semlexgroup","article_modified_time":"2023-02-01T10:49:09+00:00","twitter_card":"summary_large_image","schema":{"@context":"https:\/\/schema.org","@graph":[{"@type":"WebPage","@id":"https:\/\/www.semlex.com\/es\/soluciones\/orbis\/","url":"https:\/\/www.semlex.com\/es\/soluciones\/orbis\/","name":"Orbis - Semlex","isPartOf":{"@id":"https:\/\/www.semlex.com\/#website"},"datePublished":"2022-10-12T09:49:04+00:00","dateModified":"2023-02-01T10:49:09+00:00","description":"Desarrollada \u00edntegramente por los ingenieros del grupo Semlex, la plataforma ORBIS es una soluci\u00f3n central para cualquier aplicaci\u00f3n que permite la gesti\u00f3n de identidades respaldadas por la biometr\u00eda.","breadcrumb":{"@id":"https:\/\/www.semlex.com\/es\/soluciones\/orbis\/#breadcrumb"},"inLanguage":"es","potentialAction":[{"@type":"ReadAction","target":["https:\/\/www.semlex.com\/es\/soluciones\/orbis\/"]}]},{"@type":"BreadcrumbList","@id":"https:\/\/www.semlex.com\/es\/soluciones\/orbis\/#breadcrumb","itemListElement":[{"@type":"ListItem","position":1,"name":"Home","item":"https:\/\/www.semlex.com\/es\/"},{"@type":"ListItem","position":2,"name":"Soluciones","item":"https:\/\/www.semlex.com\/es\/soluciones\/"},{"@type":"ListItem","position":3,"name":"Orbis"}]},{"@type":"WebSite","@id":"https:\/\/www.semlex.com\/#website","url":"https:\/\/www.semlex.com\/","name":"Semlex","description":"For a secure world","publisher":{"@id":"https:\/\/www.semlex.com\/#organization"},"potentialAction":[{"@type":"SearchAction","target":{"@type":"EntryPoint","urlTemplate":"https:\/\/www.semlex.com\/?s={search_term_string}"},"query-input":{"@type":"PropertyValueSpecification","valueRequired":true,"valueName":"search_term_string"}}],"inLanguage":"es"},{"@type":"Organization","@id":"https:\/\/www.semlex.com\/#organization","name":"Semlex","url":"https:\/\/www.semlex.com\/","logo":{"@type":"ImageObject","inLanguage":"es","@id":"https:\/\/www.semlex.com\/#\/schema\/logo\/image\/","url":"https:\/\/www.semlex.com\/wp-content\/uploads\/2022\/12\/logo_semlex.svg","contentUrl":"https:\/\/www.semlex.com\/wp-content\/uploads\/2022\/12\/logo_semlex.svg","caption":"Semlex"},"image":{"@id":"https:\/\/www.semlex.com\/#\/schema\/logo\/image\/"},"sameAs":["https:\/\/www.facebook.com\/semlexgroup"]}]}},"_links":{"self":[{"href":"https:\/\/www.semlex.com\/es\/wp-json\/wp\/v2\/pages\/12667","targetHints":{"allow":["GET"]}}],"collection":[{"href":"https:\/\/www.semlex.com\/es\/wp-json\/wp\/v2\/pages"}],"about":[{"href":"https:\/\/www.semlex.com\/es\/wp-json\/wp\/v2\/types\/page"}],"author":[{"embeddable":true,"href":"https:\/\/www.semlex.com\/es\/wp-json\/wp\/v2\/users\/4"}],"replies":[{"embeddable":true,"href":"https:\/\/www.semlex.com\/es\/wp-json\/wp\/v2\/comments?post=12667"}],"version-history":[{"count":25,"href":"https:\/\/www.semlex.com\/es\/wp-json\/wp\/v2\/pages\/12667\/revisions"}],"predecessor-version":[{"id":13679,"href":"https:\/\/www.semlex.com\/es\/wp-json\/wp\/v2\/pages\/12667\/revisions\/13679"}],"up":[{"embeddable":true,"href":"https:\/\/www.semlex.com\/es\/wp-json\/wp\/v2\/pages\/12879"}],"wp:attachment":[{"href":"https:\/\/www.semlex.com\/es\/wp-json\/wp\/v2\/media?parent=12667"}],"curies":[{"name":"wp","href":"https:\/\/api.w.org\/{rel}","templated":true}]}}