{"id":12644,"date":"2015-02-16T09:50:05","date_gmt":"2015-02-16T08:50:05","guid":{"rendered":"https:\/\/www.semlex.com\/produits\/visas\/"},"modified":"2023-01-31T10:03:53","modified_gmt":"2023-01-31T09:03:53","slug":"visados","status":"publish","type":"page","link":"https:\/\/www.semlex.com\/es\/productos\/visados\/","title":{"rendered":"Visados"},"content":{"rendered":"\n<section class=\"product_header\">\n\n\t<div class=\"product_infos apparition\">\n\t\t\t<img decoding=\"async\" class=\"product_overview\" src=\"https:\/\/www.semlex.com\/wp-content\/uploads\/2022\/12\/VISA-NOR-1.jpg\" alt=\"\" width=\"500\" >\n\t\t\t<h2><\/h2>\n\t\t\t<h4>NUESTROS PRODUCTOS<\/h4>\n\t\t\t<p>Semlex ofrece un visado respetando las recomendaciones del documento n\u00b09303 parte 2 de la OACI.<\/p>\n\t\t\t\n\t\t\t<div class=\"tags\">\n\t\t\t\t\t\t\t\t\t<\/div>\n\t\t<\/div>\n<\/section>\n\n<section class=\"product_specifications apparition dark\">\n\n\t<h3 class=\"section_title\">Especificaciones generales<\/h3>\n\t<p>Semlex ofrece visados con las siguientes caracter\u00edsticas:<\/p>\n\t\n\t<div class=\"specification_grid _2cols\">\n\t\t\t\t\t\n\t\t\t\t\t<div>\n\t\t\t\t<h4>\u00c1rea MRZ<\/h4>\n\t\t\t\t<p>Los datos de esta \u00e1rea permiten la lectura autom\u00e1tica de nombre, n\u00famero de pasaporte, nacionalidad, fecha de nacimiento, g\u00e9nero, fecha de vencimiento y n\u00famero de identificaci\u00f3n personal.<\/p>\n\t\t\t<\/div> \t\t\t<div>\n\t\t\t\t<h4>Formato<\/h4>\n\t\t\t\t<p>ISO 7810 en formato ID3.<\/p>\n\t\t\t<\/div> \t\t\t<div>\n\t\t\t\t<h4>Dimensiones<\/h4>\n\t\t\t\t<p>88 mm (+\/-0,75 mm) x 125 mm (+\/-0,75 mm).<\/p>\n\t\t\t<\/div> \t\t\t<div>\n\t\t\t\t<h4>Adaptaci\u00f3n personalizada<\/h4>\n\t\t\t\t<p>Estas caracter\u00edsticas no son limitativas y se pueden adaptar seg\u00fan las necesidades del cliente.<\/p>\n\t\t\t<\/div> \t\n\t<\/div>\n\t\n<\/section>\n\n\t<section class=\"product_security\">\n\t\n\t\t<h3 class=\"section_title\">Nuestras seguridades<\/h3>\n\t\t<p>Para garantizar la seguridad fiduciaria de sus documentos y evitar su falsificaci\u00f3n, se le proponen caracter\u00edsticas t\u00e9cnicas:<\/p>\n\t\n\t\t<div class=\"securities_grid_container\">\n\t\t\t\t\t<div class=\"available_security_card\">\n\t\t\t\t<div class=\"details\">\n\t\t\t\t\t<h4 class=\"security_title\">Caracter\u00edsticas del papel<\/h4>\n\t\t\t\t\t<p>El papel tendr\u00e1 caracter\u00edsticas apropiadas de absorci\u00f3n y rugosidad, y puede contener fibras con propiedades fluorescentes. Estas fibras pueden ser visibles (fibras de colores) o invisibles con luz normal. Adem\u00e1s, las p\u00e1ginas se pueden unir con un hilo de coser que reacciona en uno o m\u00e1s colores bajo la exposici\u00f3n a los rayos UV.<\/p>\n\t\t\t\t<\/div>\n\t\t\t\t<img decoding=\"async\" src=\"https:\/\/www.semlex.com\/wp-content\/uploads\/2022\/12\/Visa-Caracteristiques-du-papier-Semlex.webp\" alt=\"\">\n\t\n\t\t\t<\/div>\n\t\t\t\t\t\t\t<div class=\"available_security_card\">\n\t\t\t\t<div class=\"details\">\n\t\t\t\t\t<h4 class=\"security_title\">Tinta \u00f3pticamente variable (OVI)<\/h4>\n\t\t\t\t\t<p>Pigmentos \u00f3pticamente variables sujetos a importantes variaciones crom\u00e1ticas seg\u00fan el \u00e1ngulo de observaci\u00f3n o iluminaci\u00f3n.<\/p>\n\t\t\t\t<\/div>\n\t\t\t\t<img decoding=\"async\" src=\"https:\/\/www.semlex.com\/wp-content\/uploads\/2022\/12\/optiquement_variable.png\" alt=\"\">\n\t\n\t\t\t<\/div>\n\t\t\t\t\t\t\t<div class=\"available_security_card\">\n\t\t\t\t<div class=\"details\">\n\t\t\t\t\t<h4 class=\"security_title\">Tinta fotocrom\u00e1tica<\/h4>\n\t\t\t\t\t<p>Motivo que aparece bajo la luz del sol, permaneciendo observable durante alg\u00fan tiempo despu\u00e9s de la exposici\u00f3n.<\/p>\n\t\t\t\t<\/div>\n\t\t\t\t<img decoding=\"async\" src=\"https:\/\/www.semlex.com\/wp-content\/uploads\/2022\/12\/Semlex-Produits-Passport-Photocrome.webp\" alt=\"\">\n\t\n\t\t\t<\/div>\n\t\t\t\t\t\t\t<div class=\"available_security_card\">\n\t\t\t\t<div class=\"details\">\n\t\t\t\t\t<h4 class=\"security_title\">Tinta UV fluorescente<\/h4>\n\t\t\t\t\t<p>Motivos impresos visibles solo bajo luz ultravioleta.<\/p>\n\t\t\t\t<\/div>\n\t\t\t\t<img decoding=\"async\" src=\"https:\/\/www.semlex.com\/wp-content\/uploads\/2022\/12\/Visa-Encre-photochrome-Semlex1.webp\" alt=\"\">\n\t\n\t\t\t<\/div>\n\t\t\t\t\t\t\t<div class=\"available_security_card\">\n\t\t\t\t<div class=\"details\">\n\t\t\t\t\t<h4 class=\"security_title\">Guilloches<\/h4>\n\t\t\t\t\t<p>Trazos finos y complejos formados por l\u00edneas contin\u00faas entrelazadas formando motivos geom\u00e9tricos que dificultan cualquier intento de recreaci\u00f3n o reproducci\u00f3n.<\/p>\n\t\t\t\t<\/div>\n\t\t\t\t<img decoding=\"async\" src=\"https:\/\/www.semlex.com\/wp-content\/uploads\/2022\/12\/Visa-guilloche-Semlex-20150323.webp\" alt=\"\">\n\t\n\t\t\t<\/div>\n\t\t\t\t\t\t\t<div class=\"available_security_card\">\n\t\t\t\t<div class=\"details\">\n\t\t\t\t\t<h4 class=\"security_title\">Holograma<\/h4>\n\t\t\t\t\t<p>Imagen tridimensional (con efecto relieve) y aspecto cambiante en funci\u00f3n de la inclinaci\u00f3n del documento.<\/p>\n\t\t\t\t<\/div>\n\t\t\t\t<img decoding=\"async\" src=\"https:\/\/www.semlex.com\/wp-content\/uploads\/2022\/12\/Visa-Encre-fluorescente-Semlex.webp\" alt=\"\">\n\t\n\t\t\t<\/div>\n\t\t\t\t\t\t\t<div class=\"available_security_card\">\n\t\t\t\t<div class=\"details\">\n\t\t\t\t\t<h4 class=\"security_title\">Impresi\u00f3n iridiscente <br \/>\r\n\u00ab rainbow \u00bb <\/h4>\n\t\t\t\t\t<p>Cambio de color gradual para proteger los documentos segurizados contra la separaci\u00f3n o copia de colores.<\/p>\n\t\t\t\t<\/div>\n\t\t\t\t<img decoding=\"async\" src=\"https:\/\/www.semlex.com\/wp-content\/uploads\/2022\/12\/Visa-Impression-irisee-Semlex.webp\" alt=\"\">\n\t\n\t\t\t<\/div>\n\t\t\t\t\t\t\t<div class=\"available_security_card\">\n\t\t\t\t<div class=\"details\">\n\t\t\t\t\t<h4 class=\"security_title\">Microimpresi\u00f3n<\/h4>\n\t\t\t\t\t<p>L\u00edneas o motivos formados por letras o n\u00fameros muy peque\u00f1os que los procesos b\u00e1sicos de reproducci\u00f3n no pueden reproducir. Utilizada para imprimir texto o motivos visibles con luz normal, esta tinta reacciona bajo la exposici\u00f3n a los rayos UV.<\/p>\n\t\t\t\t<\/div>\n\t\t\t\t<img decoding=\"async\" src=\"https:\/\/www.semlex.com\/wp-content\/uploads\/2022\/12\/Visa-MicroImpression.webp\" alt=\"\">\n\t\n\t\t\t<\/div>\n\t\t\t\t\t\t\t<div class=\"available_security_card\">\n\t\t\t\t<div class=\"details\">\n\t\t\t\t\t<h4 class=\"security_title\">Numeraci\u00f3n \u00ab black laser \u00bb o \u00ab inkjet \u00bb <\/h4>\n\t\t\t\t\t<p>N\u00famero secuencial \u00fanico impreso en un documento o troquelado en \u00e9l y utilizado para su identificaci\u00f3n. Esta singularidad permite asegurar la trazabilidad del documento en caso de p\u00e9rdida o robo.<\/p>\n\t\t\t\t<\/div>\n\t\t\t\t<img decoding=\"async\" src=\"https:\/\/www.semlex.com\/wp-content\/uploads\/2022\/12\/Visa-Numerotage-Semlex-20150223.webp\" alt=\"\">\n\t\n\t\t\t<\/div>\n\t\t\t\t\t\t\t<div class=\"available_security_card\">\n\t\t\t\t<div class=\"details\">\n\t\t\t\t\t<h4 class=\"security_title\">Seguridad <br \/>\r\n\u00ab\u00a0die cut\u00a0\u00bb<\/h4>\n\t\t\t\t\t<p>El \u00abdie cut\u00bb es una peque\u00f1a forma de recorte impreso con diferentes temas, que provoca un desgarro si se intenta despegar el papel en el que se encuentra.<\/p>\n\t\t\t\t<\/div>\n\t\t\t\t<img decoding=\"async\" src=\"https:\/\/www.semlex.com\/wp-content\/uploads\/2022\/12\/Securite-Die-cut.webp\" alt=\"\">\n\t\n\t\t\t<\/div>\n\t\t\t\t\t\t\t<div class=\"available_security_card\">\n\t\t\t\t<div class=\"details\">\n\t\t\t\t\t<h4 class=\"security_title\">Marcadores qu\u00edmicos<\/h4>\n\t\t\t\t\t<p>Reactivos de seguridad (\u00e1cidos, \u00e1lcalis, decolorante) como protecci\u00f3n contra intentos de manipulaci\u00f3n por borrado qu\u00edmico.<\/p>\n\t\t\t\t<\/div>\n\t\t\t\t<img decoding=\"async\" src=\"https:\/\/www.semlex.com\/wp-content\/uploads\/2022\/12\/Produits-Chimique.webp\" alt=\"\">\n\t\n\t\t\t<\/div>\n\t\t\t\t\t\n\t\t<\/div>\n\t<\/section>\n\t\n\n\n\n","protected":false},"excerpt":{"rendered":"<p>Semlex ofrece visados que cumplen con las recomendaciones del documento de la OACI n\u00b0 9303 parte 2.<\/p>\n","protected":false},"author":4,"featured_media":11764,"parent":12628,"menu_order":3,"comment_status":"open","ping_status":"closed","template":"template-products.php","meta":{"_acf_changed":false,"footnotes":""},"class_list":["post-12644","page","type-page","status-publish","has-post-thumbnail","hentry"],"acf":[],"yoast_head":"<!-- This site is optimized with the Yoast SEO plugin v25.5 - https:\/\/yoast.com\/wordpress\/plugins\/seo\/ -->\n<title>Visados - Semlex<\/title>\n<meta name=\"description\" content=\"Semlex ofrece un visado respetando las recomendaciones del documento n\u00b09303 parte 2 de la OACI.\" \/>\n<meta name=\"robots\" content=\"index, follow, max-snippet:-1, max-image-preview:large, max-video-preview:-1\" \/>\n<link rel=\"canonical\" href=\"https:\/\/www.semlex.com\/es\/productos\/visados\/\" \/>\n<meta property=\"og:locale\" content=\"es_ES\" \/>\n<meta property=\"og:type\" content=\"article\" \/>\n<meta property=\"og:title\" content=\"Visados - Semlex\" \/>\n<meta property=\"og:description\" content=\"Semlex ofrece un visado respetando las recomendaciones del documento n\u00b09303 parte 2 de la OACI.\" \/>\n<meta property=\"og:url\" content=\"https:\/\/www.semlex.com\/es\/productos\/visados\/\" \/>\n<meta property=\"og:site_name\" content=\"Semlex\" \/>\n<meta property=\"article:publisher\" content=\"https:\/\/www.facebook.com\/semlexgroup\" \/>\n<meta property=\"article:modified_time\" content=\"2023-01-31T09:03:53+00:00\" \/>\n<meta property=\"og:image\" content=\"https:\/\/www.semlex.com\/wp-content\/uploads\/2022\/12\/VISA-NOR-1.jpg\" \/>\n\t<meta property=\"og:image:width\" content=\"1110\" \/>\n\t<meta property=\"og:image:height\" content=\"922\" \/>\n\t<meta property=\"og:image:type\" content=\"image\/jpeg\" \/>\n<meta name=\"twitter:card\" content=\"summary_large_image\" \/>\n<script type=\"application\/ld+json\" class=\"yoast-schema-graph\">{\"@context\":\"https:\/\/schema.org\",\"@graph\":[{\"@type\":\"WebPage\",\"@id\":\"https:\/\/www.semlex.com\/es\/productos\/visados\/\",\"url\":\"https:\/\/www.semlex.com\/es\/productos\/visados\/\",\"name\":\"Visados - Semlex\",\"isPartOf\":{\"@id\":\"https:\/\/www.semlex.com\/#website\"},\"primaryImageOfPage\":{\"@id\":\"https:\/\/www.semlex.com\/es\/productos\/visados\/#primaryimage\"},\"image\":{\"@id\":\"https:\/\/www.semlex.com\/es\/productos\/visados\/#primaryimage\"},\"thumbnailUrl\":\"https:\/\/www.semlex.com\/wp-content\/uploads\/2022\/12\/VISA-NOR-1.jpg\",\"datePublished\":\"2015-02-16T08:50:05+00:00\",\"dateModified\":\"2023-01-31T09:03:53+00:00\",\"description\":\"Semlex ofrece un visado respetando las recomendaciones del documento n\u00b09303 parte 2 de la OACI.\",\"breadcrumb\":{\"@id\":\"https:\/\/www.semlex.com\/es\/productos\/visados\/#breadcrumb\"},\"inLanguage\":\"es\",\"potentialAction\":[{\"@type\":\"ReadAction\",\"target\":[\"https:\/\/www.semlex.com\/es\/productos\/visados\/\"]}]},{\"@type\":\"ImageObject\",\"inLanguage\":\"es\",\"@id\":\"https:\/\/www.semlex.com\/es\/productos\/visados\/#primaryimage\",\"url\":\"https:\/\/www.semlex.com\/wp-content\/uploads\/2022\/12\/VISA-NOR-1.jpg\",\"contentUrl\":\"https:\/\/www.semlex.com\/wp-content\/uploads\/2022\/12\/VISA-NOR-1.jpg\",\"width\":1110,\"height\":922},{\"@type\":\"BreadcrumbList\",\"@id\":\"https:\/\/www.semlex.com\/es\/productos\/visados\/#breadcrumb\",\"itemListElement\":[{\"@type\":\"ListItem\",\"position\":1,\"name\":\"Home\",\"item\":\"https:\/\/www.semlex.com\/es\/\"},{\"@type\":\"ListItem\",\"position\":2,\"name\":\"Productos\",\"item\":\"https:\/\/www.semlex.com\/es\/productos\/\"},{\"@type\":\"ListItem\",\"position\":3,\"name\":\"Visados\"}]},{\"@type\":\"WebSite\",\"@id\":\"https:\/\/www.semlex.com\/#website\",\"url\":\"https:\/\/www.semlex.com\/\",\"name\":\"Semlex\",\"description\":\"For a secure world\",\"publisher\":{\"@id\":\"https:\/\/www.semlex.com\/#organization\"},\"potentialAction\":[{\"@type\":\"SearchAction\",\"target\":{\"@type\":\"EntryPoint\",\"urlTemplate\":\"https:\/\/www.semlex.com\/?s={search_term_string}\"},\"query-input\":{\"@type\":\"PropertyValueSpecification\",\"valueRequired\":true,\"valueName\":\"search_term_string\"}}],\"inLanguage\":\"es\"},{\"@type\":\"Organization\",\"@id\":\"https:\/\/www.semlex.com\/#organization\",\"name\":\"Semlex\",\"url\":\"https:\/\/www.semlex.com\/\",\"logo\":{\"@type\":\"ImageObject\",\"inLanguage\":\"es\",\"@id\":\"https:\/\/www.semlex.com\/#\/schema\/logo\/image\/\",\"url\":\"https:\/\/www.semlex.com\/wp-content\/uploads\/2022\/12\/logo_semlex.svg\",\"contentUrl\":\"https:\/\/www.semlex.com\/wp-content\/uploads\/2022\/12\/logo_semlex.svg\",\"caption\":\"Semlex\"},\"image\":{\"@id\":\"https:\/\/www.semlex.com\/#\/schema\/logo\/image\/\"},\"sameAs\":[\"https:\/\/www.facebook.com\/semlexgroup\"]}]}<\/script>\n<!-- \/ Yoast SEO plugin. -->","yoast_head_json":{"title":"Visados - Semlex","description":"Semlex ofrece un visado respetando las recomendaciones del documento n\u00b09303 parte 2 de la OACI.","robots":{"index":"index","follow":"follow","max-snippet":"max-snippet:-1","max-image-preview":"max-image-preview:large","max-video-preview":"max-video-preview:-1"},"canonical":"https:\/\/www.semlex.com\/es\/productos\/visados\/","og_locale":"es_ES","og_type":"article","og_title":"Visados - Semlex","og_description":"Semlex ofrece un visado respetando las recomendaciones del documento n\u00b09303 parte 2 de la OACI.","og_url":"https:\/\/www.semlex.com\/es\/productos\/visados\/","og_site_name":"Semlex","article_publisher":"https:\/\/www.facebook.com\/semlexgroup","article_modified_time":"2023-01-31T09:03:53+00:00","og_image":[{"width":1110,"height":922,"url":"https:\/\/www.semlex.com\/wp-content\/uploads\/2022\/12\/VISA-NOR-1.jpg","type":"image\/jpeg"}],"twitter_card":"summary_large_image","schema":{"@context":"https:\/\/schema.org","@graph":[{"@type":"WebPage","@id":"https:\/\/www.semlex.com\/es\/productos\/visados\/","url":"https:\/\/www.semlex.com\/es\/productos\/visados\/","name":"Visados - Semlex","isPartOf":{"@id":"https:\/\/www.semlex.com\/#website"},"primaryImageOfPage":{"@id":"https:\/\/www.semlex.com\/es\/productos\/visados\/#primaryimage"},"image":{"@id":"https:\/\/www.semlex.com\/es\/productos\/visados\/#primaryimage"},"thumbnailUrl":"https:\/\/www.semlex.com\/wp-content\/uploads\/2022\/12\/VISA-NOR-1.jpg","datePublished":"2015-02-16T08:50:05+00:00","dateModified":"2023-01-31T09:03:53+00:00","description":"Semlex ofrece un visado respetando las recomendaciones del documento n\u00b09303 parte 2 de la OACI.","breadcrumb":{"@id":"https:\/\/www.semlex.com\/es\/productos\/visados\/#breadcrumb"},"inLanguage":"es","potentialAction":[{"@type":"ReadAction","target":["https:\/\/www.semlex.com\/es\/productos\/visados\/"]}]},{"@type":"ImageObject","inLanguage":"es","@id":"https:\/\/www.semlex.com\/es\/productos\/visados\/#primaryimage","url":"https:\/\/www.semlex.com\/wp-content\/uploads\/2022\/12\/VISA-NOR-1.jpg","contentUrl":"https:\/\/www.semlex.com\/wp-content\/uploads\/2022\/12\/VISA-NOR-1.jpg","width":1110,"height":922},{"@type":"BreadcrumbList","@id":"https:\/\/www.semlex.com\/es\/productos\/visados\/#breadcrumb","itemListElement":[{"@type":"ListItem","position":1,"name":"Home","item":"https:\/\/www.semlex.com\/es\/"},{"@type":"ListItem","position":2,"name":"Productos","item":"https:\/\/www.semlex.com\/es\/productos\/"},{"@type":"ListItem","position":3,"name":"Visados"}]},{"@type":"WebSite","@id":"https:\/\/www.semlex.com\/#website","url":"https:\/\/www.semlex.com\/","name":"Semlex","description":"For a secure world","publisher":{"@id":"https:\/\/www.semlex.com\/#organization"},"potentialAction":[{"@type":"SearchAction","target":{"@type":"EntryPoint","urlTemplate":"https:\/\/www.semlex.com\/?s={search_term_string}"},"query-input":{"@type":"PropertyValueSpecification","valueRequired":true,"valueName":"search_term_string"}}],"inLanguage":"es"},{"@type":"Organization","@id":"https:\/\/www.semlex.com\/#organization","name":"Semlex","url":"https:\/\/www.semlex.com\/","logo":{"@type":"ImageObject","inLanguage":"es","@id":"https:\/\/www.semlex.com\/#\/schema\/logo\/image\/","url":"https:\/\/www.semlex.com\/wp-content\/uploads\/2022\/12\/logo_semlex.svg","contentUrl":"https:\/\/www.semlex.com\/wp-content\/uploads\/2022\/12\/logo_semlex.svg","caption":"Semlex"},"image":{"@id":"https:\/\/www.semlex.com\/#\/schema\/logo\/image\/"},"sameAs":["https:\/\/www.facebook.com\/semlexgroup"]}]}},"_links":{"self":[{"href":"https:\/\/www.semlex.com\/es\/wp-json\/wp\/v2\/pages\/12644","targetHints":{"allow":["GET"]}}],"collection":[{"href":"https:\/\/www.semlex.com\/es\/wp-json\/wp\/v2\/pages"}],"about":[{"href":"https:\/\/www.semlex.com\/es\/wp-json\/wp\/v2\/types\/page"}],"author":[{"embeddable":true,"href":"https:\/\/www.semlex.com\/es\/wp-json\/wp\/v2\/users\/4"}],"replies":[{"embeddable":true,"href":"https:\/\/www.semlex.com\/es\/wp-json\/wp\/v2\/comments?post=12644"}],"version-history":[{"count":3,"href":"https:\/\/www.semlex.com\/es\/wp-json\/wp\/v2\/pages\/12644\/revisions"}],"predecessor-version":[{"id":12915,"href":"https:\/\/www.semlex.com\/es\/wp-json\/wp\/v2\/pages\/12644\/revisions\/12915"}],"up":[{"embeddable":true,"href":"https:\/\/www.semlex.com\/es\/wp-json\/wp\/v2\/pages\/12628"}],"wp:featuredmedia":[{"embeddable":true,"href":"https:\/\/www.semlex.com\/es\/wp-json\/wp\/v2\/media\/11764"}],"wp:attachment":[{"href":"https:\/\/www.semlex.com\/es\/wp-json\/wp\/v2\/media?parent=12644"}],"curies":[{"name":"wp","href":"https:\/\/api.w.org\/{rel}","templated":true}]}}