{"id":12638,"date":"2015-02-16T09:49:45","date_gmt":"2015-02-16T08:49:45","guid":{"rendered":"https:\/\/www.semlex.com\/produits\/passeports\/"},"modified":"2023-01-31T10:03:28","modified_gmt":"2023-01-31T09:03:28","slug":"pasaportes","status":"publish","type":"page","link":"https:\/\/www.semlex.com\/es\/productos\/pasaportes\/","title":{"rendered":"Pasaportes"},"content":{"rendered":"\n<section class=\"product_header\">\n\n\t<div class=\"product_infos apparition\">\n\t\t\t<img decoding=\"async\" class=\"product_overview\" src=\"https:\/\/www.semlex.com\/wp-content\/uploads\/2022\/12\/Passeport_2.webp\" alt=\"\" width=\"500\" >\n\t\t\t<h2><\/h2>\n\t\t\t<h4>NUESTROS PRODUCTOS<\/h4>\n\t\t\t<p>Los pasaportes producidos por Semlex cumplen estrictamente con las obligaciones y recomendaciones del documento n\u00b0 9303 de la OACI (Organizaci\u00f3n de Aviaci\u00f3n Civil Internacional).<\/p>\n\t\t\t\n\t\t\t<div class=\"tags\">\n\t\t\t\t\t\t\t\t\t\t\t\t\t<div class=\"tag\">PASAPORTES BIOM\u00c9TRICOS<\/div>\n\t\t\t\t\t\t\t\t\t\t\t\t\t\t<div class=\"tag\">PASAPORTES ELECTR\u00d3NICOS<\/div>\n\t\t\t\t\t\t\t\t\t\t<\/div>\n\t\t<\/div>\n<\/section>\n\n<section class=\"product_specifications apparition dark\">\n\n\t<h3 class=\"section_title\">Especificaciones generales<\/h3>\n\t<p>En los pasaportes electr\u00f3nicos, los datos biom\u00e9tricos se almacenan en un chip integrado sin contacto.<\/p>\n\t\n\t<div class=\"specification_grid _2cols\">\n\t\t\t\t\t\n\t\t\t\t\t<div>\n\t\t\t\t<h4>Especificaciones de la OACI<\/h4>\n\t\t\t\t<p>Un chip sin contacto contiene al menos los datos \u00f3pticos presentes en la zona de lectura autom\u00e1tica de la p\u00e1gina de datos biogr\u00e1ficos del pasaporte as\u00ed como la foto del rostro. Cualquier pasaporte electr\u00f3nico que cumpla con las especificaciones de la OACI incluye el logotipo internacional que simboliza el pasaporte electr\u00f3nico en la portada del folleto.<\/p>\n\t\t\t<\/div> \t\t\t<div>\n\t\t\t\t<h4>Seguridad de datos<\/h4>\n\t\t\t\t<p>Para garantizar la seguridad de los datos, se utiliza un control de acceso b\u00e1sico y un control de acceso ampliado (autenticaci\u00f3n de terminal) en la zona de lectura autom\u00e1tica de documentos (MRZ); el intercambio de datos est\u00e1 protegido mediante un protocolo criptogr\u00e1fico del tipo \u201cPublic Key Infrastructure\u201d (PKI).<\/p>\n\t\t\t<\/div> \t\t\t<div>\n\t\t\t\t<h4>Dimensiones<\/h4>\n\t\t\t\t<p>Dimensiones ISO 7810 en formato ID3: 88 mm (+\/-0,75 mm) x 125 mm (+\/-0,75 mm).<\/p>\n\t\t\t<\/div> \t\t\t<div>\n\t\t\t\t<h4>Adaptaci\u00f3n personalizada<\/h4>\n\t\t\t\t<p>Estas caracter\u00edsticas no son limitativas y se pueden adaptar seg\u00fan las necesidades del cliente.<\/p>\n\t\t\t<\/div> \t\n\t<\/div>\n\t\n<\/section>\n\n\t<section class=\"product_security\">\n\t\n\t\t<h3 class=\"section_title\">Nuestras seguridades<\/h3>\n\t\t<p>Para garantizar la seguridad fiduciaria de sus documentos y evitar su falsificaci\u00f3n, se le proponen caracter\u00edsticas t\u00e9cnicas:<\/p>\n\t\n\t\t<div class=\"securities_grid_container\">\n\t\t\t\t\t<div class=\"available_security_card\">\n\t\t\t\t<div class=\"details\">\n\t\t\t\t\t<h4 class=\"security_title\">Caracter\u00edsticas del papel<\/h4>\n\t\t\t\t\t<p>El papel tendr\u00e1 caracter\u00edsticas apropiadas de absorci\u00f3n y rugosidad, y puede contener fibras con propiedades fluorescentes bajo la luz ultravioleta. Estas fibras pueden ser visibles (fibras de colores) o invisibles con luz normal.<\/p>\n\t\t\t\t<\/div>\n\t\t\t\t<img decoding=\"async\" src=\"https:\/\/www.semlex.com\/wp-content\/uploads\/2022\/12\/Produits-Chimique.webp\" alt=\"\">\n\t\n\t\t\t<\/div>\n\t\t\t\t\t\t\t<div class=\"available_security_card\">\n\t\t\t\t<div class=\"details\">\n\t\t\t\t\t<h4 class=\"security_title\">Dorado<\/h4>\n\t\t\t\t\t<p>L\u00e1mina met\u00e1lica transferida a un soporte de estampaci\u00f3n en caliente. Suele representar el escudo del pa\u00eds.<\/p>\n\t\t\t\t<\/div>\n\t\t\t\t<img decoding=\"async\" src=\"https:\/\/www.semlex.com\/wp-content\/uploads\/2022\/12\/Passport-Dorure.webp\" alt=\"\">\n\t\n\t\t\t<\/div>\n\t\t\t\t\t\t\t<div class=\"available_security_card\">\n\t\t\t\t<div class=\"details\">\n\t\t\t\t\t<h4 class=\"security_title\">Tinta infrarroja<\/h4>\n\t\t\t\t\t<p>Tinta visible solo bajo luz infrarroja.<\/p>\n\t\t\t\t<\/div>\n\t\t\t\t<img decoding=\"async\" src=\"https:\/\/www.semlex.com\/wp-content\/uploads\/2022\/12\/Encre-Infrarouge_RDC.webp\" alt=\"\">\n\t\n\t\t\t<\/div>\n\t\t\t\t\t\t\t<div class=\"available_security_card\">\n\t\t\t\t<div class=\"details\">\n\t\t\t\t\t<h4 class=\"security_title\">Tinta iridiscente<\/h4>\n\t\t\t\t\t<p>Pel\u00edcula fina de peque\u00f1as escamas de mica. Estas tintas causan interferencia con la luz incidente. Esto da como resultado efectos de destello brillante y nacarado.<\/p>\n\t\t\t\t<\/div>\n\t\t\t\t<img decoding=\"async\" src=\"https:\/\/www.semlex.com\/wp-content\/uploads\/2022\/12\/Encre-iridescente_passeport.jpg\" alt=\"\">\n\t\n\t\t\t<\/div>\n\t\t\t\t\t\t\t<div class=\"available_security_card\">\n\t\t\t\t<div class=\"details\">\n\t\t\t\t\t<h4 class=\"security_title\">Tinta \u00f3pticamente variable (OVI)<\/h4>\n\t\t\t\t\t<p>Pigmentos \u00f3pticamente variables sujetos a importantes variaciones crom\u00e1ticas seg\u00fan el \u00e1ngulo de observaci\u00f3n o iluminaci\u00f3n.<\/p>\n\t\t\t\t<\/div>\n\t\t\t\t<img decoding=\"async\" src=\"https:\/\/www.semlex.com\/wp-content\/uploads\/2022\/12\/Passport-OVI.webp\" alt=\"\">\n\t\n\t\t\t<\/div>\n\t\t\t\t\t\t\t<div class=\"available_security_card\">\n\t\t\t\t<div class=\"details\">\n\t\t\t\t\t<h4 class=\"security_title\">Tinta fotocrom\u00e1tica<\/h4>\n\t\t\t\t\t<p>Motivo que aparece bajo la luz del sol, permaneciendo observable durante alg\u00fan tiempo despu\u00e9s de la exposici\u00f3n.<\/p>\n\t\t\t\t<\/div>\n\t\t\t\t<img decoding=\"async\" src=\"https:\/\/www.semlex.com\/wp-content\/uploads\/2022\/12\/Semlex-Produits-Passport-Photocrome.webp\" alt=\"\">\n\t\n\t\t\t<\/div>\n\t\t\t\t\t\t\t<div class=\"available_security_card\">\n\t\t\t\t<div class=\"details\">\n\t\t\t\t\t<h4 class=\"security_title\">Tinta UV fluorescente<\/h4>\n\t\t\t\t\t<p>Motivos impresos visibles solo bajo exposici\u00f3n UV.<\/p>\n\t\t\t\t<\/div>\n\t\t\t\t<img decoding=\"async\" src=\"https:\/\/www.semlex.com\/wp-content\/uploads\/2022\/12\/Passport-Fluo.webp\" alt=\"\">\n\t\n\t\t\t<\/div>\n\t\t\t\t\t\t\t<div class=\"available_security_card\">\n\t\t\t\t<div class=\"details\">\n\t\t\t\t\t<h4 class=\"security_title\">Hilo de coser fluorescente<\/h4>\n\t\t\t\t\t<p>Las p\u00e1ginas del pasaporte est\u00e1n juntadas por un hilo de coser en uno o m\u00e1s colores, que reacciona bajo la exposici\u00f3n a los rayos UV.<\/p>\n\t\t\t\t<\/div>\n\t\t\t\t<img decoding=\"async\" src=\"https:\/\/www.semlex.com\/wp-content\/uploads\/2022\/12\/Passport-couture.webp\" alt=\"\">\n\t\n\t\t\t<\/div>\n\t\t\t\t\t\t\t<div class=\"available_security_card\">\n\t\t\t\t<div class=\"details\">\n\t\t\t\t\t<h4 class=\"security_title\">Filigrana<\/h4>\n\t\t\t\t\t<p>Imagen, texto o motivo incorporado al papel durante la fabricaci\u00f3n por desplazamiento de las fibras del papel, que tiene el efecto de variar el grosor del papel.<\/p>\n\t\t\t\t<\/div>\n\t\t\t\t<img decoding=\"async\" src=\"https:\/\/www.semlex.com\/wp-content\/uploads\/2022\/12\/Passport-Filigrane.webp\" alt=\"\">\n\t\n\t\t\t<\/div>\n\t\t\t\t\t\t\t<div class=\"available_security_card\">\n\t\t\t\t<div class=\"details\">\n\t\t\t\t\t<h4 class=\"security_title\">Gofrado de la cubierta<\/h4>\n\t\t\t\t\t<p>Elementos de la pel\u00edcula de seguridad perceptibles al tacto.<\/p>\n\t\t\t\t<\/div>\n\t\t\t\t<img decoding=\"async\" src=\"https:\/\/www.semlex.com\/wp-content\/uploads\/2022\/12\/Passport-Gaufrage.webp\" alt=\"\">\n\t\n\t\t\t<\/div>\n\t\t\t\t\t\t\t<div class=\"available_security_card\">\n\t\t\t\t<div class=\"details\">\n\t\t\t\t\t<h4 class=\"security_title\">Guilloches<\/h4>\n\t\t\t\t\t<p>Trazos finos y complejos formados por l\u00edneas contin\u00faas entrelazadas formando motivos geom\u00e9tricos que dificultan cualquier intento de recreaci\u00f3n o reproducci\u00f3n.<\/p>\n\t\t\t\t<\/div>\n\t\t\t\t<img decoding=\"async\" src=\"https:\/\/www.semlex.com\/wp-content\/uploads\/2022\/12\/Passport-Guilloches.webp\" alt=\"\">\n\t\n\t\t\t<\/div>\n\t\t\t\t\t\t\t<div class=\"available_security_card\">\n\t\t\t\t<div class=\"details\">\n\t\t\t\t\t<h4 class=\"security_title\">Impresi\u00f3n iridiscente <br \/>\r\n\u00ab rainbow \u00bb <\/h4>\n\t\t\t\t\t<p>Cambio de color gradual para proteger los documentos segurizados contra la separaci\u00f3n o copia de colores.<\/p>\n\t\t\t\t<\/div>\n\t\t\t\t<img decoding=\"async\" src=\"https:\/\/www.semlex.com\/wp-content\/uploads\/2022\/12\/Passport-Irisee.webp\" alt=\"\">\n\t\n\t\t\t<\/div>\n\t\t\t\t\t\t\t<div class=\"available_security_card\">\n\t\t\t\t<div class=\"details\">\n\t\t\t\t\t<h4 class=\"security_title\">Laminado o parche hologr\u00e1fico<\/h4>\n\t\t\t\t\t<p>Pel\u00edcula hologr\u00e1fica adherida a la p\u00e1gina de datos personales para proteger los campos de entrada de datos contra la manipulaci\u00f3n. Las pel\u00edculas de seguridad se laminan a 165 \u00b0C en la p\u00e1gina para lograr una adhesi\u00f3n completa y pueden contener caracter\u00edsticas de seguridad espec\u00edficas que normalmente no est\u00e1n disponibles en el mercado.<\/p>\n\t\t\t\t<\/div>\n\t\t\t\t<img decoding=\"async\" src=\"https:\/\/www.semlex.com\/wp-content\/uploads\/2022\/12\/Passport-Surimpression.webp\" alt=\"\">\n\t\n\t\t\t<\/div>\n\t\t\t\t\t\t\t<div class=\"available_security_card\">\n\t\t\t\t<div class=\"details\">\n\t\t\t\t\t<h4 class=\"security_title\">Microimpresi\u00f3n<\/h4>\n\t\t\t\t\t<p>L\u00edneas o motivos formados por letras o n\u00fameros muy peque\u00f1os que los procesos de reproducci\u00f3n b\u00e1sicos generalmente no pueden reproducir.<\/p>\n\t\t\t\t<\/div>\n\t\t\t\t<img decoding=\"async\" src=\"https:\/\/www.semlex.com\/wp-content\/uploads\/2022\/12\/Passport-Microimpression.webp\" alt=\"\">\n\t\n\t\t\t<\/div>\n\t\t\t\t\t\t\t<div class=\"available_security_card\">\n\t\t\t\t<div class=\"details\">\n\t\t\t\t\t<h4 class=\"security_title\">Motivos antiescaneo\/<br \/>\r\nanticopia<\/h4>\n\t\t\t\t\t<p>Elementos de seguridad impresos que contienen informaci\u00f3n incrustada invisible a simple vista en condiciones normales de visualizaci\u00f3n, pero que se vuelven visibles o legibles, o que causan la aparici\u00f3n de defectos (anomal\u00edas) despu\u00e9s de la copia o reproducci\u00f3n por medio de un esc\u00e1ner.<\/p>\n\t\t\t\t<\/div>\n\t\t\t\t<img decoding=\"async\" src=\"https:\/\/www.semlex.com\/wp-content\/uploads\/2022\/12\/Passport-Antiscane.webp\" alt=\"\">\n\t\n\t\t\t<\/div>\n\t\t\t\t\t\t\t<div class=\"available_security_card\">\n\t\t\t\t<div class=\"details\">\n\t\t\t\t\t<h4 class=\"security_title\">Numeraci\u00f3n impresa\/perforada<\/h4>\n\t\t\t\t\t<p>N\u00famero secuencial \u00fanico impreso y perforado en el pasaporte que asegura la trazabilidad del documento en caso de p\u00e9rdida o robo.<\/p>\n\t\t\t\t<\/div>\n\t\t\t\t<img decoding=\"async\" src=\"https:\/\/www.semlex.com\/wp-content\/uploads\/2022\/12\/Passport-Numerotage.webp\" alt=\"\">\n\t\n\t\t\t<\/div>\n\t\t\t\t\t\t\t<div class=\"available_security_card\">\n\t\t\t\t<div class=\"details\">\n\t\t\t\t\t<h4 class=\"security_title\">Talla dulce e imagen latente<\/h4>\n\t\t\t\t\t<p>La talla dulce es un proceso de impresi\u00f3n en el que la imagen a imprimir se ahueca o se graba en la superficie de la placa de impresi\u00f3n, lo que la hace perceptible al tacto. Este proceso permite producir una imagen latente, visible cuando se inclina y se observa con luz oblicua.<\/p>\n\t\t\t\t<\/div>\n\t\t\t\t<img decoding=\"async\" src=\"https:\/\/www.semlex.com\/wp-content\/uploads\/2022\/12\/Passeport-taille-douce.webp\" alt=\"\">\n\t\n\t\t\t<\/div>\n\t\t\t\t\t\n\t\t<\/div>\n\t<\/section>\n\t\n\n\n\n","protected":false},"excerpt":{"rendered":"<p>Semlex ofrece pasaportes que cumplen con las recomendaciones del documento OACI n\u00b0 9303.<\/p>\n","protected":false},"author":4,"featured_media":11627,"parent":12628,"menu_order":2,"comment_status":"open","ping_status":"closed","template":"template-products.php","meta":{"_acf_changed":false,"footnotes":""},"class_list":["post-12638","page","type-page","status-publish","has-post-thumbnail","hentry"],"acf":[],"yoast_head":"<!-- This site is optimized with the Yoast SEO plugin v25.5 - https:\/\/yoast.com\/wordpress\/plugins\/seo\/ -->\n<title>Pasaportes - Semlex<\/title>\n<meta name=\"description\" content=\"Los pasaportes producidos por Semlex cumplen estrictamente con las obligaciones y recomendaciones del documento n\u00b0 9303 de la OACI (Organizaci\u00f3n de Aviaci\u00f3n Civil Internacional).\" \/>\n<meta name=\"robots\" content=\"index, follow, max-snippet:-1, max-image-preview:large, max-video-preview:-1\" \/>\n<link rel=\"canonical\" href=\"https:\/\/www.semlex.com\/es\/productos\/pasaportes\/\" \/>\n<meta property=\"og:locale\" content=\"es_ES\" \/>\n<meta property=\"og:type\" content=\"article\" \/>\n<meta property=\"og:title\" content=\"Pasaportes - Semlex\" \/>\n<meta property=\"og:description\" content=\"Los pasaportes producidos por Semlex cumplen estrictamente con las obligaciones y recomendaciones del documento n\u00b0 9303 de la OACI (Organizaci\u00f3n de Aviaci\u00f3n Civil Internacional).\" \/>\n<meta property=\"og:url\" content=\"https:\/\/www.semlex.com\/es\/productos\/pasaportes\/\" \/>\n<meta property=\"og:site_name\" content=\"Semlex\" \/>\n<meta property=\"article:publisher\" content=\"https:\/\/www.facebook.com\/semlexgroup\" \/>\n<meta property=\"article:modified_time\" content=\"2023-01-31T09:03:28+00:00\" \/>\n<meta property=\"og:image\" content=\"https:\/\/www.semlex.com\/wp-content\/uploads\/2022\/12\/Passeport_2.webp\" \/>\n\t<meta property=\"og:image:width\" content=\"500\" \/>\n\t<meta property=\"og:image:height\" content=\"430\" \/>\n\t<meta property=\"og:image:type\" content=\"image\/webp\" \/>\n<meta name=\"twitter:card\" content=\"summary_large_image\" \/>\n<script type=\"application\/ld+json\" class=\"yoast-schema-graph\">{\"@context\":\"https:\/\/schema.org\",\"@graph\":[{\"@type\":\"WebPage\",\"@id\":\"https:\/\/www.semlex.com\/es\/productos\/pasaportes\/\",\"url\":\"https:\/\/www.semlex.com\/es\/productos\/pasaportes\/\",\"name\":\"Pasaportes - Semlex\",\"isPartOf\":{\"@id\":\"https:\/\/www.semlex.com\/#website\"},\"primaryImageOfPage\":{\"@id\":\"https:\/\/www.semlex.com\/es\/productos\/pasaportes\/#primaryimage\"},\"image\":{\"@id\":\"https:\/\/www.semlex.com\/es\/productos\/pasaportes\/#primaryimage\"},\"thumbnailUrl\":\"https:\/\/www.semlex.com\/wp-content\/uploads\/2022\/12\/Passeport_2.webp\",\"datePublished\":\"2015-02-16T08:49:45+00:00\",\"dateModified\":\"2023-01-31T09:03:28+00:00\",\"description\":\"Los pasaportes producidos por Semlex cumplen estrictamente con las obligaciones y recomendaciones del documento n\u00b0 9303 de la OACI (Organizaci\u00f3n de Aviaci\u00f3n Civil Internacional).\",\"breadcrumb\":{\"@id\":\"https:\/\/www.semlex.com\/es\/productos\/pasaportes\/#breadcrumb\"},\"inLanguage\":\"es\",\"potentialAction\":[{\"@type\":\"ReadAction\",\"target\":[\"https:\/\/www.semlex.com\/es\/productos\/pasaportes\/\"]}]},{\"@type\":\"ImageObject\",\"inLanguage\":\"es\",\"@id\":\"https:\/\/www.semlex.com\/es\/productos\/pasaportes\/#primaryimage\",\"url\":\"https:\/\/www.semlex.com\/wp-content\/uploads\/2022\/12\/Passeport_2.webp\",\"contentUrl\":\"https:\/\/www.semlex.com\/wp-content\/uploads\/2022\/12\/Passeport_2.webp\",\"width\":500,\"height\":430},{\"@type\":\"BreadcrumbList\",\"@id\":\"https:\/\/www.semlex.com\/es\/productos\/pasaportes\/#breadcrumb\",\"itemListElement\":[{\"@type\":\"ListItem\",\"position\":1,\"name\":\"Home\",\"item\":\"https:\/\/www.semlex.com\/es\/\"},{\"@type\":\"ListItem\",\"position\":2,\"name\":\"Productos\",\"item\":\"https:\/\/www.semlex.com\/es\/productos\/\"},{\"@type\":\"ListItem\",\"position\":3,\"name\":\"Pasaportes\"}]},{\"@type\":\"WebSite\",\"@id\":\"https:\/\/www.semlex.com\/#website\",\"url\":\"https:\/\/www.semlex.com\/\",\"name\":\"Semlex\",\"description\":\"For a secure world\",\"publisher\":{\"@id\":\"https:\/\/www.semlex.com\/#organization\"},\"potentialAction\":[{\"@type\":\"SearchAction\",\"target\":{\"@type\":\"EntryPoint\",\"urlTemplate\":\"https:\/\/www.semlex.com\/?s={search_term_string}\"},\"query-input\":{\"@type\":\"PropertyValueSpecification\",\"valueRequired\":true,\"valueName\":\"search_term_string\"}}],\"inLanguage\":\"es\"},{\"@type\":\"Organization\",\"@id\":\"https:\/\/www.semlex.com\/#organization\",\"name\":\"Semlex\",\"url\":\"https:\/\/www.semlex.com\/\",\"logo\":{\"@type\":\"ImageObject\",\"inLanguage\":\"es\",\"@id\":\"https:\/\/www.semlex.com\/#\/schema\/logo\/image\/\",\"url\":\"https:\/\/www.semlex.com\/wp-content\/uploads\/2022\/12\/logo_semlex.svg\",\"contentUrl\":\"https:\/\/www.semlex.com\/wp-content\/uploads\/2022\/12\/logo_semlex.svg\",\"caption\":\"Semlex\"},\"image\":{\"@id\":\"https:\/\/www.semlex.com\/#\/schema\/logo\/image\/\"},\"sameAs\":[\"https:\/\/www.facebook.com\/semlexgroup\"]}]}<\/script>\n<!-- \/ Yoast SEO plugin. -->","yoast_head_json":{"title":"Pasaportes - Semlex","description":"Los pasaportes producidos por Semlex cumplen estrictamente con las obligaciones y recomendaciones del documento n\u00b0 9303 de la OACI (Organizaci\u00f3n de Aviaci\u00f3n Civil Internacional).","robots":{"index":"index","follow":"follow","max-snippet":"max-snippet:-1","max-image-preview":"max-image-preview:large","max-video-preview":"max-video-preview:-1"},"canonical":"https:\/\/www.semlex.com\/es\/productos\/pasaportes\/","og_locale":"es_ES","og_type":"article","og_title":"Pasaportes - Semlex","og_description":"Los pasaportes producidos por Semlex cumplen estrictamente con las obligaciones y recomendaciones del documento n\u00b0 9303 de la OACI (Organizaci\u00f3n de Aviaci\u00f3n Civil Internacional).","og_url":"https:\/\/www.semlex.com\/es\/productos\/pasaportes\/","og_site_name":"Semlex","article_publisher":"https:\/\/www.facebook.com\/semlexgroup","article_modified_time":"2023-01-31T09:03:28+00:00","og_image":[{"width":500,"height":430,"url":"https:\/\/www.semlex.com\/wp-content\/uploads\/2022\/12\/Passeport_2.webp","type":"image\/webp"}],"twitter_card":"summary_large_image","schema":{"@context":"https:\/\/schema.org","@graph":[{"@type":"WebPage","@id":"https:\/\/www.semlex.com\/es\/productos\/pasaportes\/","url":"https:\/\/www.semlex.com\/es\/productos\/pasaportes\/","name":"Pasaportes - Semlex","isPartOf":{"@id":"https:\/\/www.semlex.com\/#website"},"primaryImageOfPage":{"@id":"https:\/\/www.semlex.com\/es\/productos\/pasaportes\/#primaryimage"},"image":{"@id":"https:\/\/www.semlex.com\/es\/productos\/pasaportes\/#primaryimage"},"thumbnailUrl":"https:\/\/www.semlex.com\/wp-content\/uploads\/2022\/12\/Passeport_2.webp","datePublished":"2015-02-16T08:49:45+00:00","dateModified":"2023-01-31T09:03:28+00:00","description":"Los pasaportes producidos por Semlex cumplen estrictamente con las obligaciones y recomendaciones del documento n\u00b0 9303 de la OACI (Organizaci\u00f3n de Aviaci\u00f3n Civil Internacional).","breadcrumb":{"@id":"https:\/\/www.semlex.com\/es\/productos\/pasaportes\/#breadcrumb"},"inLanguage":"es","potentialAction":[{"@type":"ReadAction","target":["https:\/\/www.semlex.com\/es\/productos\/pasaportes\/"]}]},{"@type":"ImageObject","inLanguage":"es","@id":"https:\/\/www.semlex.com\/es\/productos\/pasaportes\/#primaryimage","url":"https:\/\/www.semlex.com\/wp-content\/uploads\/2022\/12\/Passeport_2.webp","contentUrl":"https:\/\/www.semlex.com\/wp-content\/uploads\/2022\/12\/Passeport_2.webp","width":500,"height":430},{"@type":"BreadcrumbList","@id":"https:\/\/www.semlex.com\/es\/productos\/pasaportes\/#breadcrumb","itemListElement":[{"@type":"ListItem","position":1,"name":"Home","item":"https:\/\/www.semlex.com\/es\/"},{"@type":"ListItem","position":2,"name":"Productos","item":"https:\/\/www.semlex.com\/es\/productos\/"},{"@type":"ListItem","position":3,"name":"Pasaportes"}]},{"@type":"WebSite","@id":"https:\/\/www.semlex.com\/#website","url":"https:\/\/www.semlex.com\/","name":"Semlex","description":"For a secure world","publisher":{"@id":"https:\/\/www.semlex.com\/#organization"},"potentialAction":[{"@type":"SearchAction","target":{"@type":"EntryPoint","urlTemplate":"https:\/\/www.semlex.com\/?s={search_term_string}"},"query-input":{"@type":"PropertyValueSpecification","valueRequired":true,"valueName":"search_term_string"}}],"inLanguage":"es"},{"@type":"Organization","@id":"https:\/\/www.semlex.com\/#organization","name":"Semlex","url":"https:\/\/www.semlex.com\/","logo":{"@type":"ImageObject","inLanguage":"es","@id":"https:\/\/www.semlex.com\/#\/schema\/logo\/image\/","url":"https:\/\/www.semlex.com\/wp-content\/uploads\/2022\/12\/logo_semlex.svg","contentUrl":"https:\/\/www.semlex.com\/wp-content\/uploads\/2022\/12\/logo_semlex.svg","caption":"Semlex"},"image":{"@id":"https:\/\/www.semlex.com\/#\/schema\/logo\/image\/"},"sameAs":["https:\/\/www.facebook.com\/semlexgroup"]}]}},"_links":{"self":[{"href":"https:\/\/www.semlex.com\/es\/wp-json\/wp\/v2\/pages\/12638","targetHints":{"allow":["GET"]}}],"collection":[{"href":"https:\/\/www.semlex.com\/es\/wp-json\/wp\/v2\/pages"}],"about":[{"href":"https:\/\/www.semlex.com\/es\/wp-json\/wp\/v2\/types\/page"}],"author":[{"embeddable":true,"href":"https:\/\/www.semlex.com\/es\/wp-json\/wp\/v2\/users\/4"}],"replies":[{"embeddable":true,"href":"https:\/\/www.semlex.com\/es\/wp-json\/wp\/v2\/comments?post=12638"}],"version-history":[{"count":5,"href":"https:\/\/www.semlex.com\/es\/wp-json\/wp\/v2\/pages\/12638\/revisions"}],"predecessor-version":[{"id":12913,"href":"https:\/\/www.semlex.com\/es\/wp-json\/wp\/v2\/pages\/12638\/revisions\/12913"}],"up":[{"embeddable":true,"href":"https:\/\/www.semlex.com\/es\/wp-json\/wp\/v2\/pages\/12628"}],"wp:featuredmedia":[{"embeddable":true,"href":"https:\/\/www.semlex.com\/es\/wp-json\/wp\/v2\/media\/11627"}],"wp:attachment":[{"href":"https:\/\/www.semlex.com\/es\/wp-json\/wp\/v2\/media?parent=12638"}],"curies":[{"name":"wp","href":"https:\/\/api.w.org\/{rel}","templated":true}]}}