{"id":12537,"date":"2022-12-15T08:36:59","date_gmt":"2022-12-15T07:36:59","guid":{"rendered":"https:\/\/www.semlex.com\/a-propos\/"},"modified":"2024-03-13T12:44:47","modified_gmt":"2024-03-13T11:44:47","slug":"a-proposito","status":"publish","type":"page","link":"https:\/\/www.semlex.com\/es\/a-proposito\/","title":{"rendered":"<strong>A prop\u00f3sito<\/strong>"},"content":{"rendered":"\n\n\n<div class=\"a-propos\">\n\n\t<section class=\"page_header\">\n\t\t\t<video class=\"video_bg\" autoplay muted loop playsinline  width=\"320\" height=\"240\" >\n\t\t\t<source src=\"https:\/\/www.semlex.com\/wp-content\/themes\/deligraph_semlex\/resources\/video\/08_apropos.mp4\" type=\"video\/mp4\">\n\t\t\tYour browser does not support the video tag.\n\t\t<\/video>\n\t\t<h2>\u00bfQui\u00e9nes somos?<\/h2>\n\t\t<h5>Semlex en el mundo <\/h5>\n\t\t<p><p>Fundada en 1992, <strong>Semlex es una empresa belga cuya misi\u00f3n es permitir que cada ciudadano tenga una identidad segura<\/strong>. <strong>Asesoramos <\/strong> y <strong>apoyamos <\/strong> a gobiernos en las \u00e1reas de <strong>identificaci\u00f3n biom\u00e9trica<\/strong> y <strong>seguridad digital<\/strong>. Nuestros valores reflejan la cultura que nuestros equipos encarnan d\u00eda a d\u00eda: integridad, confianza y respeto, calidad y excelencia, y respeto por el medio ambiente.<\/p>\n<\/p>\n\t<\/section>\n\n\n\n\t\n\t<section class='process_section'>\n\t\t\t<h3>Un proceso fiable y \u00fanico<\/h3>\n\t\t\t<p><p>Adem\u00e1s de sistemas de identificaci\u00f3n fiables y seguros, <strong>Semlex es aut\u00f3nomo en la producci\u00f3n de documentos de alto valor<\/strong> agregado mediante el uso de t\u00e9cnicas biom\u00e9tricas. Las autoridades gubernamentales obtienen as\u00ed documentos de la m\u00e1s alta calidad que cumplen con todos los est\u00e1ndares internacionales de calidad y seguridad. Estos documentos se imprimen en <strong><a href=\"https:\/\/www.gp.lt\/en\">Garsu Pasaulis<\/a><\/strong> en Lituania.<\/p>\n<\/p>\n\t\t\t<a class='cta' href=\"https:\/\/www.semlex.com\/es\/produits\/\">Ver nuestros productos<\/a>\n\t<\/section>\n\n\t<section class='partenariat'>\n\t\t\t<video class=\"video_bg\" autoplay muted loop playsinline  width=\"320\" height=\"240\" >\n\t\t\t\t<source src=\"https:\/\/www.semlex.com\/wp-content\/themes\/deligraph_semlex\/resources\/video\/08B_apropos_LDopt.mp4\" type=\"video\/mp4\">\n\t\t\t\tYour browser does not support the video tag.\n\t\t\t<\/video>\n\t\t<h3>Una asociaci\u00f3n ganadora<\/h3>\n\t\t<p><p>Gracias a nuestra <strong>experiencia en la ejecuci\u00f3n de todo tipo de proyectos<\/strong> (de peque\u00f1o o grande tama\u00f1o) y nuestra independencia financiera, tenemos la capacidad de ofrecer <strong>soluciones en BOT<\/strong> (Build, Operate, Transfer) (Construir, Operar, Transferir) o en <strong>PPP <\/strong>(Partenariat Public-Priv\u00e9) (Asociaci\u00f3n P\u00fablica-Privada) seg\u00fan el deseo del gobierno.<br \/>\nSemlex, por lo tanto, proporciona <strong>todas las inversiones necesarias para la implementaci\u00f3n del proyecto<\/strong>, asume todos los costos operativos y realiza el mantenimiento sin intervenci\u00f3n financiera del Estado. Esta f\u00f3rmula representa una alianza ganadora para los ciudadanos, el Estado y la sociedad.<\/p>\n<\/p>\n\t\t<div class=\"certification\">\n\t\t\t<h3>Habilidades reconocidos<\/h3>\n\t\t\t<h5>Certificados ISO<\/h5>\n\t\t\t<p>Gracias a su profesionalismo, su sentido del trabajo en equipo y su constante preocupaci\u00f3n por mejorar, Semlex ha obtenido la renovaci\u00f3n de las certificaciones:<\/p>\n\t\t\t<div class=\"certification_grid_container\">\n\t\t\t\t\t\t\t\t\t<div class=\"certification_item\">\t\t\n\t\t\t\t\t\t\t<img decoding=\"async\" class=\"img_stamp\" src=\"https:\/\/www.semlex.com\/wp-content\/uploads\/2023\/04\/A-1980-140-\u00d7-95-px-3.png\" alt=\"\" >\n\t\t\t\t\t\t\t<h5>ISO 9001 | 2015<\/h5>\n\t\t\t\t\t\t\t<p>Sistema de gesti\u00f3n de calidad<\/p>\n\t\t\t\t\t<\/div>\n\t\t\t\t\t\t\t\t\t<div class=\"certification_item\">\t\t\n\t\t\t\t\t\t\t<img decoding=\"async\" class=\"img_stamp\" src=\"https:\/\/www.semlex.com\/wp-content\/uploads\/2023\/04\/A-1980-140-\u00d7-95-px-4-1.png\" alt=\"\" >\n\t\t\t\t\t\t\t<h5>ISO 14001 | 2015<\/h5>\n\t\t\t\t\t\t\t<p>Sistema de gesti\u00f3n ambiental<\/p>\n\t\t\t\t\t<\/div>\n\t\t\t\t\t\t\t\t\t<div class=\"certification_item\">\t\t\n\t\t\t\t\t\t\t<img decoding=\"async\" class=\"img_stamp\" src=\"https:\/\/www.semlex.com\/wp-content\/uploads\/2023\/04\/A-1980-140-\u00d7-95-px.png\" alt=\"\" >\n\t\t\t\t\t\t\t<h5>ISO 27001 | 2013<\/h5>\n\t\t\t\t\t\t\t<p>Sistema de gesti\u00f3n de seguridad de la informaci\u00f3n<\/p>\n\t\t\t\t\t<\/div>\n\t\t\t\t\t\t\n\t\t\n\t\t\t\n\t\t\t<\/div>\n\t\t<\/div>\n\t<\/section>\n\n\t<section class=\"international_norms\">\n\t\t<h5>Est\u00e1ndares internacionales<\/h5>\n\t\t<p><p>Los sistemas de identificaci\u00f3n electr\u00f3nicos y biom\u00e9tricos de Semlex cumplen con los est\u00e1ndares internacionales establecidos por las siguientes organizaciones:<\/p>\n<\/p>\n\t\t<div class=\"norms_logos\">\n\t\t\t\t\t\t\t<img decoding=\"async\" src=\"https:\/\/www.semlex.com\/wp-content\/uploads\/2023\/02\/eic-1.png\" alt=\"\">\n\t\t\t\t\t\t\t<img decoding=\"async\" src=\"https:\/\/www.semlex.com\/wp-content\/uploads\/2023\/02\/icao-1.png\" alt=\"\">\n\t\t\t\t\t\t\t<img decoding=\"async\" src=\"https:\/\/www.semlex.com\/wp-content\/uploads\/2023\/02\/ansi-1.png\" alt=\"\">\n\t\t\t\t\t\t\t<img decoding=\"async\" src=\"https:\/\/www.semlex.com\/wp-content\/uploads\/2023\/02\/nist-1.png\" alt=\"\">\n\t\t\t\t\t\t\t<img decoding=\"async\" src=\"https:\/\/www.semlex.com\/wp-content\/uploads\/2023\/02\/eidas-1.png\" alt=\"\">\n\t\t\t\t\t<\/div>\n\n\t<\/section>\n\n\t<section class=\"semlex_education\">\n\t\t\t\t<h3>Un impacto social en la educaci\u00f3n<\/h3>\n\t\t\t\t<img loading=\"lazy\" decoding=\"async\" class=\"logo_education\" src=\"https:\/\/www.semlex.com\/wp-content\/uploads\/2022\/12\/semlex_education_logo.svg\" alt=\"\" width=\"250\"  height=\"250\">\n\t\t\t\t<p><p>Desde hace varios a\u00f1os, Semlex ha estado financiando varios proyectos en el sector de la educaci\u00f3n. Desde financiar clases de primaria en nuestros pa\u00edses socios, como las Comoras y Costa de Marfil, hasta apoyar proyectos educativos profesionales para personas sin hogar en B\u00e9lgica, Semlex siempre ha tenido un inter\u00e9s real en la educaci\u00f3n.<br \/>\nPor este medio, para aumentar su impacto, Semlex decidi\u00f3 lanzar Semlex For Education. A trav\u00e9s de esto, Semlex continuar\u00e1 financiando proyectos educativos prometedores y dar\u00e1 seguimiento operativo y log\u00edstico. El inter\u00e9s de tener una plataforma para nuestros proyectos existentes y futuros es crear sinergias entre todos nuestros socios.<\/p>\n<\/p>\n\t\t\t\t<a class=\"cta\" target=\"_blank\" href=\"https:\/\/semlexforeducation.com\/en\/\">Semlex For education<\/a>\n\t\t\t\t<iframe loading=\"lazy\" title=\"Semlex For Education\" width=\"640\" height=\"360\" src=\"https:\/\/www.youtube.com\/embed\/zYbAihj5juU?feature=oembed\" frameborder=\"0\" allow=\"accelerometer; autoplay; clipboard-write; encrypted-media; gyroscope; picture-in-picture; web-share\" referrerpolicy=\"strict-origin-when-cross-origin\" allowfullscreen><\/iframe>\t<\/section>\n\n<section class=\"more_about_semlex\">\n\t<h3>\u00bfM\u00e1s informaci\u00f3n?<\/h3>\n\t<p>Si tiene alguna pregunta acerca de nuestros productos y servicios, no dude en rellenar nuestro formulario de contacto.<\/p>\n\t<a class=\"cta\" href=\"https:\/\/www.semlex.com\/es\/contact\/\">Cont\u00e1ctenos<\/a>\n<\/section>\n<\/div>\n","protected":false},"excerpt":{"rendered":"","protected":false},"author":4,"featured_media":0,"parent":0,"menu_order":0,"comment_status":"open","ping_status":"open","template":"","meta":{"_acf_changed":false,"footnotes":""},"class_list":["post-12537","page","type-page","status-publish","hentry"],"acf":[],"yoast_head":"<!-- This site is optimized with the Yoast SEO plugin v25.5 - https:\/\/yoast.com\/wordpress\/plugins\/seo\/ -->\n<title>A prop\u00f3sito - Semlex<\/title>\n<meta name=\"description\" content=\"Fundada en 1992, Semlex es una empresa belga cuya misi\u00f3n es permitir que cada ciudadano tenga una identidad segura. Asesoramos y apoyamos a gobiernos en las \u00e1reas de identificaci\u00f3n biom\u00e9trica y seguridad digital.\" \/>\n<meta name=\"robots\" content=\"index, follow, max-snippet:-1, max-image-preview:large, max-video-preview:-1\" \/>\n<link rel=\"canonical\" href=\"https:\/\/www.semlex.com\/es\/a-proposito\/\" \/>\n<meta property=\"og:locale\" content=\"es_ES\" \/>\n<meta property=\"og:type\" content=\"article\" \/>\n<meta property=\"og:title\" content=\"A prop\u00f3sito - Semlex\" \/>\n<meta property=\"og:description\" content=\"Fundada en 1992, Semlex es una empresa belga cuya misi\u00f3n es permitir que cada ciudadano tenga una identidad segura. Asesoramos y apoyamos a gobiernos en las \u00e1reas de identificaci\u00f3n biom\u00e9trica y seguridad digital.\" \/>\n<meta property=\"og:url\" content=\"https:\/\/www.semlex.com\/es\/a-proposito\/\" \/>\n<meta property=\"og:site_name\" content=\"Semlex\" \/>\n<meta property=\"article:publisher\" content=\"https:\/\/www.facebook.com\/semlexgroup\" \/>\n<meta property=\"article:modified_time\" content=\"2024-03-13T11:44:47+00:00\" \/>\n<meta name=\"twitter:card\" content=\"summary_large_image\" \/>\n<script type=\"application\/ld+json\" class=\"yoast-schema-graph\">{\"@context\":\"https:\/\/schema.org\",\"@graph\":[{\"@type\":\"WebPage\",\"@id\":\"https:\/\/www.semlex.com\/es\/a-proposito\/\",\"url\":\"https:\/\/www.semlex.com\/es\/a-proposito\/\",\"name\":\"A prop\u00f3sito - Semlex\",\"isPartOf\":{\"@id\":\"https:\/\/www.semlex.com\/#website\"},\"datePublished\":\"2022-12-15T07:36:59+00:00\",\"dateModified\":\"2024-03-13T11:44:47+00:00\",\"description\":\"Fundada en 1992, Semlex es una empresa belga cuya misi\u00f3n es permitir que cada ciudadano tenga una identidad segura. Asesoramos y apoyamos a gobiernos en las \u00e1reas de identificaci\u00f3n biom\u00e9trica y seguridad digital.\",\"breadcrumb\":{\"@id\":\"https:\/\/www.semlex.com\/es\/a-proposito\/#breadcrumb\"},\"inLanguage\":\"es\",\"potentialAction\":[{\"@type\":\"ReadAction\",\"target\":[\"https:\/\/www.semlex.com\/es\/a-proposito\/\"]}]},{\"@type\":\"BreadcrumbList\",\"@id\":\"https:\/\/www.semlex.com\/es\/a-proposito\/#breadcrumb\",\"itemListElement\":[{\"@type\":\"ListItem\",\"position\":1,\"name\":\"Home\",\"item\":\"https:\/\/www.semlex.com\/es\/\"},{\"@type\":\"ListItem\",\"position\":2,\"name\":\"A prop\u00f3sito\"}]},{\"@type\":\"WebSite\",\"@id\":\"https:\/\/www.semlex.com\/#website\",\"url\":\"https:\/\/www.semlex.com\/\",\"name\":\"Semlex\",\"description\":\"For a secure world\",\"publisher\":{\"@id\":\"https:\/\/www.semlex.com\/#organization\"},\"potentialAction\":[{\"@type\":\"SearchAction\",\"target\":{\"@type\":\"EntryPoint\",\"urlTemplate\":\"https:\/\/www.semlex.com\/?s={search_term_string}\"},\"query-input\":{\"@type\":\"PropertyValueSpecification\",\"valueRequired\":true,\"valueName\":\"search_term_string\"}}],\"inLanguage\":\"es\"},{\"@type\":\"Organization\",\"@id\":\"https:\/\/www.semlex.com\/#organization\",\"name\":\"Semlex\",\"url\":\"https:\/\/www.semlex.com\/\",\"logo\":{\"@type\":\"ImageObject\",\"inLanguage\":\"es\",\"@id\":\"https:\/\/www.semlex.com\/#\/schema\/logo\/image\/\",\"url\":\"https:\/\/www.semlex.com\/wp-content\/uploads\/2022\/12\/logo_semlex.svg\",\"contentUrl\":\"https:\/\/www.semlex.com\/wp-content\/uploads\/2022\/12\/logo_semlex.svg\",\"caption\":\"Semlex\"},\"image\":{\"@id\":\"https:\/\/www.semlex.com\/#\/schema\/logo\/image\/\"},\"sameAs\":[\"https:\/\/www.facebook.com\/semlexgroup\"]}]}<\/script>\n<!-- \/ Yoast SEO plugin. -->","yoast_head_json":{"title":"A prop\u00f3sito - Semlex","description":"Fundada en 1992, Semlex es una empresa belga cuya misi\u00f3n es permitir que cada ciudadano tenga una identidad segura. Asesoramos y apoyamos a gobiernos en las \u00e1reas de identificaci\u00f3n biom\u00e9trica y seguridad digital.","robots":{"index":"index","follow":"follow","max-snippet":"max-snippet:-1","max-image-preview":"max-image-preview:large","max-video-preview":"max-video-preview:-1"},"canonical":"https:\/\/www.semlex.com\/es\/a-proposito\/","og_locale":"es_ES","og_type":"article","og_title":"A prop\u00f3sito - Semlex","og_description":"Fundada en 1992, Semlex es una empresa belga cuya misi\u00f3n es permitir que cada ciudadano tenga una identidad segura. Asesoramos y apoyamos a gobiernos en las \u00e1reas de identificaci\u00f3n biom\u00e9trica y seguridad digital.","og_url":"https:\/\/www.semlex.com\/es\/a-proposito\/","og_site_name":"Semlex","article_publisher":"https:\/\/www.facebook.com\/semlexgroup","article_modified_time":"2024-03-13T11:44:47+00:00","twitter_card":"summary_large_image","schema":{"@context":"https:\/\/schema.org","@graph":[{"@type":"WebPage","@id":"https:\/\/www.semlex.com\/es\/a-proposito\/","url":"https:\/\/www.semlex.com\/es\/a-proposito\/","name":"A prop\u00f3sito - Semlex","isPartOf":{"@id":"https:\/\/www.semlex.com\/#website"},"datePublished":"2022-12-15T07:36:59+00:00","dateModified":"2024-03-13T11:44:47+00:00","description":"Fundada en 1992, Semlex es una empresa belga cuya misi\u00f3n es permitir que cada ciudadano tenga una identidad segura. Asesoramos y apoyamos a gobiernos en las \u00e1reas de identificaci\u00f3n biom\u00e9trica y seguridad digital.","breadcrumb":{"@id":"https:\/\/www.semlex.com\/es\/a-proposito\/#breadcrumb"},"inLanguage":"es","potentialAction":[{"@type":"ReadAction","target":["https:\/\/www.semlex.com\/es\/a-proposito\/"]}]},{"@type":"BreadcrumbList","@id":"https:\/\/www.semlex.com\/es\/a-proposito\/#breadcrumb","itemListElement":[{"@type":"ListItem","position":1,"name":"Home","item":"https:\/\/www.semlex.com\/es\/"},{"@type":"ListItem","position":2,"name":"A prop\u00f3sito"}]},{"@type":"WebSite","@id":"https:\/\/www.semlex.com\/#website","url":"https:\/\/www.semlex.com\/","name":"Semlex","description":"For a secure world","publisher":{"@id":"https:\/\/www.semlex.com\/#organization"},"potentialAction":[{"@type":"SearchAction","target":{"@type":"EntryPoint","urlTemplate":"https:\/\/www.semlex.com\/?s={search_term_string}"},"query-input":{"@type":"PropertyValueSpecification","valueRequired":true,"valueName":"search_term_string"}}],"inLanguage":"es"},{"@type":"Organization","@id":"https:\/\/www.semlex.com\/#organization","name":"Semlex","url":"https:\/\/www.semlex.com\/","logo":{"@type":"ImageObject","inLanguage":"es","@id":"https:\/\/www.semlex.com\/#\/schema\/logo\/image\/","url":"https:\/\/www.semlex.com\/wp-content\/uploads\/2022\/12\/logo_semlex.svg","contentUrl":"https:\/\/www.semlex.com\/wp-content\/uploads\/2022\/12\/logo_semlex.svg","caption":"Semlex"},"image":{"@id":"https:\/\/www.semlex.com\/#\/schema\/logo\/image\/"},"sameAs":["https:\/\/www.facebook.com\/semlexgroup"]}]}},"_links":{"self":[{"href":"https:\/\/www.semlex.com\/es\/wp-json\/wp\/v2\/pages\/12537","targetHints":{"allow":["GET"]}}],"collection":[{"href":"https:\/\/www.semlex.com\/es\/wp-json\/wp\/v2\/pages"}],"about":[{"href":"https:\/\/www.semlex.com\/es\/wp-json\/wp\/v2\/types\/page"}],"author":[{"embeddable":true,"href":"https:\/\/www.semlex.com\/es\/wp-json\/wp\/v2\/users\/4"}],"replies":[{"embeddable":true,"href":"https:\/\/www.semlex.com\/es\/wp-json\/wp\/v2\/comments?post=12537"}],"version-history":[{"count":38,"href":"https:\/\/www.semlex.com\/es\/wp-json\/wp\/v2\/pages\/12537\/revisions"}],"predecessor-version":[{"id":14828,"href":"https:\/\/www.semlex.com\/es\/wp-json\/wp\/v2\/pages\/12537\/revisions\/14828"}],"wp:attachment":[{"href":"https:\/\/www.semlex.com\/es\/wp-json\/wp\/v2\/media?parent=12537"}],"curies":[{"name":"wp","href":"https:\/\/api.w.org\/{rel}","templated":true}]}}