{"id":12513,"date":"2022-07-18T07:55:35","date_gmt":"2022-07-18T05:55:35","guid":{"rendered":"https:\/\/www.semlex.com\/home\/"},"modified":"2025-09-01T14:14:46","modified_gmt":"2025-09-01T12:14:46","slug":"home","status":"publish","type":"page","link":"https:\/\/www.semlex.com\/es\/","title":{"rendered":"Home"},"content":{"rendered":"\n<section class=\"video_hero header_top\">\n\t\t\t<video class=\"test\" autoplay muted loop playsinline ?>\u00ab>\n\t\t\t\t\t<source src=\"https:\/\/www.semlex.com\/wp-content\/themes\/deligraph_semlex\/resources\/video\/Semlex_Homecover_hero.mp4\" type=\"video\/mp4\">\n\t\t\t\tYour browser does not support the video tag.\n\t\t\t<\/video>\n\t\t\t<div class=\"hero_content\">\n\n\t\t\t\t<h1 class=\"text-center text-white\">PARA UN MUNDO SEGURO<\/h1>\n\t\t\t\t<p class=\"text-center text-white\" >Asesoramos y apoyamos a gobiernos en las \u00e1reas de identificaci\u00f3n biom\u00e9trica y seguridad digital.<\/p>\n\t\t\t\t<a class=\"text-center mx-auto w-fit text-white\"  href=\"https:\/\/www.semlex.com\/es\/a-propos\/\">Descubra Semlex<\/a>\n\t\t\t<\/div>\n<\/section>\n\n\n\n<section class=\"path_selector\">\n\t<h2>Semlex ofrece soluciones seguras para la identificaci\u00f3n de poblaciones gracias a la biometr\u00eda<\/h2>\n\t<p>La misi\u00f3n de Semlex es permitir que cada ciudadano tenga una identidad segura.<\/p>\n\t<div class=\"ctas\">\n\t\t<a class=\"cta_blue\" href=\"https:\/\/www.semlex.com\/es\/solutions\/parcours\/#citizen_path\">\n\t\t\tSoy un ciudadano\t\t<\/a>\n\t\t<a class=\"cta_blue\" href=\"https:\/\/www.semlex.com\/es\/solutions\/parcours\/#government_path\">\n\t\t\tSoy un gobierno\t\t<\/a>\n\t<\/div>\n<\/section>\n\n\n<section class=\"services_hero\">\n\t\t\t<video class=\"test\" autoplay muted loop playsinline ?>\u00ab>\n\t\t\t\t\t<source src=\"https:\/\/www.semlex.com\/wp-content\/themes\/deligraph_semlex\/resources\/video\/Semlex_services_hero.mp4\" type=\"video\/mp4\">\n\t\t\t\tYour browser does not support the video tag.\n\t\t\t<\/video>\n\t\t\t<div class=\"hero_content\">\n\t\t\t\t<!-- <h4>Semlex Worlwide<\/h4> -->\n\t\t\t\t<h2 class=\"text-center text-white\">Nuestros productos<\/h2>\n\t\t\t\t<p class=\"text-center text-white\" >Tenemos la capacidad de ofrecer soluciones BOT (Build, Operate, Transfer) o APP (Asociaciones P\u00fablico-Privadas).<\/p>\n\t\t\t\t<div class=\"services\">\n\t\t\t\n\t\t\t\t\t\t\t\t\t\t\t\t<div class=\"service\">\n\t\t\t\t\t\t\t\t<img decoding=\"async\" class=\"service-icon\" src=\"https:\/\/www.semlex.com\/wp-content\/uploads\/2023\/02\/icon_carte_2-2.png\" alt=\"\">\n\t\t\t\t\t\t\t\t<h3>TARJETAS<\/h3>\n\t\t\t\t\t\t\t\t\t\n\t\t\t\t\t\t\t<\/div>\n\t\t\t\t\t\t\t\t\t\t\t\t\t\t<div class=\"service\">\n\t\t\t\t\t\t\t\t<img decoding=\"async\" class=\"service-icon\" src=\"https:\/\/www.semlex.com\/wp-content\/uploads\/2022\/12\/icon_passeport.png\" alt=\"\">\n\t\t\t\t\t\t\t\t<h3>PASAPORTES Y VISADOS<\/h3>\n\t\t\t\t\t\t\t\t\t\n\t\t\t\t\t\t\t<\/div>\n\t\t\t\t\t\t\t\t\t\t\t\t\t\t<div class=\"service\">\n\t\t\t\t\t\t\t\t<img decoding=\"async\" class=\"service-icon\" src=\"https:\/\/www.semlex.com\/wp-content\/uploads\/2022\/12\/icon_certificat.png\" alt=\"\">\n\t\t\t\t\t\t\t\t<h3>ACTAS CIVILES Y CERTIFICADOS<\/h3>\n\t\t\t\t\t\t\t\t\t\n\t\t\t\t\t\t\t<\/div>\n\t\t\t\t\t\t\t\t\t\t\t\t\t\t<div class=\"service\">\n\t\t\t\t\t\t\t\t<img decoding=\"async\" class=\"service-icon\" src=\"https:\/\/www.semlex.com\/wp-content\/uploads\/2022\/12\/icon_etatCivil.png\" alt=\"\">\n\t\t\t\t\t\t\t\t<h3>SISTEMA DE REGISTRO CIVIL<\/h3>\n\t\t\t\t\t\t\t\t\t\n\t\t\t\t\t\t\t<\/div>\n\t\t\t\t\t\t\t\t\t\t\t\t\t\t<div class=\"service\">\n\t\t\t\t\t\t\t\t<img decoding=\"async\" class=\"service-icon\" src=\"https:\/\/www.semlex.com\/wp-content\/uploads\/2022\/12\/icon_identification.png\" alt=\"\">\n\t\t\t\t\t\t\t\t<h3>identificaci\u00f3n biom\u00e9trica<\/h3>\n\t\t\t\t\t\t\t\t\t\n\t\t\t\t\t\t\t<\/div>\n\t\t\t\t\t\t\t\t\t\t\t\t\t\t<div class=\"service\">\n\t\t\t\t\t\t\t\t<img decoding=\"async\" class=\"service-icon\" src=\"https:\/\/www.semlex.com\/wp-content\/uploads\/2022\/12\/icon_stackTrace.png\" alt=\"\">\n\t\t\t\t\t\t\t\t<h3>SISTEMA DE SEGUIMIENTO Y RASTREO<\/h3>\n\t\t\t\t\t\t\t\t\t\n\t\t\t\t\t\t\t<\/div>\n\t\t\t\t\t\t\t\t\t\t\t\t\t\t\n\t\t\t\t<\/div>\n\t\t\t\t<a class=\"mt-16 cta_white text-center mx-auto w-fit text-white\"  href=\"https:\/\/www.semlex.com\/es\/produits\/\">\n\t\t\t\t\t\t\t\t\t\t\t\tTodos nuestros productos y servicios\n\t\t\t\t\t\t\t\t\t\t\t<\/a>\n\t\t\t<\/div>\n<\/section>\n\n\n\n\t\n\n<section class=\"video_gallery\">\n\n\t\t<div class=\"video_cards\">\n\t\t\t\t<div class=\"swiper video_swiper\">\n\t\t\t\t\t\t<!-- Additional required wrapper -->\n\t\t\t\t\t\t<div class=\"swiper-wrapper\">\n\t\t\t\t\t\t\n\t\t\t\t\t\t\t\t\t\t\t\t\t\t\t\t\t\t\t<div class=\"swiper-slide video_card\">\n\t\t\t\t\t\t\t\t\t\t\t\t<iframe class=\"youtube_iframe_video\" width=\"560\"  src=\"https:\/\/www.youtube.com\/embed\/Yg3gD9BTQ3g\" title=\"YouTube video player\" frameborder=\"0\" allow=\"accelerometer; autoplay; clipboard-write; encrypted-media; gyroscope; picture-in-picture\" allowfullscreen><\/iframe>\n\n\t\t\t\t\t\t\t\t\t\t\t\t<h4 class=\"video_title\">\u00bfQui\u00e9nes somos?<\/h4>\n\t\t\t\t\t\t\t\t\t\t\t\t<p class=\"video_description\">Precursora en soluciones de identificaci\u00f3n, Semlex ofrece soluciones completas capaces de proteger todos los aspectos del proceso de identificaci\u00f3n de la poblaci\u00f3n.<\/p>\n\t\t\t\t\t\t\t\t\t\t\n\t\t\t\t\t\t\t\t\t\t\t<\/div>\n\t\t\t\t\t\t\t\t\t\t\t\t\t\t\t\t\t\t\t\t<div class=\"swiper-slide video_card\">\n\t\t\t\t\t\t\t\t\t\t\t\t<iframe class=\"youtube_iframe_video\" width=\"560\"  src=\"https:\/\/www.youtube.com\/embed\/UMalMQ_B73A\" title=\"YouTube video player\" frameborder=\"0\" allow=\"accelerometer; autoplay; clipboard-write; encrypted-media; gyroscope; picture-in-picture\" allowfullscreen><\/iframe>\n\n\t\t\t\t\t\t\t\t\t\t\t\t<h4 class=\"video_title\">Semlex en Costa de Marfil<\/h4>\n\t\t\t\t\t\t\t\t\t\t\t\t<p class=\"video_description\">Desde 2019, Semlex es el socio oficial de la Costa de Marfil para la implementaci\u00f3n del RNPF: el Registro Nacional de Personas F\u00edsicas.<\/p>\n\t\t\t\t\t\t\t\t\t\t\n\t\t\t\t\t\t\t\t\t\t\t<\/div>\n\t\t\t\t\t\t\t\t\t\t\t\t\t\t\t\t\t\t\t\t<div class=\"swiper-slide video_card\">\n\t\t\t\t\t\t\t\t\t\t\t\t<iframe class=\"youtube_iframe_video\" width=\"560\"  src=\"https:\/\/www.youtube.com\/embed\/mJFE7bGLp88\" title=\"YouTube video player\" frameborder=\"0\" allow=\"accelerometer; autoplay; clipboard-write; encrypted-media; gyroscope; picture-in-picture\" allowfullscreen><\/iframe>\n\n\t\t\t\t\t\t\t\t\t\t\t\t<h4 class=\"video_title\">Semlex For Education<\/h4>\n\t\t\t\t\t\t\t\t\t\t\t\t<p class=\"video_description\">Semlex For Education es una fundaci\u00f3n de Semlex que tiene como objetivo reducir las desigualdades socioecon\u00f3micas apoyando la educaci\u00f3n escolar y profesional.<\/p>\n\t\t\t\t\t\t\t\t\t\t\n\t\t\t\t\t\t\t\t\t\t\t<\/div>\n\t\t\t\t\t\t\t\t\t\t\t\t\t\t\t\n\n\t\t\t\t\t\t<\/div>\n\t\t\t\t\t\t<!-- If we need pagination -->\n\t\t\t\t\t\t<div class=\"swiper-pagination\"><\/div>\n\n\t\t\t\t\t\t<!-- If we need navigation buttons -->\n\t\t\t\t\t\t<!-- <div class=\"swiper-button-prev\">Next<\/div>\n\t\t\t\t\t\t<div class=\"swiper-button-next\"><\/div> -->\n\n\t\t\t\t<\/div>\n\n\t\t\t\t\n\t\t<\/div>\n\t\t<div class=\"section_details\">\n\t\t\t\t<h5 class=\"subtitle\"><\/h5>\n\t\t\t\t<h2 class=\"title\">Semlex en im\u00e1genes<\/h2>\n\t\t\t\t<p class=\"text\">Descubra Semlex a trav\u00e9s de videos realizados sobre el terreno.<\/p>\n\t\t\t\t<!-- <a class=\"cta_blue\" href=\"https:\/\/www.semlex.com\/secrets\/\"> -->\n\t\t\t\t<a class=\"cta_blue\" href=\"https:\/\/www.youtube.com\/channel\/UC62AdZwHFLTHNuR8-CQBNXw\/videos?view=0&#038;sort=dd\">\n\t\t\t\t\t\t\t\t\t\t\t\tSemlex en YouTube\n\t\t\t\t\t\t\t\t\t\n\t\t\t\t<\/a>\n\t\t<\/div> \n\n<\/section>\n\n\n\n\n\n<section class=\"latest_articles\">\n\t<div class=\"section_container\">\n\t\t\t<div class=\"section_details\">\n\t\t\t\t<h5 class=\"subtitle\">SEMLEX EN EL MUNDO<\/h5>\n\t\t\t\t<h2 class=\"title\">Nuestras \u00faltimas noticias<\/h2>\n\t\t\t\t<p class=\"text\">Mant\u00e9ngase conectado leyendo nuestras \u00faltimas noticias.<\/p>\n\t\t\t\t<!-- <a class=\"cta_blue\" href=\"https:\/\/www.semlex.com\/secrets\/\"> -->\n\t\t\t\t<a class=\"cta_blue\" href=\"https:\/\/www.semlex.com\/es\/actualites\/\">\n\t\t\t\t\t\t\t\t\t\t\t\tTodos los art\u00edculos\n\t\t\t\t\t\t\t\t\t\t\t<\/a>\n\t\t\t<\/div>\n\t\t\t<div class=\"latest_articles_posts\">\n\n\n\t\t\t<div class=\"swiper latest_swiper\">\n\n\t\t\t\t\t<div class=\"swiper-wrapper\">\n\t\t\t\t\t\t\t<!-- Slides -->\n\t\t\t\t\t\t\t\t\t\t\t\t\t\t\t\t\t\t\t<div class=\"swiper-slide post-card\">\n\t\t\t\t\t\t\t\t\t\t\t\t\t\t\t<img loading=\"lazy\" decoding=\"async\" width=\"1024\" height=\"683\" src=\"https:\/\/www.semlex.com\/wp-content\/uploads\/2026\/04\/semlex-cote-divoire-dons-4-1024x683.jpg\" class=\"article_thumbnail wp-post-image\" alt=\"\" srcset=\"https:\/\/www.semlex.com\/wp-content\/uploads\/2026\/04\/semlex-cote-divoire-dons-4-1024x683.jpg 1024w, https:\/\/www.semlex.com\/wp-content\/uploads\/2026\/04\/semlex-cote-divoire-dons-4-300x200.jpg 300w, https:\/\/www.semlex.com\/wp-content\/uploads\/2026\/04\/semlex-cote-divoire-dons-4-768x512.jpg 768w, https:\/\/www.semlex.com\/wp-content\/uploads\/2026\/04\/semlex-cote-divoire-dons-4-1536x1024.jpg 1536w, https:\/\/www.semlex.com\/wp-content\/uploads\/2026\/04\/semlex-cote-divoire-dons-4-2048x1365.jpg 2048w\" sizes=\"auto, (max-width: 1024px) 100vw, 1024px\" \/>\t\t\t\t\t\t\t\t\t\t\t\t\t\t\t\t\n\t\t\t\t\t\t\t\t\t\t\t\t\t\t\t\t<div class=\"article_details\">\n\t\t\t\t\t\t\t\t\t\t\t\t\t\t\t\t\t<h3 class=\"article_title\"><a href=\"https:\/\/www.semlex.com\/es\/2026\/04\/15\/soutien-a-leducation-en-cote-divoire\/\">Apoyo a la educaci\u00f3n en Costa de Marfil<\/a><\/h3>\n\t\t\t\t\t\t\t\t\t\t\t\t\t\t\t\t\t<p class=\"article_excerpt\">El viernes 27 de marzo de 2026, Semlex Costa de Marfil, a trav\u00e9s de su fundaci\u00f3n Semlex For Education, realiz\u00f3 una entrega de material in&#8230;<\/p>\n\t\t\t\t\t\t\t\t\t\t\t\t\t\t\t\t\t<a class=\"article_read_more\"  href=\"https:\/\/www.semlex.com\/es\/2026\/04\/15\/soutien-a-leducation-en-cote-divoire\/\">\n\t\t\t\t\t\t\t\t\t\t\t\t\t\t\t\t\t\t\t\t\t\t\t\t\t\t\t\t\t\t\t\t\t\t<\/a>\n\t\t\t\t\t\t\t\t\t\t\t\t\t\t\t\t<\/div>\n\t\t\t\t\t\t\t\t\t\t\t\t<\/div> \n\t\t\t\t\t\t\t\t\t\t\t\t\t\t\t\t\t\t\t\t\t\t\t<div class=\"swiper-slide post-card\">\n\t\t\t\t\t\t\t\t\t\t\t\t\t\t\t<img loading=\"lazy\" decoding=\"async\" width=\"1024\" height=\"768\" src=\"https:\/\/www.semlex.com\/wp-content\/uploads\/2026\/03\/semlex-guinee-bissau-enrolement-identite-biometrique-1024x768.jpeg\" class=\"article_thumbnail wp-post-image\" alt=\"\" srcset=\"https:\/\/www.semlex.com\/wp-content\/uploads\/2026\/03\/semlex-guinee-bissau-enrolement-identite-biometrique-1024x768.jpeg 1024w, https:\/\/www.semlex.com\/wp-content\/uploads\/2026\/03\/semlex-guinee-bissau-enrolement-identite-biometrique-300x225.jpeg 300w, https:\/\/www.semlex.com\/wp-content\/uploads\/2026\/03\/semlex-guinee-bissau-enrolement-identite-biometrique-768x576.jpeg 768w, https:\/\/www.semlex.com\/wp-content\/uploads\/2026\/03\/semlex-guinee-bissau-enrolement-identite-biometrique.jpeg 1080w\" sizes=\"auto, (max-width: 1024px) 100vw, 1024px\" \/>\t\t\t\t\t\t\t\t\t\t\t\t\t\t\t\t\n\t\t\t\t\t\t\t\t\t\t\t\t\t\t\t\t<div class=\"article_details\">\n\t\t\t\t\t\t\t\t\t\t\t\t\t\t\t\t\t<h3 class=\"article_title\"><a href=\"https:\/\/www.semlex.com\/es\/2026\/03\/09\/inauguration-du-centre-denrolement-de-sao-domingos\/\">Inauguraci\u00f3n del centro de enrolamiento de S\u00e3o Domingos<\/a><\/h3>\n\t\t\t\t\t\t\t\t\t\t\t\t\t\t\t\t\t<p class=\"article_excerpt\">Nuestra filial Semlex Guinea-Bissau llev\u00f3 a cabo, el jueves 26 de febrero de 2026, la inauguraci\u00f3n oficial del nuevo centro de enrolamient&#8230;<\/p>\n\t\t\t\t\t\t\t\t\t\t\t\t\t\t\t\t\t<a class=\"article_read_more\"  href=\"https:\/\/www.semlex.com\/es\/2026\/03\/09\/inauguration-du-centre-denrolement-de-sao-domingos\/\">\n\t\t\t\t\t\t\t\t\t\t\t\t\t\t\t\t\t\t\t\t\t\t\t\t\t\t\t\t\t\t\t\t\t\t<\/a>\n\t\t\t\t\t\t\t\t\t\t\t\t\t\t\t\t<\/div>\n\t\t\t\t\t\t\t\t\t\t\t\t<\/div> \n\t\t\t\t\t\t\t\t\t\t\t\t\t\t\t\t\t\t\t\t\t\t\t<div class=\"swiper-slide post-card\">\n\t\t\t\t\t\t\t\t\t\t\t\t\t\t\t<img loading=\"lazy\" decoding=\"async\" width=\"1024\" height=\"576\" src=\"https:\/\/www.semlex.com\/wp-content\/uploads\/2026\/03\/semlex-id4africa-cote-divoire-abidjan-identite1-1024x576.png\" class=\"article_thumbnail wp-post-image\" alt=\"\" srcset=\"https:\/\/www.semlex.com\/wp-content\/uploads\/2026\/03\/semlex-id4africa-cote-divoire-abidjan-identite1-1024x576.png 1024w, https:\/\/www.semlex.com\/wp-content\/uploads\/2026\/03\/semlex-id4africa-cote-divoire-abidjan-identite1-300x169.png 300w, https:\/\/www.semlex.com\/wp-content\/uploads\/2026\/03\/semlex-id4africa-cote-divoire-abidjan-identite1-768x432.png 768w, https:\/\/www.semlex.com\/wp-content\/uploads\/2026\/03\/semlex-id4africa-cote-divoire-abidjan-identite1-1536x864.png 1536w, https:\/\/www.semlex.com\/wp-content\/uploads\/2026\/03\/semlex-id4africa-cote-divoire-abidjan-identite1-2048x1151.png 2048w\" sizes=\"auto, (max-width: 1024px) 100vw, 1024px\" \/>\t\t\t\t\t\t\t\t\t\t\t\t\t\t\t\t\n\t\t\t\t\t\t\t\t\t\t\t\t\t\t\t\t<div class=\"article_details\">\n\t\t\t\t\t\t\t\t\t\t\t\t\t\t\t\t\t<h3 class=\"article_title\"><a href=\"https:\/\/www.semlex.com\/es\/2026\/03\/02\/id4africa-2026\/\">ID4Africa 2026<\/a><\/h3>\n\t\t\t\t\t\t\t\t\t\t\t\t\t\t\t\t\t<p class=\"article_excerpt\">Semlex anuncia su participaci\u00f3n en la edici\u00f3n 2026 de ID4Africa, el evento de referencia dedicado a los desaf\u00edos estrat\u00e9gicos de la iden&#8230;<\/p>\n\t\t\t\t\t\t\t\t\t\t\t\t\t\t\t\t\t<a class=\"article_read_more\"  href=\"https:\/\/www.semlex.com\/es\/2026\/03\/02\/id4africa-2026\/\">\n\t\t\t\t\t\t\t\t\t\t\t\t\t\t\t\t\t\t\t\t\t\t\t\t\t\t\t\t\t\t\t\t\t\t<\/a>\n\t\t\t\t\t\t\t\t\t\t\t\t\t\t\t\t<\/div>\n\t\t\t\t\t\t\t\t\t\t\t\t<\/div> \n\t\t\t\t\t\t\t\t\t\t\t\t\t\t\t\t\t\t\t\t\t\t\t<div class=\"swiper-slide post-card\">\n\t\t\t\t\t\t\t\t\t\t\t\t\t\t\t<img loading=\"lazy\" decoding=\"async\" width=\"1024\" height=\"768\" src=\"https:\/\/www.semlex.com\/wp-content\/uploads\/2026\/02\/semlex-guinee-bissau-biometrie-centres-enrolement-identite-1024x768.jpeg\" class=\"article_thumbnail wp-post-image\" alt=\"\" srcset=\"https:\/\/www.semlex.com\/wp-content\/uploads\/2026\/02\/semlex-guinee-bissau-biometrie-centres-enrolement-identite-1024x768.jpeg 1024w, https:\/\/www.semlex.com\/wp-content\/uploads\/2026\/02\/semlex-guinee-bissau-biometrie-centres-enrolement-identite-300x225.jpeg 300w, https:\/\/www.semlex.com\/wp-content\/uploads\/2026\/02\/semlex-guinee-bissau-biometrie-centres-enrolement-identite-768x576.jpeg 768w, https:\/\/www.semlex.com\/wp-content\/uploads\/2026\/02\/semlex-guinee-bissau-biometrie-centres-enrolement-identite.jpeg 1080w\" sizes=\"auto, (max-width: 1024px) 100vw, 1024px\" \/>\t\t\t\t\t\t\t\t\t\t\t\t\t\t\t\t\n\t\t\t\t\t\t\t\t\t\t\t\t\t\t\t\t<div class=\"article_details\">\n\t\t\t\t\t\t\t\t\t\t\t\t\t\t\t\t\t<h3 class=\"article_title\"><a href=\"https:\/\/www.semlex.com\/es\/2026\/02\/11\/semlex-guinee-bissau-renforce-lacces-a-lidentification-biometrique\/\">Semlex Guinea-Bis\u00e1u refuerza el acceso a la identificaci\u00f3n biom\u00e9trica<\/a><\/h3>\n\t\t\t\t\t\t\t\t\t\t\t\t\t\t\t\t\t<p class=\"article_excerpt\">La ciudad de Safim, en la regi\u00f3n de Biombo, cuenta ahora con un nuevo centro de producci\u00f3n de tarjetas nacionales de identidad biom\u00e9trica&#8230;<\/p>\n\t\t\t\t\t\t\t\t\t\t\t\t\t\t\t\t\t<a class=\"article_read_more\"  href=\"https:\/\/www.semlex.com\/es\/2026\/02\/11\/semlex-guinee-bissau-renforce-lacces-a-lidentification-biometrique\/\">\n\t\t\t\t\t\t\t\t\t\t\t\t\t\t\t\t\t\t\t\t\t\t\t\t\t\t\t\t\t\t\t\t\t\t<\/a>\n\t\t\t\t\t\t\t\t\t\t\t\t\t\t\t\t<\/div>\n\t\t\t\t\t\t\t\t\t\t\t\t<\/div> \n\t\t\t\t\t\t\t\t\t\t\t\t\t\t\t\t\t\t\t\t\t\t\t<div class=\"swiper-slide post-card\">\n\t\t\t\t\t\t\t\t\t\t\t\t\t\t\t<img loading=\"lazy\" decoding=\"async\" width=\"1024\" height=\"683\" src=\"https:\/\/www.semlex.com\/wp-content\/uploads\/2025\/10\/semlex-cote-divoire-certification-artci-1-1024x683.jpg\" class=\"article_thumbnail wp-post-image\" alt=\"\" srcset=\"https:\/\/www.semlex.com\/wp-content\/uploads\/2025\/10\/semlex-cote-divoire-certification-artci-1-1024x683.jpg 1024w, https:\/\/www.semlex.com\/wp-content\/uploads\/2025\/10\/semlex-cote-divoire-certification-artci-1-300x200.jpg 300w, https:\/\/www.semlex.com\/wp-content\/uploads\/2025\/10\/semlex-cote-divoire-certification-artci-1-768x512.jpg 768w, https:\/\/www.semlex.com\/wp-content\/uploads\/2025\/10\/semlex-cote-divoire-certification-artci-1-1536x1024.jpg 1536w, https:\/\/www.semlex.com\/wp-content\/uploads\/2025\/10\/semlex-cote-divoire-certification-artci-1.jpg 1600w\" sizes=\"auto, (max-width: 1024px) 100vw, 1024px\" \/>\t\t\t\t\t\t\t\t\t\t\t\t\t\t\t\t\n\t\t\t\t\t\t\t\t\t\t\t\t\t\t\t\t<div class=\"article_details\">\n\t\t\t\t\t\t\t\t\t\t\t\t\t\t\t\t\t<h3 class=\"article_title\"><a href=\"https:\/\/www.semlex.com\/es\/2025\/10\/02\/certification-artci-pour-semlex\/\">Semlex Costa de Marfil obtiene la certificaci\u00f3n de la ARTCI<\/a><\/h3>\n\t\t\t\t\t\t\t\t\t\t\t\t\t\t\t\t\t<p class=\"article_excerpt\">Semlex Costa de Marfil acaba de alcanzar un hito decisivo en materia de cumplimiento y ciberseguridad: nuestra filial ha recibido oficialmen&#8230;<\/p>\n\t\t\t\t\t\t\t\t\t\t\t\t\t\t\t\t\t<a class=\"article_read_more\"  href=\"https:\/\/www.semlex.com\/es\/2025\/10\/02\/certification-artci-pour-semlex\/\">\n\t\t\t\t\t\t\t\t\t\t\t\t\t\t\t\t\t\t\t\t\t\t\t\t\t\t\t\t\t\t\t\t\t\t<\/a>\n\t\t\t\t\t\t\t\t\t\t\t\t\t\t\t\t<\/div>\n\t\t\t\t\t\t\t\t\t\t\t\t<\/div> \n\t\t\t\t\t\t\t\t\t\t\t\t\t\t\t\t\t\t\t\t\t\t\t<div class=\"swiper-slide post-card\">\n\t\t\t\t\t\t\t\t\t\t\t\t\t\t\t<img loading=\"lazy\" decoding=\"async\" width=\"1024\" height=\"431\" src=\"https:\/\/www.semlex.com\/wp-content\/uploads\/2025\/09\/SEMLEX_ZAMBIA_DGA-1377-x-580-px-1024x431.png\" class=\"article_thumbnail wp-post-image\" alt=\"\" srcset=\"https:\/\/www.semlex.com\/wp-content\/uploads\/2025\/09\/SEMLEX_ZAMBIA_DGA-1377-x-580-px-1024x431.png 1024w, https:\/\/www.semlex.com\/wp-content\/uploads\/2025\/09\/SEMLEX_ZAMBIA_DGA-1377-x-580-px-300x126.png 300w, https:\/\/www.semlex.com\/wp-content\/uploads\/2025\/09\/SEMLEX_ZAMBIA_DGA-1377-x-580-px-768x323.png 768w, https:\/\/www.semlex.com\/wp-content\/uploads\/2025\/09\/SEMLEX_ZAMBIA_DGA-1377-x-580-px.png 1377w\" sizes=\"auto, (max-width: 1024px) 100vw, 1024px\" \/>\t\t\t\t\t\t\t\t\t\t\t\t\t\t\t\t\n\t\t\t\t\t\t\t\t\t\t\t\t\t\t\t\t<div class=\"article_details\">\n\t\t\t\t\t\t\t\t\t\t\t\t\t\t\t\t\t<h3 class=\"article_title\"><a href=\"https:\/\/www.semlex.com\/es\/2025\/09\/23\/digital-government-africa-2025\/\">Digital Government Africa 2025<\/a><\/h3>\n\t\t\t\t\t\t\t\t\t\t\t\t\t\t\t\t\t<p class=\"article_excerpt\">Semlex se complace en anunciar su participaci\u00f3n en DGA2025, un evento de gran relevancia que reunir\u00e1 a m\u00e1s de 30 pa\u00edses africanos y a su&#8230;<\/p>\n\t\t\t\t\t\t\t\t\t\t\t\t\t\t\t\t\t<a class=\"article_read_more\"  href=\"https:\/\/www.semlex.com\/es\/2025\/09\/23\/digital-government-africa-2025\/\">\n\t\t\t\t\t\t\t\t\t\t\t\t\t\t\t\t\t\t\t\t\t\t\t\t\t\t\t\t\t\t\t\t\t\t<\/a>\n\t\t\t\t\t\t\t\t\t\t\t\t\t\t\t\t<\/div>\n\t\t\t\t\t\t\t\t\t\t\t\t<\/div> \n\t\t\t\t\t\t\t\t\t\t\t\t\t\t\t\t<\/div>\n\n\t\t\t\t\t<!-- If we need pagination -->\n\t\t\t\t\t<div class=\"swiper-pagination\"><\/div>\n\t\t\t\t\t<!-- If we need navigation buttons -->\n\t\t\t\t\t<!-- <div class=\"swiper-button-prev\">Next<\/div>\n\t\t\t\t\t<div class=\"swiper-button-next\"><\/div> -->\n\n\t\t\t<\/div>\n\t\t\t\t\t\n\n\t<\/div>\n\n<\/section>\n\n\n\n\n\n\n\n\n\n\n\n\n\n\n\n","protected":false},"excerpt":{"rendered":"","protected":false},"author":4,"featured_media":0,"parent":0,"menu_order":0,"comment_status":"open","ping_status":"open","template":"","meta":{"_acf_changed":false,"footnotes":""},"class_list":["post-12513","page","type-page","status-publish","hentry"],"acf":[],"yoast_head":"<!-- This site is optimized with the Yoast SEO plugin v25.5 - https:\/\/yoast.com\/wordpress\/plugins\/seo\/ -->\n<title>Home - Semlex<\/title>\n<meta name=\"description\" content=\"La misi\u00f3n de Semlex es permitir que cada ciudadano tenga una identidad segura.\" \/>\n<meta name=\"robots\" content=\"index, follow, max-snippet:-1, max-image-preview:large, max-video-preview:-1\" \/>\n<link rel=\"canonical\" href=\"https:\/\/www.semlex.com\/es\/\" \/>\n<meta property=\"og:locale\" content=\"es_ES\" \/>\n<meta property=\"og:type\" content=\"article\" \/>\n<meta property=\"og:title\" content=\"Home - Semlex\" \/>\n<meta property=\"og:description\" content=\"La misi\u00f3n de Semlex es permitir que cada ciudadano tenga una identidad segura.\" \/>\n<meta property=\"og:url\" content=\"https:\/\/www.semlex.com\/es\/\" \/>\n<meta property=\"og:site_name\" content=\"Semlex\" \/>\n<meta property=\"article:publisher\" content=\"https:\/\/www.facebook.com\/semlexgroup\" \/>\n<meta property=\"article:modified_time\" content=\"2025-09-01T12:14:46+00:00\" \/>\n<meta name=\"twitter:card\" content=\"summary_large_image\" \/>\n<script type=\"application\/ld+json\" class=\"yoast-schema-graph\">{\"@context\":\"https:\/\/schema.org\",\"@graph\":[{\"@type\":\"WebPage\",\"@id\":\"https:\/\/www.semlex.com\/es\/\",\"url\":\"https:\/\/www.semlex.com\/es\/\",\"name\":\"Home - Semlex\",\"isPartOf\":{\"@id\":\"https:\/\/www.semlex.com\/#website\"},\"datePublished\":\"2022-07-18T05:55:35+00:00\",\"dateModified\":\"2025-09-01T12:14:46+00:00\",\"description\":\"La misi\u00f3n de Semlex es permitir que cada ciudadano tenga una identidad segura.\",\"breadcrumb\":{\"@id\":\"https:\/\/www.semlex.com\/es\/#breadcrumb\"},\"inLanguage\":\"es\",\"potentialAction\":[{\"@type\":\"ReadAction\",\"target\":[\"https:\/\/www.semlex.com\/es\/\"]}]},{\"@type\":\"BreadcrumbList\",\"@id\":\"https:\/\/www.semlex.com\/es\/#breadcrumb\",\"itemListElement\":[{\"@type\":\"ListItem\",\"position\":1,\"name\":\"Home\",\"item\":\"https:\/\/www.semlex.com\/es\/\"},{\"@type\":\"ListItem\",\"position\":2,\"name\":\"Home\"}]},{\"@type\":\"WebSite\",\"@id\":\"https:\/\/www.semlex.com\/#website\",\"url\":\"https:\/\/www.semlex.com\/\",\"name\":\"Semlex\",\"description\":\"For a secure world\",\"publisher\":{\"@id\":\"https:\/\/www.semlex.com\/#organization\"},\"potentialAction\":[{\"@type\":\"SearchAction\",\"target\":{\"@type\":\"EntryPoint\",\"urlTemplate\":\"https:\/\/www.semlex.com\/?s={search_term_string}\"},\"query-input\":{\"@type\":\"PropertyValueSpecification\",\"valueRequired\":true,\"valueName\":\"search_term_string\"}}],\"inLanguage\":\"es\"},{\"@type\":\"Organization\",\"@id\":\"https:\/\/www.semlex.com\/#organization\",\"name\":\"Semlex\",\"url\":\"https:\/\/www.semlex.com\/\",\"logo\":{\"@type\":\"ImageObject\",\"inLanguage\":\"es\",\"@id\":\"https:\/\/www.semlex.com\/#\/schema\/logo\/image\/\",\"url\":\"https:\/\/www.semlex.com\/wp-content\/uploads\/2022\/12\/logo_semlex.svg\",\"contentUrl\":\"https:\/\/www.semlex.com\/wp-content\/uploads\/2022\/12\/logo_semlex.svg\",\"caption\":\"Semlex\"},\"image\":{\"@id\":\"https:\/\/www.semlex.com\/#\/schema\/logo\/image\/\"},\"sameAs\":[\"https:\/\/www.facebook.com\/semlexgroup\"]}]}<\/script>\n<!-- \/ Yoast SEO plugin. -->","yoast_head_json":{"title":"Home - Semlex","description":"La misi\u00f3n de Semlex es permitir que cada ciudadano tenga una identidad segura.","robots":{"index":"index","follow":"follow","max-snippet":"max-snippet:-1","max-image-preview":"max-image-preview:large","max-video-preview":"max-video-preview:-1"},"canonical":"https:\/\/www.semlex.com\/es\/","og_locale":"es_ES","og_type":"article","og_title":"Home - Semlex","og_description":"La misi\u00f3n de Semlex es permitir que cada ciudadano tenga una identidad segura.","og_url":"https:\/\/www.semlex.com\/es\/","og_site_name":"Semlex","article_publisher":"https:\/\/www.facebook.com\/semlexgroup","article_modified_time":"2025-09-01T12:14:46+00:00","twitter_card":"summary_large_image","schema":{"@context":"https:\/\/schema.org","@graph":[{"@type":"WebPage","@id":"https:\/\/www.semlex.com\/es\/","url":"https:\/\/www.semlex.com\/es\/","name":"Home - Semlex","isPartOf":{"@id":"https:\/\/www.semlex.com\/#website"},"datePublished":"2022-07-18T05:55:35+00:00","dateModified":"2025-09-01T12:14:46+00:00","description":"La misi\u00f3n de Semlex es permitir que cada ciudadano tenga una identidad segura.","breadcrumb":{"@id":"https:\/\/www.semlex.com\/es\/#breadcrumb"},"inLanguage":"es","potentialAction":[{"@type":"ReadAction","target":["https:\/\/www.semlex.com\/es\/"]}]},{"@type":"BreadcrumbList","@id":"https:\/\/www.semlex.com\/es\/#breadcrumb","itemListElement":[{"@type":"ListItem","position":1,"name":"Home","item":"https:\/\/www.semlex.com\/es\/"},{"@type":"ListItem","position":2,"name":"Home"}]},{"@type":"WebSite","@id":"https:\/\/www.semlex.com\/#website","url":"https:\/\/www.semlex.com\/","name":"Semlex","description":"For a secure world","publisher":{"@id":"https:\/\/www.semlex.com\/#organization"},"potentialAction":[{"@type":"SearchAction","target":{"@type":"EntryPoint","urlTemplate":"https:\/\/www.semlex.com\/?s={search_term_string}"},"query-input":{"@type":"PropertyValueSpecification","valueRequired":true,"valueName":"search_term_string"}}],"inLanguage":"es"},{"@type":"Organization","@id":"https:\/\/www.semlex.com\/#organization","name":"Semlex","url":"https:\/\/www.semlex.com\/","logo":{"@type":"ImageObject","inLanguage":"es","@id":"https:\/\/www.semlex.com\/#\/schema\/logo\/image\/","url":"https:\/\/www.semlex.com\/wp-content\/uploads\/2022\/12\/logo_semlex.svg","contentUrl":"https:\/\/www.semlex.com\/wp-content\/uploads\/2022\/12\/logo_semlex.svg","caption":"Semlex"},"image":{"@id":"https:\/\/www.semlex.com\/#\/schema\/logo\/image\/"},"sameAs":["https:\/\/www.facebook.com\/semlexgroup"]}]}},"_links":{"self":[{"href":"https:\/\/www.semlex.com\/es\/wp-json\/wp\/v2\/pages\/12513","targetHints":{"allow":["GET"]}}],"collection":[{"href":"https:\/\/www.semlex.com\/es\/wp-json\/wp\/v2\/pages"}],"about":[{"href":"https:\/\/www.semlex.com\/es\/wp-json\/wp\/v2\/types\/page"}],"author":[{"embeddable":true,"href":"https:\/\/www.semlex.com\/es\/wp-json\/wp\/v2\/users\/4"}],"replies":[{"embeddable":true,"href":"https:\/\/www.semlex.com\/es\/wp-json\/wp\/v2\/comments?post=12513"}],"version-history":[{"count":40,"href":"https:\/\/www.semlex.com\/es\/wp-json\/wp\/v2\/pages\/12513\/revisions"}],"predecessor-version":[{"id":15342,"href":"https:\/\/www.semlex.com\/es\/wp-json\/wp\/v2\/pages\/12513\/revisions\/15342"}],"wp:attachment":[{"href":"https:\/\/www.semlex.com\/es\/wp-json\/wp\/v2\/media?parent=12513"}],"curies":[{"name":"wp","href":"https:\/\/api.w.org\/{rel}","templated":true}]}}